{"id":10450,"date":"2024-04-08T16:56:56","date_gmt":"2024-04-08T19:56:56","guid":{"rendered":"https:\/\/app.cochilco.cl\/web\/?page_id=10450"},"modified":"2024-10-25T18:50:39","modified_gmt":"2024-10-25T21:50:39","slug":"siac","status":"publish","type":"page","link":"https:\/\/www.cochilco.cl\/web\/siac\/","title":{"rendered":"SIAC"},"content":{"rendered":"<div class=\"row\"  id=\"row-1163863252\">\n\n\t<div id=\"col-1643765916\" class=\"col medium-3 small-12 large-3 col-divided\"  >\n\t\t\t\t<div class=\"col-inner\"  >\n\t\t\t\n\t\t\t\n\n<div id='iksm-10455' class='iksm iksm-10455 iksm-container '  data-id='10455' data-is-pro='1' data-source='menu'><div class='iksm-terms'><div class='iksm-terms-tree iksm-terms-tree--level-1 iksm-terms-tree--parents' style=''><div class=\"iksm-terms-tree__inner\">\n        <div class=\"iksm-term iksm-term--id-10454 iksm-term--parent\" data-id=\"10454\">\n            <div class=\"iksm-term__inner\" tabindex='0'>\n                <a class=\"iksm-term__link\" href='https:\/\/www.cochilco.cl\/web\/siac\/' target='_self' tabindex='-1'>\n\t\t\t\t        <span class=\"iksm-term__text\">Enviar Consulta<\/span>\n\t\t            <\/a>\n\t\t\t        <\/div>\n\t\t        <\/div>\n\n\t\t\n        <div class=\"iksm-term iksm-term--id-10486 iksm-term--parent\" data-id=\"10486\">\n            <div class=\"iksm-term__inner\" tabindex='0'>\n                <a class=\"iksm-term__link\" href='https:\/\/www.cochilco.cl\/web\/preguntas-frecuentes\/' target='_self' tabindex='-1'>\n\t\t\t\t        <span class=\"iksm-term__text\">Preguntas Frecuentes<\/span>\n\t\t            <\/a>\n\t\t\t        <\/div>\n\t\t        <\/div>\n\n\t\t\n        <div class=\"iksm-term iksm-term--id-10485 iksm-term--parent\" data-id=\"10485\">\n            <div class=\"iksm-term__inner\" tabindex='0'>\n                <a class=\"iksm-term__link\" href='https:\/\/www.cochilco.cl\/web\/carta-derechos-ciudadanos\/' target='_self' tabindex='-1'>\n\t\t\t\t        <span class=\"iksm-term__text\">Carta Derechos Ciudadanos<\/span>\n\t\t            <\/a>\n\t\t\t        <\/div>\n\t\t        <\/div>\n\n\t\t\n        <div class=\"iksm-term iksm-term--id-11828 iksm-term--parent\" data-id=\"11828\">\n            <div class=\"iksm-term__inner\" tabindex='0'>\n                <a class=\"iksm-term__link\" href='https:\/\/www.bcn.cl\/leychile\/navegar?idNorma=1190750' target='_blank' tabindex='-1'>\n\t\t\t\t        <span class=\"iksm-term__text\">Norma General de Participaci\u00f3n Ciudadana Cochilco<\/span>\n\t\t            <\/a>\n\t\t\t        <\/div>\n\t\t        <\/div>\n\n\t\t\n        <div class=\"iksm-term iksm-term--id-10483 iksm-term--parent\" data-id=\"10483\">\n            <div class=\"iksm-term__inner\" tabindex='0'>\n                <a class=\"iksm-term__link\" href='https:\/\/www.cochilco.cl\/web\/glosario\/' target='_self' tabindex='-1'>\n\t\t\t\t        <span class=\"iksm-term__text\">Glosario<\/span>\n\t\t            <\/a>\n\t\t\t        <\/div>\n\t\t        <\/div>\n\n\t\t\n        <div class=\"iksm-term iksm-term--id-10498 iksm-term--parent\" data-id=\"10498\">\n            <div class=\"iksm-term__inner\" tabindex='0'>\n                <a class=\"iksm-term__link\" href='https:\/\/www.cochilco.cl\/web\/mapa-minero-de-chile\/' target='_self' tabindex='-1'>\n\t\t\t\t        <span class=\"iksm-term__text\">Mapa Minero de Chile<\/span>\n\t\t            <\/a>\n\t\t\t        <\/div>\n\t\t        <\/div>\n\n\t\t<\/div><\/div><\/div><div id=\"iksm_data_args\" class=\"data-args\"  data-collapse_children_terms='' data-collapse_other_terms='' data-collapse_animation_duration='400' data-expand_animation_duration='400' data-toggle_by_item_click=''><\/div><\/div><script id=\"styles-copier-69e17a9d38d32\">\n\t\t\t\/\/ Finding styles element\n\t        var element = document.getElementById(\"iksm-dynamic-style\");\n\t        if (!element) { \/\/ If no element (Cache plugins can remove tag), then creating a new one\n                element = document.createElement('style');\n                var head = document.getElementsByTagName(\"head\")\n                if (head && head[0]) {\n                \thead[0].appendChild(element);\n                } else {\n                  \tconsole.warn(\"Iks Menu | Error while printing styles. Please contact technical support.\");\n                }\n\t        }\n\t\t\t\/\/ Copying styles to <styles> tag\n\t        element.innerHTML += \".iksm-10455 .iksm-terms{transition:all 400ms;animation:iks-fade-in 1000ms;}.iksm-10455 .iksm-terms-tree--children > .iksm-terms-tree__inner{animation:iks-zoom-in 400ms;}.iksm-10455 .iksm-term__inner{background-color:rgba(255,255,255,1);min-height:44px;transition:all 400ms;}.iksm-10455 .iksm-term__inner:hover{background-color:rgba(236,236,236,1);}.iksm-10455 .iksm-term--current > .iksm-term__inner{background-color:rgba(212,212,212,1);}.iksm-10455 .iksm-term__link{color:rgba(0,0,0,1);font-size:15px;line-height:15px;font-weight:400;text-decoration:none;padding-top:5px;padding-right:15px;padding-bottom:5px;padding-left:15px;transition:all 400ms;}.iksm-10455 .iksm-term__inner:hover .iksm-term__link{color:rgba(50,50,50,1);}.iksm-10455 .iksm-term__toggle__inner{transition:transform 400ms}.iksm-10455 .iksm-term--expanded > .iksm-term__inner > .iksm-term__toggle > .iksm-term__toggle__inner{transform:rotate(180deg);}.iksm-10455 .iksm-term__toggle{color:rgba(133,133,133,1);font-size:22px;align-self:stretch;height:unset;;width:40px;transition:all 400ms;}.iksm-10455 .iksm-term__toggle:hover{color:rgba(0,0,0,1);}.iksm-10455 .iksm-term__image-container{width:30px;min-width:30px;height:30px;min-height:30px;margin-right:15px;transition:all 400ms;}.iksm-10455 .iksm-term__image{background-size:contain;background-position:center;background-repeat:no-repeat;}.iksm-10455 .iksm-term__image-container:hover{background-size:contain;background-position:center;background-repeat:no-repeat;}.iksm-10455 .iksm-term__inner:hover .iksm-term__image-container{background-size:contain;background-position:center;background-repeat:no-repeat;}.iksm-10455 .iksm-term__inner:focus .iksm-term__image-container{background-size:contain;background-position:center;background-repeat:no-repeat;}.iksm-10455 .iksm-term--current > .iksm-term__inner .iksm-term__image-container{background-size:contain;background-position:center;background-repeat:no-repeat;}.iksm-10455 .iksm-term--child .iksm-term__inner .iksm-term__image-container{background-size:contain;background-position:center;background-repeat:no-repeat;}.iksm-10455 .iksm-term--child .iksm-term__inner .iksm-term__image-container:hover{background-size:contain;background-position:center;background-repeat:no-repeat;}.iksm-10455 .iksm-term--child .iksm-term__inner .iksm-term__image-container:focus{background-size:contain;background-position:center;background-repeat:no-repeat;}.iksm-10455 .iksm-term--child.iksm-term--current > .iksm-term__inner .iksm-term__image-container{background-size:contain;background-position:center;background-repeat:no-repeat;}.iksm-10455  .iksm-term__text{flex: unset}.iksm-10455 .iksm-term__posts-count{color:rgba(133,133,133,1);font-size:16px;margin-left:10px;font-weight:400;transition:all 400ms;}.iksm-10455 .iksm-term--collapsing > .iksm-terms-tree--children > .iksm-terms-tree__inner{animation:iks-zoom-out 400ms;}\";\n\t        \/\/ Removing this script\n            var this_script = document.getElementById(\"styles-copier-69e17a9d38d32\");\n            if (this_script) { \/\/ Cache plugins can remove tag\n\t            this_script.outerHTML = \"\";\n\t            if (this_script.parentNode) {\n\t                this_script.parentNode.removeChild(this_script);\n\t            }\n            }\n        <\/script>\n\n\t\t<\/div>\n\t\t\t\t\t<\/div>\n\n\t\n\n\t<div id=\"col-783880986\" class=\"col medium-9 small-12 large-9 col-divided\"  >\n\t\t\t\t<div class=\"col-inner\"  >\n\t\t\t\n\t\t\t\n<div class=\"container section-title-container\" ><h3 class=\"section-title section-title-normal\"><b aria-hidden=\"true\"><\/b><span class=\"section-title-main\" >SIAC<\/span><b aria-hidden=\"true\"><\/b><\/h3><\/div>\n<div class=\"col-md-6\">\n<p style=\"text-align: justify;\"><img loading=\"lazy\" decoding=\"async\" class=\"size-full wp-image-10452 alignright\" src=\"https:\/\/app.cochilco.cl\/web\/wp-content\/uploads\/2024\/04\/foto_contacto.jpg\" alt=\"\" width=\"350\" height=\"232\" \/>El Sistema Integral de Informaci\u00f3n y Atenci\u00f3n Ciudadana (SIAC) es el medio que dispone el Estado para que la ciudadan\u00eda establezca comunicaci\u00f3n con las reparticiones p\u00fablicas con el objeto de contribuir a la conformaci\u00f3n de un gobierno moderno, al servicio de los ciudadanos. El SIAC posee espacios de atenci\u00f3n a trav\u00e9s de los cuales los ciudadanos pueden ejercer sus derechos ciudadanos, el cumplimiento de sus deberes, el acceso a productos y servicios que proveen las instituciones (productos estrat\u00e9gicos), la recepci\u00f3n de opiniones acerca de los programas que ofrece y la expresi\u00f3n de sus expectativas y necesidades a trav\u00e9s de reclamos y sugerencias.<\/p>\n<\/div>\n<div class=\"col-md-6\" style=\"text-align: justify;\"><span style=\"color: #555555; font-size: 14.4px;\">\u200bCochilco dispone de cuatro espacios o v\u00edas de atenci\u00f3n &#8211; esto es a trav\u00e9s de la web , correo electr\u00f3nico; en sus oficinas (Agustinas 1161, 4\u00b0 piso, Santiago) y por tel\u00e9fono (562-23828100) &#8211; para dar respuesta a las consultas, sugerencias, reclamos y\/o opiniones que nos hagan llegar nuestros usuarios. Antes de ingresar su consulta revise en el men\u00fa las Preguntas Frecuentes (FAQ) y\/o en el Glosario. Si no encuentra respuesta, ingrese sus datos y su solicitud en el formulario que le presentamos a continuaci\u00f3n. \u200b\u200b\u200b<\/span><\/div>\n\n<p><iframe loading=\"lazy\" src=\"https:\/\/www.cochilco.cl\/SIAC\/form_Consultas\/form_Consultas.php\" width=\"100%\" height=\"600\" style=\"border:none;\"><br \/>\n<\/iframe><br \/>\n\n<a href=\"https:\/\/www.cochilco.cl\/SIAC\/apps_Login\/\" target=\"_blank\" class=\"button primary is-underline is-xxsmall lowercase\" rel=\"noopener\" >\n\t<i class=\"icon-user\" aria-hidden=\"true\"><\/i>\t<span>Administrar SIAC<\/span>\n\t<\/a>\n\n\t\t<\/div>\n\t\t\t\t\t<\/div>\n\n\t\n<\/div>\n","protected":false},"excerpt":{"rendered":"","protected":false},"author":1,"featured_media":0,"parent":0,"menu_order":0,"comment_status":"closed","ping_status":"closed","template":"","meta":{"footnotes":""},"class_list":["post-10450","page","type-page","status-publish","hentry"],"_links":{"self":[{"href":"https:\/\/www.cochilco.cl\/web\/wp-json\/wp\/v2\/pages\/10450","targetHints":{"allow":["GET"]}}],"collection":[{"href":"https:\/\/www.cochilco.cl\/web\/wp-json\/wp\/v2\/pages"}],"about":[{"href":"https:\/\/www.cochilco.cl\/web\/wp-json\/wp\/v2\/types\/page"}],"author":[{"embeddable":true,"href":"https:\/\/www.cochilco.cl\/web\/wp-json\/wp\/v2\/users\/1"}],"replies":[{"embeddable":true,"href":"https:\/\/www.cochilco.cl\/web\/wp-json\/wp\/v2\/comments?post=10450"}],"version-history":[{"count":13,"href":"https:\/\/www.cochilco.cl\/web\/wp-json\/wp\/v2\/pages\/10450\/revisions"}],"predecessor-version":[{"id":12615,"href":"https:\/\/www.cochilco.cl\/web\/wp-json\/wp\/v2\/pages\/10450\/revisions\/12615"}],"wp:attachment":[{"href":"https:\/\/www.cochilco.cl\/web\/wp-json\/wp\/v2\/media?parent=10450"}],"curies":[{"name":"wp","href":"https:\/\/api.w.org\/{rel}","templated":true}]}}