{"id":10458,"date":"2024-04-08T17:02:19","date_gmt":"2024-04-08T20:02:19","guid":{"rendered":"https:\/\/app.cochilco.cl\/web\/?page_id=10458"},"modified":"2024-07-30T13:06:01","modified_gmt":"2024-07-30T16:06:01","slug":"preguntas-frecuentes","status":"publish","type":"page","link":"https:\/\/www.cochilco.cl\/web\/preguntas-frecuentes\/","title":{"rendered":"Preguntas Frecuentes"},"content":{"rendered":"<div class=\"row\"  id=\"row-1823906824\">\n\n\t<div id=\"col-442802548\" class=\"col medium-3 small-12 large-3 col-divided\"  >\n\t\t\t\t<div class=\"col-inner\"  >\n\t\t\t\n\t\t\t\n\n<div id='iksm-10455' class='iksm iksm-10455 iksm-container '  data-id='10455' data-is-pro='1' data-source='menu'><div class='iksm-terms'><div class='iksm-terms-tree iksm-terms-tree--level-1 iksm-terms-tree--parents' style=''><div class=\"iksm-terms-tree__inner\">\n        <div class=\"iksm-term iksm-term--id-10454 iksm-term--parent\" data-id=\"10454\">\n            <div class=\"iksm-term__inner\" tabindex='0'>\n                <a class=\"iksm-term__link\" href='https:\/\/www.cochilco.cl\/web\/siac\/' target='_self' tabindex='-1'>\n\t\t\t\t        <span class=\"iksm-term__text\">Enviar Consulta<\/span>\n\t\t            <\/a>\n\t\t\t        <\/div>\n\t\t        <\/div>\n\n\t\t\n        <div class=\"iksm-term iksm-term--id-10486 iksm-term--parent\" data-id=\"10486\">\n            <div class=\"iksm-term__inner\" tabindex='0'>\n                <a class=\"iksm-term__link\" href='https:\/\/www.cochilco.cl\/web\/preguntas-frecuentes\/' target='_self' tabindex='-1'>\n\t\t\t\t        <span class=\"iksm-term__text\">Preguntas Frecuentes<\/span>\n\t\t            <\/a>\n\t\t\t        <\/div>\n\t\t        <\/div>\n\n\t\t\n        <div class=\"iksm-term iksm-term--id-10485 iksm-term--parent\" data-id=\"10485\">\n            <div class=\"iksm-term__inner\" tabindex='0'>\n                <a class=\"iksm-term__link\" href='https:\/\/www.cochilco.cl\/web\/carta-derechos-ciudadanos\/' target='_self' tabindex='-1'>\n\t\t\t\t        <span class=\"iksm-term__text\">Carta Derechos Ciudadanos<\/span>\n\t\t            <\/a>\n\t\t\t        <\/div>\n\t\t        <\/div>\n\n\t\t\n        <div class=\"iksm-term iksm-term--id-11828 iksm-term--parent\" data-id=\"11828\">\n            <div class=\"iksm-term__inner\" tabindex='0'>\n                <a class=\"iksm-term__link\" href='https:\/\/www.bcn.cl\/leychile\/navegar?idNorma=1190750' target='_blank' tabindex='-1'>\n\t\t\t\t        <span class=\"iksm-term__text\">Norma General de Participaci\u00f3n Ciudadana Cochilco<\/span>\n\t\t            <\/a>\n\t\t\t        <\/div>\n\t\t        <\/div>\n\n\t\t\n        <div class=\"iksm-term iksm-term--id-10483 iksm-term--parent\" data-id=\"10483\">\n            <div class=\"iksm-term__inner\" tabindex='0'>\n                <a class=\"iksm-term__link\" href='https:\/\/www.cochilco.cl\/web\/glosario\/' target='_self' tabindex='-1'>\n\t\t\t\t        <span class=\"iksm-term__text\">Glosario<\/span>\n\t\t            <\/a>\n\t\t\t        <\/div>\n\t\t        <\/div>\n\n\t\t\n        <div class=\"iksm-term iksm-term--id-10498 iksm-term--parent\" data-id=\"10498\">\n            <div class=\"iksm-term__inner\" tabindex='0'>\n                <a class=\"iksm-term__link\" href='https:\/\/www.cochilco.cl\/web\/mapa-minero-de-chile\/' target='_self' tabindex='-1'>\n\t\t\t\t        <span class=\"iksm-term__text\">Mapa Minero de Chile<\/span>\n\t\t            <\/a>\n\t\t\t        <\/div>\n\t\t        <\/div>\n\n\t\t<\/div><\/div><\/div><div id=\"iksm_data_args\" class=\"data-args\"  data-collapse_children_terms='' data-collapse_other_terms='' data-collapse_animation_duration='400' data-expand_animation_duration='400' data-toggle_by_item_click=''><\/div><\/div><script id=\"styles-copier-69d015ce548b0\">\n\t\t\t\/\/ Finding styles element\n\t        var element = document.getElementById(\"iksm-dynamic-style\");\n\t        if (!element) { \/\/ If no element (Cache plugins can remove tag), then creating a new one\n                element = document.createElement('style');\n                var head = document.getElementsByTagName(\"head\")\n                if (head && head[0]) {\n                \thead[0].appendChild(element);\n                } else {\n                  \tconsole.warn(\"Iks Menu | Error while printing styles. Please contact technical support.\");\n                }\n\t        }\n\t\t\t\/\/ Copying styles to <styles> tag\n\t        element.innerHTML += \".iksm-10455 .iksm-terms{transition:all 400ms;animation:iks-fade-in 1000ms;}.iksm-10455 .iksm-terms-tree--children > .iksm-terms-tree__inner{animation:iks-zoom-in 400ms;}.iksm-10455 .iksm-term__inner{background-color:rgba(255,255,255,1);min-height:44px;transition:all 400ms;}.iksm-10455 .iksm-term__inner:hover{background-color:rgba(236,236,236,1);}.iksm-10455 .iksm-term--current > .iksm-term__inner{background-color:rgba(212,212,212,1);}.iksm-10455 .iksm-term__link{color:rgba(0,0,0,1);font-size:15px;line-height:15px;font-weight:400;text-decoration:none;padding-top:5px;padding-right:15px;padding-bottom:5px;padding-left:15px;transition:all 400ms;}.iksm-10455 .iksm-term__inner:hover .iksm-term__link{color:rgba(50,50,50,1);}.iksm-10455 .iksm-term__toggle__inner{transition:transform 400ms}.iksm-10455 .iksm-term--expanded > .iksm-term__inner > .iksm-term__toggle > .iksm-term__toggle__inner{transform:rotate(180deg);}.iksm-10455 .iksm-term__toggle{color:rgba(133,133,133,1);font-size:22px;align-self:stretch;height:unset;;width:40px;transition:all 400ms;}.iksm-10455 .iksm-term__toggle:hover{color:rgba(0,0,0,1);}.iksm-10455 .iksm-term__image-container{width:30px;min-width:30px;height:30px;min-height:30px;margin-right:15px;transition:all 400ms;}.iksm-10455 .iksm-term__image{background-size:contain;background-position:center;background-repeat:no-repeat;}.iksm-10455 .iksm-term__image-container:hover{background-size:contain;background-position:center;background-repeat:no-repeat;}.iksm-10455 .iksm-term__inner:hover .iksm-term__image-container{background-size:contain;background-position:center;background-repeat:no-repeat;}.iksm-10455 .iksm-term__inner:focus .iksm-term__image-container{background-size:contain;background-position:center;background-repeat:no-repeat;}.iksm-10455 .iksm-term--current > .iksm-term__inner .iksm-term__image-container{background-size:contain;background-position:center;background-repeat:no-repeat;}.iksm-10455 .iksm-term--child .iksm-term__inner .iksm-term__image-container{background-size:contain;background-position:center;background-repeat:no-repeat;}.iksm-10455 .iksm-term--child .iksm-term__inner .iksm-term__image-container:hover{background-size:contain;background-position:center;background-repeat:no-repeat;}.iksm-10455 .iksm-term--child .iksm-term__inner .iksm-term__image-container:focus{background-size:contain;background-position:center;background-repeat:no-repeat;}.iksm-10455 .iksm-term--child.iksm-term--current > .iksm-term__inner .iksm-term__image-container{background-size:contain;background-position:center;background-repeat:no-repeat;}.iksm-10455  .iksm-term__text{flex: unset}.iksm-10455 .iksm-term__posts-count{color:rgba(133,133,133,1);font-size:16px;margin-left:10px;font-weight:400;transition:all 400ms;}.iksm-10455 .iksm-term--collapsing > .iksm-terms-tree--children > .iksm-terms-tree__inner{animation:iks-zoom-out 400ms;}\";\n\t        \/\/ Removing this script\n            var this_script = document.getElementById(\"styles-copier-69d015ce548b0\");\n            if (this_script) { \/\/ Cache plugins can remove tag\n\t            this_script.outerHTML = \"\";\n\t            if (this_script.parentNode) {\n\t                this_script.parentNode.removeChild(this_script);\n\t            }\n            }\n        <\/script>\n\n\t\t<\/div>\n\t\t\t\t\t<\/div>\n\n\t\n\n\t<div id=\"col-1699850230\" class=\"col medium-9 small-12 large-9 col-divided\"  >\n\t\t\t\t<div class=\"col-inner\"  >\n\t\t\t\n\t\t\t\n<div class=\"container section-title-container\" ><h3 class=\"section-title section-title-normal\"><b aria-hidden=\"true\"><\/b><span class=\"section-title-main\" >Preguntas Frecuentes<\/span><b aria-hidden=\"true\"><\/b><\/h3><\/div>\n<div class=\"accordion\">\n\t<div id=\"accordion-3876063022\" class=\"accordion-item\">\n\t\t<a id=\"accordion-3876063022-label\" class=\"accordion-title plain active\" href=\"#accordion-item-\u00bfqu\u00e9-significa-cochilco?\" aria-expanded=\"true\" aria-controls=\"accordion-3876063022-content\">\n\t\t\t<button class=\"toggle\" aria-label=\"Toggle\"><i class=\"icon-angle-down\" aria-hidden=\"true\"><\/i><\/button>\n\t\t\t<span>\u00bfQu\u00e9 significa COCHILCO?<\/span>\n\t\t<\/a>\n\t\t<div id=\"accordion-3876063022-content\" class=\"accordion-inner\" style=\"display: block;\" aria-labelledby=\"accordion-3876063022-label\">\n\t\t\t\n<p>COCHILCO significa Comisi\u00f3n Chilena del Cobre<\/p>\n\t\t<\/div>\n\t<\/div>\n\t\n\t<div id=\"accordion-1583885033\" class=\"accordion-item\">\n\t\t<a id=\"accordion-1583885033-label\" class=\"accordion-title plain\" href=\"#accordion-item-\u00bfcu\u00e1ndo-fue-creada?\" aria-expanded=\"false\" aria-controls=\"accordion-1583885033-content\">\n\t\t\t<button class=\"toggle\" aria-label=\"Toggle\"><i class=\"icon-angle-down\" aria-hidden=\"true\"><\/i><\/button>\n\t\t\t<span>\u00bfCu\u00e1ndo fue creada?<\/span>\n\t\t<\/a>\n\t\t<div id=\"accordion-1583885033-content\" class=\"accordion-inner\" aria-labelledby=\"accordion-1583885033-label\">\n\t\t\t\n<article>\n<div class=\"block\">\n<p>Fue creada el 1 de abril de 1976, bajo el decreto ley Nro. 1.349.<\/p>\n<\/div>\n<\/article>\n<article><\/article>\n\t\t<\/div>\n\t<\/div>\n\t\n\t<div id=\"accordion-673939967\" class=\"accordion-item\">\n\t\t<a id=\"accordion-673939967-label\" class=\"accordion-title plain\" href=\"#accordion-item-\u00bfcu\u00e1l-es-su-misi\u00f3n?\" aria-expanded=\"false\" aria-controls=\"accordion-673939967-content\">\n\t\t\t<button class=\"toggle\" aria-label=\"Toggle\"><i class=\"icon-angle-down\" aria-hidden=\"true\"><\/i><\/button>\n\t\t\t<span>\u00bfCu\u00e1l es su misi\u00f3n?<\/span>\n\t\t<\/a>\n\t\t<div id=\"accordion-673939967-content\" class=\"accordion-inner\" aria-labelledby=\"accordion-673939967-label\">\n\t\t\t\n<p style=\"text-align: justify;\">\u201cContribuir\u00a0 al desarrollo sostenible de la industria minera en Chile, resguardando los intereses y recursos del Estado y\u00a0 la creaci\u00f3n de valor p\u00fablico, a trav\u00e9s de la fiscalizaci\u00f3n, evaluaci\u00f3n de proyectos, la asesor\u00eda t\u00e9cnica al Gobierno y la elaboraci\u00f3n de informaci\u00f3n confiable y oportuna, con un equipo que trabaja con profesionalismo, transparencia y equidad\u201d.<\/p>\n\t\t<\/div>\n\t<\/div>\n\t\n\t<div id=\"accordion-2747558128\" class=\"accordion-item\">\n\t\t<a id=\"accordion-2747558128-label\" class=\"accordion-title plain\" href=\"#accordion-item-\u00bfcu\u00e1les-son-sus-objetivos-estrat\u00e9gicos?\" aria-expanded=\"false\" aria-controls=\"accordion-2747558128-content\">\n\t\t\t<button class=\"toggle\" aria-label=\"Toggle\"><i class=\"icon-angle-down\" aria-hidden=\"true\"><\/i><\/button>\n\t\t\t<span>\u00bfCu\u00e1les son sus objetivos estrat\u00e9gicos?<\/span>\n\t\t<\/a>\n\t\t<div id=\"accordion-2747558128-content\" class=\"accordion-inner\" aria-labelledby=\"accordion-2747558128-label\">\n\t\t\t\n<ul>\n<li style=\"text-align: justify;\">Proporcionar al Gobierno asesor\u00eda t\u00e9cnica especializada para el dise\u00f1o, implementaci\u00f3n y monitoreo de pol\u00edticas p\u00fablicas y en el control de la comercializaci\u00f3n de cobre y sus subproductos.<\/li>\n<li style=\"text-align: justify;\">Proporcionar asesor\u00eda t\u00e9cnica especializada en materia de litio, con \u00e9nfasis en el uso eficiente y eficaz de los recursos p\u00fablicos destinados a dicha materia.<\/li>\n<li style=\"text-align: justify;\">Fiscalizar y evaluar las inversiones y gesti\u00f3n de las empresas mineras del Estado, en t\u00e9rminos de transparencia, eficacia y eficiencia en el uso de sus recursos.<\/li>\n<\/ul>\n\t\t<\/div>\n\t<\/div>\n\t\n\t<div id=\"accordion-1131653099\" class=\"accordion-item\">\n\t\t<a id=\"accordion-1131653099-label\" class=\"accordion-title plain\" href=\"#accordion-item-\u00bfcu\u00e1ntas-personas-trabajan-en-cochilco?\" aria-expanded=\"false\" aria-controls=\"accordion-1131653099-content\">\n\t\t\t<button class=\"toggle\" aria-label=\"Toggle\"><i class=\"icon-angle-down\" aria-hidden=\"true\"><\/i><\/button>\n\t\t\t<span>\u00bfCu\u00e1ntas personas trabajan en COCHILCO?<\/span>\n\t\t<\/a>\n\t\t<div id=\"accordion-1131653099-content\" class=\"accordion-inner\" aria-labelledby=\"accordion-1131653099-label\">\n\t\t\t\n<p style=\"text-align: justify;\">En Cochilco trabajan cerca de 90 personas entre administrativos, economistas, ingenieros, ge\u00f3logos y abogados, quienes est\u00e1n altamente comprometidos con el desarrollo de una gesti\u00f3n eficiente y de calidad.<\/p>\n\t\t<\/div>\n\t<\/div>\n\t\n\t<div id=\"accordion-1151274448\" class=\"accordion-item\">\n\t\t<a id=\"accordion-1151274448-label\" class=\"accordion-title plain\" href=\"#accordion-item-\u00bfcu\u00e1l-es-su-organigrama?\" aria-expanded=\"false\" aria-controls=\"accordion-1151274448-content\">\n\t\t\t<button class=\"toggle\" aria-label=\"Toggle\"><i class=\"icon-angle-down\" aria-hidden=\"true\"><\/i><\/button>\n\t\t\t<span>\u00bfCu\u00e1l es su organigrama?<\/span>\n\t\t<\/a>\n\t\t<div id=\"accordion-1151274448-content\" class=\"accordion-inner\" aria-labelledby=\"accordion-1151274448-label\">\n\t\t\t\n<article>\n<div class=\"block\">\n<p><a href=\"https:\/\/app.cochilco.cl\/web\/organigrama\/\" target=\"_blank\" rel=\"noopener\">Ver Organigrama<\/a><\/p>\n<\/div>\n<\/article>\n<article><\/article>\n\t\t<\/div>\n\t<\/div>\n\t\n\t<div id=\"accordion-915174895\" class=\"accordion-item\">\n\t\t<a id=\"accordion-915174895-label\" class=\"accordion-title plain\" href=\"#accordion-item-\u00bfc\u00f3mo-contactarse-con-cochilco?\" aria-expanded=\"false\" aria-controls=\"accordion-915174895-content\">\n\t\t\t<button class=\"toggle\" aria-label=\"Toggle\"><i class=\"icon-angle-down\" aria-hidden=\"true\"><\/i><\/button>\n\t\t\t<span>\u00bfC\u00f3mo contactarse con COCHILCO?<\/span>\n\t\t<\/a>\n\t\t<div id=\"accordion-915174895-content\" class=\"accordion-inner\" aria-labelledby=\"accordion-915174895-label\">\n\t\t\t\n<p style=\"text-align: justify;\">Cochilco posee un Sistema de Informaci\u00f3n y Atenci\u00f3n Ciudadana (SIAC) a trav\u00e9s del cual se pueden canalizar todas las consultas, reclamos, sugerencias y\/o opiniones que el ciudadano tenga acerca de la labor de la instituci\u00f3n o sobre el sector minero en general.<\/p>\n<p>Para ello, el usuario puede dirigirse a:<\/p>\n<p>Agustinas 1161, 4\u00b0 piso. Casilla 9493 Santiago, Chile<br \/>Tel\u00e9fono: 56 (2) 23828100<br \/>E-mail: cochilco@cochilco.cl<br \/>Web: www.cochilco.cl<\/p>\n\t\t<\/div>\n\t<\/div>\n\t\n\t<div id=\"accordion-2773918960\" class=\"accordion-item\">\n\t\t<a id=\"accordion-2773918960-label\" class=\"accordion-title plain\" href=\"#accordion-item-\u00bfd\u00f3nde-puedo-obtener-los-valores-diarios-del-cobre?\" aria-expanded=\"false\" aria-controls=\"accordion-2773918960-content\">\n\t\t\t<button class=\"toggle\" aria-label=\"Toggle\"><i class=\"icon-angle-down\" aria-hidden=\"true\"><\/i><\/button>\n\t\t\t<span>\u00bfD\u00f3nde puedo obtener los valores diarios del cobre?<\/span>\n\t\t<\/a>\n\t\t<div id=\"accordion-2773918960-content\" class=\"accordion-inner\" aria-labelledby=\"accordion-2773918960-label\">\n\t\t\t\n<p style=\"text-align: justify;\">Los valores diarios del cobre se pueden obtener directamente desde la p\u00e1gina web de Cochilco, del link\u00a0<a href=\"https:\/\/app.cochilco.cl\/web\/la-rueda-diaria\/\" target=\"_blank\" rel=\"noopener\"><strong>La Rueda<\/strong><\/a>, o bien contact\u00e1ndose al tel\u00e9fono: 56 2 23828100\u200b.<\/p>\n\t\t<\/div>\n\t<\/div>\n\t\n\t<div id=\"accordion-261446032\" class=\"accordion-item\">\n\t\t<a id=\"accordion-261446032-label\" class=\"accordion-title plain\" href=\"#accordion-item-\u00bfc\u00f3mo-puedo-obtener-las-ruedas-de-d\u00edas-anteriores?\" aria-expanded=\"false\" aria-controls=\"accordion-261446032-content\">\n\t\t\t<button class=\"toggle\" aria-label=\"Toggle\"><i class=\"icon-angle-down\" aria-hidden=\"true\"><\/i><\/button>\n\t\t\t<span>\u00bfC\u00f3mo puedo obtener las Ruedas de d\u00edas anteriores?<\/span>\n\t\t<\/a>\n\t\t<div id=\"accordion-261446032-content\" class=\"accordion-inner\" aria-labelledby=\"accordion-261446032-label\">\n\t\t\t\n<p style=\"text-align: justify;\">Para obtener La Rueda de alg\u00fan d\u00eda o a\u00f1o anterior, en particular, se puede contactar al fono 56 2 23828100 \u200bo bien enviar un correo electr\u00f3nico a cochilco@cochilco.cl y hacer su solicitud.<\/p>\n\t\t<\/div>\n\t<\/div>\n\t\n\t<div id=\"accordion-3305121238\" class=\"accordion-item\">\n\t\t<a id=\"accordion-3305121238-label\" class=\"accordion-title plain\" href=\"#accordion-item-\u00bfc\u00f3mo-puedo-postular-a-un-cargo-dentro-de-cochilco?\" aria-expanded=\"false\" aria-controls=\"accordion-3305121238-content\">\n\t\t\t<button class=\"toggle\" aria-label=\"Toggle\"><i class=\"icon-angle-down\" aria-hidden=\"true\"><\/i><\/button>\n\t\t\t<span>\u00bfC\u00f3mo puedo postular a un cargo dentro de COCHILCO?<\/span>\n\t\t<\/a>\n\t\t<div id=\"accordion-3305121238-content\" class=\"accordion-inner\" aria-labelledby=\"accordion-3305121238-label\">\n\t\t\t\n<article>\n<div class=\"block\">\n<p style=\"text-align: justify;\">Las ofertas laborales se publican en\u00a0<a href=\"http:\/\/www.empleospublicos.cl\/\">www.empleospublicos.cl<\/a>\u00a0o en la p\u00e1gina web de Cochilco.\u200b<\/p>\n<\/div>\n<\/article>\n<article><\/article>\n\t\t<\/div>\n\t<\/div>\n\t\n\t<div id=\"accordion-2042624925\" class=\"accordion-item\">\n\t\t<a id=\"accordion-2042624925-label\" class=\"accordion-title plain\" href=\"#accordion-item-\u00bfcu\u00e1l-es-el-valor-del-certificado-de-origen?\" aria-expanded=\"false\" aria-controls=\"accordion-2042624925-content\">\n\t\t\t<button class=\"toggle\" aria-label=\"Toggle\"><i class=\"icon-angle-down\" aria-hidden=\"true\"><\/i><\/button>\n\t\t\t<span>\u00bfCu\u00e1l es el valor del certificado de origen?<\/span>\n\t\t<\/a>\n\t\t<div id=\"accordion-2042624925-content\" class=\"accordion-inner\" aria-labelledby=\"accordion-2042624925-label\">\n\t\t\t\n<article>\n<div class=\"block\">\n<article>\n<div class=\"block\">\n<p style=\"text-align: justify;\">El valor del Certificado de Origen var\u00eda todos los meses.\u00a0\u00a0Para conocer el valor del\u00a0mes enviar solicitud al correo electr\u00f3nico\u00a0<a href=\"mailto:certificaciondeorigen@cochilco.cl\">certificaciondeori\u200bgen@cochilco.cl<\/a>\u200b.<\/p>\n<\/div>\n<\/article>\n<article><\/article>\n<\/div>\n<\/article>\n<article><\/article>\n\t\t<\/div>\n\t<\/div>\n\t\n\t<div id=\"accordion-1921875022\" class=\"accordion-item\">\n\t\t<a id=\"accordion-1921875022-label\" class=\"accordion-title plain\" href=\"#accordion-item-\u00bfc\u00f3mo-puedo-ser-exportador-de-cobre-u-otro-mineral?\" aria-expanded=\"false\" aria-controls=\"accordion-1921875022-content\">\n\t\t\t<button class=\"toggle\" aria-label=\"Toggle\"><i class=\"icon-angle-down\" aria-hidden=\"true\"><\/i><\/button>\n\t\t\t<span>\u00bfC\u00f3mo puedo ser exportador de cobre u otro mineral?<\/span>\n\t\t<\/a>\n\t\t<div id=\"accordion-1921875022-content\" class=\"accordion-inner\" aria-labelledby=\"accordion-1921875022-label\">\n\t\t\t\n<article>\n<div class=\"block\">\n<article>\n<div class=\"block\">\n<p>Puede encontrar la informaci\u00f3n para registrarse como exportador en el siguiente\u00a0<a href=\"https:\/\/www.chileatiende.gob.cl\/fichas\/ver\/45043\">link\u200b<\/a><\/p>\n<\/div>\n<\/article>\n<article><\/article>\n<\/div>\n<\/article>\n<article><\/article>\n\t\t<\/div>\n\t<\/div>\n\t\n\t<div id=\"accordion-1179297842\" class=\"accordion-item\">\n\t\t<a id=\"accordion-1179297842-label\" class=\"accordion-title plain\" href=\"#accordion-item-\u00bfcochilco-cuenta-con-biblioteca-para-p\u00fablico-en-general?\" aria-expanded=\"false\" aria-controls=\"accordion-1179297842-content\">\n\t\t\t<button class=\"toggle\" aria-label=\"Toggle\"><i class=\"icon-angle-down\" aria-hidden=\"true\"><\/i><\/button>\n\t\t\t<span>\u00bfCOCHILCO cuenta con biblioteca para p\u00fablico en general?<\/span>\n\t\t<\/a>\n\t\t<div id=\"accordion-1179297842-content\" class=\"accordion-inner\" aria-labelledby=\"accordion-1179297842-label\">\n\t\t\t\n<article>\n<div class=\"block\">\n<section class=\"accordion1\">\n<article>\n<div class=\"block\">\n<p style=\"text-align: justify;\">Cochilco no cuenta con una biblioteca para la atenci\u00f3n de p\u00fablico en general.<\/p>\n<\/div>\n<\/article>\n<\/section>\n<\/div>\n<\/article>\n<article><\/article>\n\t\t<\/div>\n\t<\/div>\n\t\n<\/div>\n\t\t<\/div>\n\t\t\t\t\t<\/div>\n\n\t\n<\/div>\n","protected":false},"excerpt":{"rendered":"","protected":false},"author":1,"featured_media":0,"parent":0,"menu_order":0,"comment_status":"closed","ping_status":"closed","template":"","meta":{"footnotes":""},"class_list":["post-10458","page","type-page","status-publish","hentry"],"_links":{"self":[{"href":"https:\/\/www.cochilco.cl\/web\/wp-json\/wp\/v2\/pages\/10458","targetHints":{"allow":["GET"]}}],"collection":[{"href":"https:\/\/www.cochilco.cl\/web\/wp-json\/wp\/v2\/pages"}],"about":[{"href":"https:\/\/www.cochilco.cl\/web\/wp-json\/wp\/v2\/types\/page"}],"author":[{"embeddable":true,"href":"https:\/\/www.cochilco.cl\/web\/wp-json\/wp\/v2\/users\/1"}],"replies":[{"embeddable":true,"href":"https:\/\/www.cochilco.cl\/web\/wp-json\/wp\/v2\/comments?post=10458"}],"version-history":[{"count":12,"href":"https:\/\/www.cochilco.cl\/web\/wp-json\/wp\/v2\/pages\/10458\/revisions"}],"predecessor-version":[{"id":11821,"href":"https:\/\/www.cochilco.cl\/web\/wp-json\/wp\/v2\/pages\/10458\/revisions\/11821"}],"wp:attachment":[{"href":"https:\/\/www.cochilco.cl\/web\/wp-json\/wp\/v2\/media?parent=10458"}],"curies":[{"name":"wp","href":"https:\/\/api.w.org\/{rel}","templated":true}]}}