{"id":10594,"date":"2024-04-09T15:49:41","date_gmt":"2024-04-09T18:49:41","guid":{"rendered":"https:\/\/app.cochilco.cl\/web\/?page_id=10594"},"modified":"2024-04-09T15:50:34","modified_gmt":"2024-04-09T18:50:34","slug":"politicas-de-privacidad-y-proteccion-de-la-informacion","status":"publish","type":"page","link":"https:\/\/www.cochilco.cl\/web\/politicas-de-privacidad-y-proteccion-de-la-informacion\/","title":{"rendered":"Pol\u00edticas de Privacidad y Protecci\u00f3n de la Informaci\u00f3n"},"content":{"rendered":"\n<div class=\"row\"  id=\"row-1548246063\">\n\n\n\t<div id=\"col-2041425376\" class=\"col medium-3 small-12 large-3 col-divided\"  >\n\t\t\t\t<div class=\"col-inner\"  >\n\t\t\t\n\t\t\t\n\n\n\n<div id='iksm-10599' class='iksm iksm-10599 iksm-container '  data-id='10599' data-is-pro='1' data-source='menu'><div class='iksm-terms'><div class='iksm-terms-tree iksm-terms-tree--level-1 iksm-terms-tree--parents' style=''><div class=\"iksm-terms-tree__inner\">\n        <div class=\"iksm-term iksm-term--id-10606 iksm-term--parent\" data-id=\"10606\">\n            <div class=\"iksm-term__inner\" tabindex='0'>\n                <a class=\"iksm-term__link\" href='https:\/\/www.cochilco.cl\/web\/politicas-de-privacidad-y-proteccion-de-la-informacion\/' target='_self' tabindex='-1'>\n\t\t\t\t        <span class=\"iksm-term__text\">Pol\u00edticas de Privacidad y Protecci\u00f3n de la Informaci\u00f3n<\/span>\n\t\t            <\/a>\n\t\t\t        <\/div>\n\t\t        <\/div>\n\n\t\t\n        <div class=\"iksm-term iksm-term--id-10605 iksm-term--parent\" data-id=\"10605\">\n            <div class=\"iksm-term__inner\" tabindex='0'>\n                <a class=\"iksm-term__link\" href='https:\/\/www.cochilco.cl\/web\/mapa-del-sitio\/' target='_self' tabindex='-1'>\n\t\t\t\t        <span class=\"iksm-term__text\">Mapa del Sitio<\/span>\n\t\t            <\/a>\n\t\t\t        <\/div>\n\t\t        <\/div>\n\n\t\t\n        <div class=\"iksm-term iksm-term--id-10613 iksm-term--parent\" data-id=\"10613\">\n            <div class=\"iksm-term__inner\" tabindex='0'>\n                <a class=\"iksm-term__link\" href='https:\/\/www.cochilco.cl\/web\/sitios-de-interes\/' target='_self' tabindex='-1'>\n\t\t\t\t        <span class=\"iksm-term__text\">Sitios de Inter\u00e9s<\/span>\n\t\t            <\/a>\n\t\t\t        <\/div>\n\t\t        <\/div>\n\n\t\t<\/div><\/div><\/div><div id=\"iksm_data_args\" class=\"data-args\"  data-collapse_children_terms='' data-collapse_other_terms='' data-collapse_animation_duration='400' data-expand_animation_duration='400' data-toggle_by_item_click=''><\/div><\/div><script id=\"styles-copier-69dec2fa3bbd5\">\n\t\t\t\/\/ Finding styles element\n\t        var element = document.getElementById(\"iksm-dynamic-style\");\n\t        if (!element) { \/\/ If no element (Cache plugins can remove tag), then creating a new one\n                element = document.createElement('style');\n                var head = document.getElementsByTagName(\"head\")\n                if (head && head[0]) {\n                \thead[0].appendChild(element);\n                } else {\n                  \tconsole.warn(\"Iks Menu | Error while printing styles. Please contact technical support.\");\n                }\n\t        }\n\t\t\t\/\/ Copying styles to <styles> tag\n\t        element.innerHTML += \".iksm-10599 .iksm-terms{transition:all 400ms;animation:iks-fade-in 1000ms;}.iksm-10599 .iksm-terms-tree--children > .iksm-terms-tree__inner{animation:iks-zoom-in 400ms;}.iksm-10599 .iksm-term__inner{background-color:rgba(255,255,255,1);min-height:44px;transition:all 400ms;}.iksm-10599 .iksm-term__inner:hover{background-color:rgba(236,236,236,1);}.iksm-10599 .iksm-term--current > .iksm-term__inner{background-color:rgba(212,212,212,1);}.iksm-10599 .iksm-term__link{color:rgba(0,0,0,1);font-size:15px;line-height:15px;font-weight:400;text-decoration:none;padding-top:5px;padding-right:15px;padding-bottom:5px;padding-left:15px;transition:all 400ms;}.iksm-10599 .iksm-term__inner:hover .iksm-term__link{color:rgba(50,50,50,1);}.iksm-10599 .iksm-term__toggle__inner{transition:transform 400ms}.iksm-10599 .iksm-term--expanded > .iksm-term__inner > .iksm-term__toggle > .iksm-term__toggle__inner{transform:rotate(180deg);}.iksm-10599 .iksm-term__toggle{color:rgba(133,133,133,1);font-size:22px;align-self:stretch;height:unset;;width:40px;transition:all 400ms;}.iksm-10599 .iksm-term__toggle:hover{color:rgba(0,0,0,1);}.iksm-10599 .iksm-term__image-container{width:30px;min-width:30px;height:30px;min-height:30px;margin-right:15px;transition:all 400ms;}.iksm-10599 .iksm-term__image{background-size:contain;background-position:center;background-repeat:no-repeat;}.iksm-10599 .iksm-term__image-container:hover{background-size:contain;background-position:center;background-repeat:no-repeat;}.iksm-10599 .iksm-term__inner:hover .iksm-term__image-container{background-size:contain;background-position:center;background-repeat:no-repeat;}.iksm-10599 .iksm-term__inner:focus .iksm-term__image-container{background-size:contain;background-position:center;background-repeat:no-repeat;}.iksm-10599 .iksm-term--current > .iksm-term__inner .iksm-term__image-container{background-size:contain;background-position:center;background-repeat:no-repeat;}.iksm-10599 .iksm-term--child .iksm-term__inner .iksm-term__image-container{background-size:contain;background-position:center;background-repeat:no-repeat;}.iksm-10599 .iksm-term--child .iksm-term__inner .iksm-term__image-container:hover{background-size:contain;background-position:center;background-repeat:no-repeat;}.iksm-10599 .iksm-term--child .iksm-term__inner .iksm-term__image-container:focus{background-size:contain;background-position:center;background-repeat:no-repeat;}.iksm-10599 .iksm-term--child.iksm-term--current > .iksm-term__inner .iksm-term__image-container{background-size:contain;background-position:center;background-repeat:no-repeat;}.iksm-10599  .iksm-term__text{flex: unset}.iksm-10599 .iksm-term__posts-count{color:rgba(133,133,133,1);font-size:16px;margin-left:10px;font-weight:400;transition:all 400ms;}.iksm-10599 .iksm-term--collapsing > .iksm-terms-tree--children > .iksm-terms-tree__inner{animation:iks-zoom-out 400ms;}\";\n\t        \/\/ Removing this script\n            var this_script = document.getElementById(\"styles-copier-69dec2fa3bbd5\");\n            if (this_script) { \/\/ Cache plugins can remove tag\n\t            this_script.outerHTML = \"\";\n\t            if (this_script.parentNode) {\n\t                this_script.parentNode.removeChild(this_script);\n\t            }\n            }\n        <\/script>\n\n\n\t\t<\/div>\n\t\t\t\t\t<\/div>\n\n\t\n\n\t<div id=\"col-2124155368\" class=\"col medium-9 small-12 large-9 col-divided\"  >\n\t\t\t\t<div class=\"col-inner\"  >\n\t\t\t\n\t\t\t\n\n<div class=\"container section-title-container\" ><h3 class=\"section-title section-title-normal\"><b aria-hidden=\"true\"><\/b><span class=\"section-title-main\" >Pol\u00edticas de Privacidad y Protecci\u00f3n de la Informaci\u00f3n<\/span><b aria-hidden=\"true\"><\/b><\/h3><\/div>\n\n<p style=\"text-align: justify;\">Cochilco lleva un registro con la informaci\u00f3n obtenida en el formulario del &#8220;Sistema Integral de Informaci\u00f3n y Atenci\u00f3n Ciudadana&#8221; y en el &#8220;Formulario de Registro&#8221; para recibir el Newsletter, con el prop\u00f3sito de dar respuestas a sus solicitudes. La entrega de datos personales a este sitio, a trav\u00e9s de estos formularios, es totalmente voluntaria. Este sitio no registra informaci\u00f3n de sus usuarios para usos comerciales.<\/p>\n<p style=\"text-align: justify;\"><br \/>Los datos personales de los usuarios ser\u00e1n utilizados para el cumplimiento de los fines indicados en el formulario correspondiente y siempre dentro de la competencia y atribuciones de Cochilco.<\/p>\n<p style=\"text-align: justify;\">No obstante, si el\u00a0<strong>usuario entrega sus datos voluntariamente<\/strong>\u00a0al participar en foros de discusi\u00f3n u otros espacios p\u00fablicos, Cochilco no se har\u00e1 responsable por el uso que terceros hagan de esa informaci\u00f3n.\u00a0<\/p>\n<p style=\"text-align: justify;\"><br \/>Si en raz\u00f3n de consultas o peticiones efectuadas por los usuarios, \u00e9stos entregan datos personales al Portal, \u00e9ste se entender\u00e1 autorizado para su tratamiento en el marco de lo establecido en la Ley 19.628 sobre protecci\u00f3n de la vida privada. Tales datos ser\u00e1n protegidos de acuerdo a la ley, y podr\u00e1n ser utilizados y transmitidos \u00fanica y exclusivamente a otros organismos o dependencias p\u00fablicas, con el objeto de entregar posteriormente la informaci\u00f3n solicitada o dar respuesta a las consultas o peticiones hechas por los usuarios a trav\u00e9s del (los) formulario(s).<\/p>\n<p style=\"text-align: justify;\">Respecto de la recolecci\u00f3n y tratamiento de datos realizado mediante mecanismos automatizados con el objeto de generar registros de actividad de los visitantes y registros de audiencia, Cochilco s\u00f3lo podr\u00e1 utilizar dicha informaci\u00f3n para la elaboraci\u00f3n de informes que cumplan con los objetivos se\u00f1alados. En ning\u00fan caso podr\u00e1 realizar operaciones que impliquen asociar dicha informaci\u00f3n a alg\u00fan usuario identificado o identificable.<\/p>\n<p style=\"text-align: justify;\">Para consultas sobre esta materia o el ejercicio de los derechos otorgados por la Ley N\u00ba 19.628, el usuario podr\u00e1 dirigirse al correo\u00a0<a href=\"mailto:cochilco@cochilco.cl\">cochilco@cochilco.cl<\/a>\u00a0indicando claramente su solicitud.<\/p>\n<p style=\"text-align: justify;\">La Comisi\u00f3n Chilena del Cobre se reserva el derecho a modificar la presente Pol\u00edtica de Privacidad con el objeto de adaptarla a cambios legislativos o doctrinales, o mejoras. Cualquier modificaci\u00f3n ser\u00e1 debidamente anunciada a los usuarios. Es responsabilidad del usuario mantenerse informado acerca de la Pol\u00edtica de Privacidad vigente cada vez que hace uso de este portal.<\/p>\n<p style=\"text-align: justify;\">Para efectos de la presente\u00a0<strong>&#8220;Pol\u00edtica de Privacidad y Protecci\u00f3n de la Informaci\u00f3n&#8221;,<\/strong>\u00a0se entiende por usuario a la persona que voluntariamente se registre en el portal, en los formularios especialmente establecidos al efecto. En tanto, visitante es aquella persona que accede libremente a la informaci\u00f3n disponible en el portal sin necesidad de registrarse previamente.<\/p>\n\n\t\t<\/div>\n\t\t\t\t\t<\/div>\n\n\t\n\n<\/div>\n\n","protected":false},"excerpt":{"rendered":"","protected":false},"author":1,"featured_media":0,"parent":0,"menu_order":0,"comment_status":"closed","ping_status":"closed","template":"","meta":{"footnotes":""},"class_list":["post-10594","page","type-page","status-publish","hentry"],"_links":{"self":[{"href":"https:\/\/www.cochilco.cl\/web\/wp-json\/wp\/v2\/pages\/10594","targetHints":{"allow":["GET"]}}],"collection":[{"href":"https:\/\/www.cochilco.cl\/web\/wp-json\/wp\/v2\/pages"}],"about":[{"href":"https:\/\/www.cochilco.cl\/web\/wp-json\/wp\/v2\/types\/page"}],"author":[{"embeddable":true,"href":"https:\/\/www.cochilco.cl\/web\/wp-json\/wp\/v2\/users\/1"}],"replies":[{"embeddable":true,"href":"https:\/\/www.cochilco.cl\/web\/wp-json\/wp\/v2\/comments?post=10594"}],"version-history":[{"count":3,"href":"https:\/\/www.cochilco.cl\/web\/wp-json\/wp\/v2\/pages\/10594\/revisions"}],"predecessor-version":[{"id":10600,"href":"https:\/\/www.cochilco.cl\/web\/wp-json\/wp\/v2\/pages\/10594\/revisions\/10600"}],"wp:attachment":[{"href":"https:\/\/www.cochilco.cl\/web\/wp-json\/wp\/v2\/media?parent=10594"}],"curies":[{"name":"wp","href":"https:\/\/api.w.org\/{rel}","templated":true}]}}