{"id":10806,"date":"2024-06-05T16:30:00","date_gmt":"2024-06-05T19:30:00","guid":{"rendered":"https:\/\/app.cochilco.cl\/web\/?page_id=10806"},"modified":"2025-04-02T16:27:01","modified_gmt":"2025-04-02T19:27:01","slug":"iniciativa-eiti-chile","status":"publish","type":"page","link":"https:\/\/www.cochilco.cl\/web\/iniciativa-eiti-chile\/","title":{"rendered":"INICIATIVA EITI CHILE"},"content":{"rendered":"<div class=\"row\"  id=\"row-1783232125\">\n\n\t<div id=\"col-1493265022\" class=\"col medium-3 small-12 large-3 col-divided\"  >\n\t\t\t\t<div class=\"col-inner\"  >\n\t\t\t\n\t\t\t\n\n<div id='iksm-10810' class='iksm iksm-10810 iksm-container '  data-id='10810' data-is-pro='1' data-source='menu'><div class='iksm-terms'><div class='iksm-terms-tree iksm-terms-tree--level-1 iksm-terms-tree--parents' style=''><div class=\"iksm-terms-tree__inner\">\n        <div class=\"iksm-term iksm-term--id-10846 iksm-term--parent\" data-id=\"10846\">\n            <div class=\"iksm-term__inner\" tabindex='0'>\n                <a class=\"iksm-term__link\" href='https:\/\/www.cochilco.cl\/web\/iniciativa-eiti-chile\/' target='_self' tabindex='-1'>\n\t\t\t\t        <span class=\"iksm-term__text\">Convocatoria<\/span>\n\t\t            <\/a>\n\t\t\t        <\/div>\n\t\t        <\/div>\n\n\t\t\n        <div class=\"iksm-term iksm-term--id-10845 iksm-term--parent\" data-id=\"10845\">\n            <div class=\"iksm-term__inner\" tabindex='0'>\n                <a class=\"iksm-term__link\" href='https:\/\/www.cochilco.cl\/web\/minutas\/' target='_self' tabindex='-1'>\n\t\t\t\t        <span class=\"iksm-term__text\">Minutas<\/span>\n\t\t            <\/a>\n\t\t\t        <\/div>\n\t\t        <\/div>\n\n\t\t\n        <div class=\"iksm-term iksm-term--id-10844 iksm-term--parent\" data-id=\"10844\">\n            <div class=\"iksm-term__inner\" tabindex='0'>\n                <a class=\"iksm-term__link\" href='https:\/\/www.cochilco.cl\/web\/fotografia-reuniones\/' target='_self' tabindex='-1'>\n\t\t\t\t        <span class=\"iksm-term__text\">Fotograf\u00eda Reuniones<\/span>\n\t\t            <\/a>\n\t\t\t        <\/div>\n\t\t        <\/div>\n\n\t\t\n        <div class=\"iksm-term iksm-term--id-12154 iksm-term--parent\" data-id=\"12154\">\n            <div class=\"iksm-term__inner\" tabindex='0'>\n                <a class=\"iksm-term__link\" href='https:\/\/www.cochilco.cl\/web\/seminario-adhesion-de-chile-al-estandar-eiti-avances-y-desafios-septiembre-de-2024\/' target='_self' tabindex='-1'>\n\t\t\t\t        <span class=\"iksm-term__text\">Seminario \u201cAdhesi\u00f3n de Chile al est\u00e1ndar EITI: avances y desaf\u00edos\u201d. Septiembre de 2024<\/span>\n\t\t            <\/a>\n\t\t\t        <\/div>\n\t\t        <\/div>\n\n\t\t\n        <div class=\"iksm-term iksm-term--id-12782 iksm-term--parent\" data-id=\"12782\">\n            <div class=\"iksm-term__inner\" tabindex='0'>\n                <a class=\"iksm-term__link\" href='https:\/\/www.cochilco.cl\/web\/seminario-la-iniciativa-de-transparencia-en-la-industria-extractiva-eiti-avances-y-desafios-en-chile-20-de-noviembre-de-2024\/' target='_self' tabindex='-1'>\n\t\t\t\t        <span class=\"iksm-term__text\">Seminario \u201cLa Iniciativa de Transparencia en la Industria Extractiva EITI: Avances y Desaf\u00edos en Chile\u201d. 20 de noviembre de 2024<\/span>\n\t\t            <\/a>\n\t\t\t        <\/div>\n\t\t        <\/div>\n\n\t\t\n        <div class=\"iksm-term iksm-term--id-12171 iksm-term--parent\" data-id=\"12171\">\n            <div class=\"iksm-term__inner\" tabindex='0'>\n                <a class=\"iksm-term__link\" href='https:\/\/www.cochilco.cl\/web\/reuniones-bilaterales-septiembre\/' target='_self' tabindex='-1'>\n\t\t\t\t        <span class=\"iksm-term__text\">Reuniones Bilaterales septiembre<\/span>\n\t\t            <\/a>\n\t\t\t        <\/div>\n\t\t        <\/div>\n\n\t\t\n        <div class=\"iksm-term iksm-term--id-12667 iksm-term--parent\" data-id=\"12667\">\n            <div class=\"iksm-term__inner\" tabindex='0'>\n                <a class=\"iksm-term__link\" href='https:\/\/www.cochilco.cl\/web\/bid-presta-asesoria-tecnica-al-gobierno-para-implementar-norma-eiti-en-el-sector-minero-en-chile\/' target='_self' tabindex='-1'>\n\t\t\t\t        <span class=\"iksm-term__text\">Comunicados de Prensa<\/span>\n\t\t            <\/a>\n\t\t\t        <\/div>\n\t\t        <\/div>\n\n\t\t\n        <div class=\"iksm-term iksm-term--id-13079 iksm-term--parent\" data-id=\"13079\">\n            <div class=\"iksm-term__inner\" tabindex='0'>\n                <a class=\"iksm-term__link\" href='https:\/\/www.cochilco.cl\/web\/miembros-del-gmp\/' target='_self' tabindex='-1'>\n\t\t\t\t        <span class=\"iksm-term__text\">Miembros del GMP<\/span>\n\t\t            <\/a>\n\t\t\t        <\/div>\n\t\t        <\/div>\n\n\t\t\n        <div class=\"iksm-term iksm-term--id-10843 iksm-term--parent\" data-id=\"10843\">\n            <div class=\"iksm-term__inner\" tabindex='0'>\n                <a class=\"iksm-term__link\" href='https:\/\/www.cochilco.cl\/web\/sitios-de-interes-2\/' target='_self' tabindex='-1'>\n\t\t\t\t        <span class=\"iksm-term__text\">Sitios de inter\u00e9s<\/span>\n\t\t            <\/a>\n\t\t\t        <\/div>\n\t\t        <\/div>\n\n\t\t<\/div><\/div><\/div><div id=\"iksm_data_args\" class=\"data-args\"  data-collapse_children_terms='' data-collapse_other_terms='' data-collapse_animation_duration='400' data-expand_animation_duration='400' data-toggle_by_item_click=''><\/div><\/div><script id=\"styles-copier-69e038a9c2e4d\">\n\t\t\t\/\/ Finding styles element\n\t        var element = document.getElementById(\"iksm-dynamic-style\");\n\t        if (!element) { \/\/ If no element (Cache plugins can remove tag), then creating a new one\n                element = document.createElement('style');\n                var head = document.getElementsByTagName(\"head\")\n                if (head && head[0]) {\n                \thead[0].appendChild(element);\n                } else {\n                  \tconsole.warn(\"Iks Menu | Error while printing styles. Please contact technical support.\");\n                }\n\t        }\n\t\t\t\/\/ Copying styles to <styles> tag\n\t        element.innerHTML += \".iksm-10810 .iksm-terms{transition:all 400ms;animation:iks-fade-in 1000ms;}.iksm-10810 .iksm-terms-tree--children > .iksm-terms-tree__inner{animation:iks-zoom-in 400ms;}.iksm-10810 .iksm-term__inner{background-color:rgba(255,255,255,1);min-height:44px;transition:all 400ms;}.iksm-10810 .iksm-term__inner:hover{background-color:rgba(236,236,236,1);}.iksm-10810 .iksm-term--current > .iksm-term__inner{background-color:rgba(212,212,212,1);}.iksm-10810 .iksm-term__link{color:rgba(0,0,0,1);font-size:15px;line-height:15px;font-weight:400;text-decoration:none;padding-top:5px;padding-right:15px;padding-bottom:5px;padding-left:15px;transition:all 400ms;}.iksm-10810 .iksm-term__inner:hover .iksm-term__link{color:rgba(50,50,50,1);}.iksm-10810 .iksm-term__toggle__inner{transition:transform 400ms}.iksm-10810 .iksm-term--expanded > .iksm-term__inner > .iksm-term__toggle > .iksm-term__toggle__inner{transform:rotate(180deg);}.iksm-10810 .iksm-term__toggle{color:rgba(133,133,133,1);font-size:22px;align-self:stretch;height:unset;;width:40px;transition:all 400ms;}.iksm-10810 .iksm-term__toggle:hover{color:rgba(0,0,0,1);}.iksm-10810 .iksm-term__image-container{width:30px;min-width:30px;height:30px;min-height:30px;margin-right:15px;transition:all 400ms;}.iksm-10810 .iksm-term__image{background-size:contain;background-position:center;background-repeat:no-repeat;}.iksm-10810 .iksm-term__image-container:hover{background-size:contain;background-position:center;background-repeat:no-repeat;}.iksm-10810 .iksm-term__inner:hover .iksm-term__image-container{background-size:contain;background-position:center;background-repeat:no-repeat;}.iksm-10810 .iksm-term__inner:focus .iksm-term__image-container{background-size:contain;background-position:center;background-repeat:no-repeat;}.iksm-10810 .iksm-term--current > .iksm-term__inner .iksm-term__image-container{background-size:contain;background-position:center;background-repeat:no-repeat;}.iksm-10810 .iksm-term--child .iksm-term__inner .iksm-term__image-container{background-size:contain;background-position:center;background-repeat:no-repeat;}.iksm-10810 .iksm-term--child .iksm-term__inner .iksm-term__image-container:hover{background-size:contain;background-position:center;background-repeat:no-repeat;}.iksm-10810 .iksm-term--child .iksm-term__inner .iksm-term__image-container:focus{background-size:contain;background-position:center;background-repeat:no-repeat;}.iksm-10810 .iksm-term--child.iksm-term--current > .iksm-term__inner .iksm-term__image-container{background-size:contain;background-position:center;background-repeat:no-repeat;}.iksm-10810  .iksm-term__text{flex: unset}.iksm-10810 .iksm-term__posts-count{color:rgba(133,133,133,1);font-size:16px;margin-left:10px;font-weight:400;transition:all 400ms;}.iksm-10810 .iksm-term--collapsing > .iksm-terms-tree--children > .iksm-terms-tree__inner{animation:iks-zoom-out 400ms;}\";\n\t        \/\/ Removing this script\n            var this_script = document.getElementById(\"styles-copier-69e038a9c2e4d\");\n            if (this_script) { \/\/ Cache plugins can remove tag\n\t            this_script.outerHTML = \"\";\n\t            if (this_script.parentNode) {\n\t                this_script.parentNode.removeChild(this_script);\n\t            }\n            }\n        <\/script>\n\n\t\t<\/div>\n\t\t\t\t\t<\/div>\n\n\t\n\n\t<div id=\"col-1947804742\" class=\"col medium-9 small-12 large-9 col-divided\"  >\n\t\t\t\t<div class=\"col-inner\"  >\n\t\t\t\n\t\t\t\n<div class=\"container section-title-container\" ><h3 class=\"section-title section-title-normal\"><b aria-hidden=\"true\"><\/b><span class=\"section-title-main\" >INICIATIVA EITI CHILE<\/span><b aria-hidden=\"true\"><\/b><\/h3><\/div>\n\t<div class=\"img has-hover x md-x lg-x y md-y lg-y\" id=\"image_1961531883\">\n\t\t\t\t\t\t\t\t<div class=\"img-inner dark\" >\n\t\t\t<img loading=\"lazy\" decoding=\"async\" width=\"1020\" height=\"303\" src=\"https:\/\/www.cochilco.cl\/web\/wp-content\/uploads\/2024\/06\/Logo-EITI.jpg\" class=\"attachment-large size-large\" alt=\"\" srcset=\"https:\/\/www.cochilco.cl\/web\/wp-content\/uploads\/2024\/06\/Logo-EITI.jpg 1396w, https:\/\/www.cochilco.cl\/web\/wp-content\/uploads\/2024\/06\/Logo-EITI-800x238.jpg 800w, https:\/\/www.cochilco.cl\/web\/wp-content\/uploads\/2024\/06\/Logo-EITI-768x228.jpg 768w\" sizes=\"auto, (max-width: 1020px) 100vw, 1020px\" \/>\t\t\t\t\t\t\n\t\t\t\t\t<\/div>\n\t\t\t\t\t\t\t\t\n<style>\n#image_1961531883 {\n  width: 100%;\n}\n<\/style>\n\t<\/div>\n\t\n<a href=\"\/web\/wp-content\/uploads\/2024\/06\/Convocatotria-EITI-Chile.pdf\" target=\"_blank\" class=\"button primary is-outline lowercase\" rel=\"noopener\" >\n\t\t<span>Invitaci\u00f3n a adherir al proceso de implementaci\u00f3n del EITI en Chile<\/span>\n\t<\/a>\n\n<div class=\"col-md-6\">\n<p style=\"text-align: justify;\"><span lang=\"ES\"><strong>I.- Aspectos b\u00e1sicos del Est\u00e1ndar EITI<\/strong><\/span><\/p>\n<p style=\"text-align: justify;\">La Iniciativa para la Transparencia de las Industrias Extractivas (EITI, por sus siglas en ingl\u00e9s) es una coalici\u00f3n global de gobiernos, empresas y organizaciones de la sociedad civil que busca promover la transparencia y la rendici\u00f3n de cuentas en la gesti\u00f3n de ingresos provenientes de recursos naturales no renovables: petr\u00f3leo, gas y minerales. La idea fundamental es facilitar el acceso a la informaci\u00f3n sobre c\u00f3mo los pa\u00edses gestionan estos recursos para asegurar que su explotaci\u00f3n beneficie efectivamente a todos. Al contar con esta informaci\u00f3n, los ciudadanos pueden fiscalizar y exigir la rendici\u00f3n de cuentas por parte de empresas y gobiernos y pueden movilizarse para motivar reformas de la agenda de pol\u00edticas para que las industrias extractivas beneficien a toda la sociedad.<\/p>\n<p style=\"text-align: justify;\">El objetivo es que tanto los gobiernos, la industria y la sociedad civil divulguen informaci\u00f3n en l\u00ednea de manera sistem\u00e1tica, en formato de datos abiertos. Esta difusi\u00f3n permitir\u00e1 reducir la desconfianza en la industria, facilitar el di\u00e1logo y la buena gobernanza, adem\u00e1s de permitir la trazabilidad.<\/p>\n<p style=\"text-align: justify;\">\u00a0<\/p>\n<p style=\"text-align: justify;\"><span lang=\"ES\"><strong>II.- Pasos para la adhesi\u00f3n al EITI<\/strong><\/span><\/p>\n<p style=\"text-align: justify;\">En una primera fase, Chile deber\u00eda ser &#8220;pa\u00eds candidato&#8221; (estatus cuando se implementa EITI pero no alcanza el estado de &#8220;cumplidor&#8221;). Para ser &#8220;cumplidor&#8221;, se deben cumplir todos los requisitos del est\u00e1ndar a trav\u00e9s de un proceso denominado &#8220;validaci\u00f3n&#8221;.<\/p>\n<p style=\"text-align: justify;\">Requisitos para ser pa\u00eds &#8220;candidato&#8221; al EITI:<\/p>\n<ol style=\"text-align: justify;\">\n<li>Declaraci\u00f3n p\u00fablica del gobierno donde se\u00f1ale su intenci\u00f3n de implementar EITI.<\/li>\n<li>Nombramiento por parte del gobierno de un alto dirigente que lidere la implementaci\u00f3n.<\/li>\n<li>Compromiso del gobierno a trabajar con: sociedad Civil y las empresas para formar grupo Multipart\u00edcipe para supervisar la implementaci\u00f3n.<\/li>\n<li>Grupo Multipart\u00edcipe debe contar con plan de trabajo actualizado, con detalle de costos y con plazos para informes y la validaci\u00f3n que se establezca desde EITI<\/li>\n<\/ol>\n<p style=\"text-align: justify;\">Una vez cumplidos estos cuatro pasos anteriormente descritos, para realizar la solicitud formal para ser candidato, el gobierno junto al Grupo Multipart\u00edcipe deben presentar una solicitud formal al Consejo de EITI para que con su aprobaci\u00f3n Chile pase a ser un &#8220;pa\u00eds cumplidor&#8221;. La solicitud debe contener:<\/p>\n<ul style=\"text-align: justify;\">\n<li>Actividades realizadas hasta el momento.<\/li>\n<li>Demostrar que se realizaron los cuatro pasos anteriormente descritos.<\/li>\n<li>Datos de las partes interesadas del gobierno, sociedad civil y sector privado que participaron de los preparativos.<\/li>\n<\/ul>\n<p style=\"text-align: justify;\">\u00a0<\/p>\n<p style=\"text-align: justify;\"><span lang=\"ES\"><strong>III.- Estado de avance de la adhesi\u00f3n de Chile al EITI<\/strong><\/span><\/p>\n<p style=\"text-align: justify;\">Chile se encuentra en una primera etapa de validaci\u00f3n, es decir es un &#8220;pa\u00eds candidato&#8221; que prepara el cumplimiento de requisitos anteriormente descritos para poder postular formalmente al est\u00e1ndar.<\/p>\n<p style=\"text-align: justify;\">A la fecha, ya se han realizado varias actividades tendientes a cumplir los cuatro requisitos de postulaci\u00f3n.<\/p>\n<p style=\"text-align: justify;\">En enero de 2023, la C\u00e1mara de Diputados de Chile aprob\u00f3 un proyecto de resoluci\u00f3n que solicita implementar el est\u00e1ndar EITI. A ra\u00edz de tal mandato, Chile ha declarado p\u00fablicamente, en varias oportunidades, su intenci\u00f3n de adhesi\u00f3n al EITI, una de las cu\u00e1les fue anunciada durante la promulgaci\u00f3n de la Estrategia Nacional del Litio, en abril 2023, en cuyo resumen se indica que Chile iniciar\u00e1 el proceso de adhesi\u00f3n al est\u00e1ndar EITI.<\/p>\n<p style=\"text-align: justify;\">En enero de 2024, se realiz\u00f3 una convocatoria abierta (a trav\u00e9s del sitio web de Cochilco y comunicados de prensa) y cerrada (a un listado de inter\u00e9s), con el fin de invitar a nominar los representantes de cada parte constituyente de su sector (gobierno\/industria\/sociedad civil) que formar\u00e1n parte del Grupo Multipart\u00edcipe del EITI-Chile. En la actualidad estamos en la fase de conformaci\u00f3n de dicho grupo tripartito.<\/p>\n<p style=\"text-align: justify;\">Como gu\u00eda inicial, se ha previsto que el Grupo Multipart\u00edcipe est\u00e9 conformado por:<\/p>\n<ol style=\"text-align: justify;\">\n<li>Tres representantes (y sus suplentes) del Gobierno.<\/li>\n<li>Tres representantes (y sus suplentes) de la industria minera.<\/li>\n<li>Tres representantes (y sus suplentes) de sociedad civil incluyendo centros acad\u00e9micos o de estudios relacionados con temas de buena gobernanza fiscal, medio ambiental y del sector minero.<\/li>\n<\/ol>\n<p style=\"text-align: justify;\">Las principales actividades del grupo inicial multipart\u00edcipe ser\u00e1n:<\/p>\n<ul style=\"text-align: justify;\">\n<li>Completar la constituci\u00f3n definitiva del grupo multipart\u00edcipe (incluyendo la adopci\u00f3n de sus propias normas de funcionamiento basadas en los m\u00ednimos requeridos en el Est\u00e1ndar EITI, la forma jur\u00eddica a adoptar) y;<\/li>\n<li>La definici\u00f3n de un plan de trabajo (incluyendo prioridades nacionales, actividades a completar en los primeros tres a\u00f1os, y fuentes de financiamiento)<\/li>\n<\/ul>\n<p style=\"text-align: justify;\"><span lang=\"ES-AR\"><strong>IV.- Informaci\u00f3n a divulgar bajo el est\u00e1ndar EITI<\/strong><\/span><\/p>\n<p style=\"text-align: justify;\">A continuaci\u00f3n se presenta un listado del tipo de informaci\u00f3n base que deber\u00eda incluir la Reportabilidad del Est\u00e1ndar, sin perjuicio de lo anterior, la definici\u00f3n de los reportes deber\u00e1 ser definida y acordada por el Grupo Multipart\u00edcipe, una vez conformado.<\/p>\n<p style=\"text-align: justify;\"><strong>1)\u00a0\u00a0\u00a0\u00a0\u00a0\u00a0\u00a0 Licencias y contratos. Se debe detallar:<\/strong><\/p>\n<ul style=\"text-align: justify;\">\n<li>Marco jur\u00eddico y r\u00e9gimen fiscal<\/li>\n<li>Asignaci\u00f3n de licencias<\/li>\n<li>Registro de licencias<\/li>\n<li>Contratos<\/li>\n<li>Beneficiarios reales<\/li>\n<li>Participaci\u00f3n del Estado<\/li>\n<\/ul>\n<p style=\"text-align: justify;\"><strong>2)\u00a0\u00a0\u00a0\u00a0\u00a0\u00a0\u00a0 Supervisi\u00f3n de producci\u00f3n. Se debe detallar:<\/strong><\/p>\n<ul style=\"text-align: justify;\">\n<li>Exploraci\u00f3n: Informaci\u00f3n sobre toda actividad de exploraci\u00f3n significativa<\/li>\n<li>Datos de producci\u00f3n<\/li>\n<li>Datos de exportaci\u00f3n (exportaci\u00f3n y valor de las exportaciones)<\/li>\n<\/ul>\n<p style=\"text-align: justify;\"><strong>3)\u00a0\u00a0\u00a0\u00a0\u00a0\u00a0\u00a0 Recaudaci\u00f3n de impuestos. Se debe detallar:<\/strong><\/p>\n<ul style=\"text-align: justify;\">\n<li>Impuestos y otros pagos (diversos flujos de ingresos)<\/li>\n<li>Ingresos en ventas estatales<\/li>\n<li>Ingresos por transporte<\/li>\n<li>Arreglos en especies<\/li>\n<li>Pagos subnacionales<\/li>\n<li>Transacciones empresa estatal<\/li>\n<\/ul>\n<p style=\"text-align: justify;\"><strong>4)\u00a0\u00a0\u00a0\u00a0\u00a0\u00a0\u00a0 Distribuci\u00f3n de ingresos. Se debe detallar:<\/strong><\/p>\n<ul style=\"text-align: justify;\">\n<li>Transferencias subnacionales<\/li>\n<li>Distribuci\u00f3n de ingresos<\/li>\n<li>Gastos sociales<\/li>\n<\/ul>\n<p style=\"text-align: justify;\"><strong>5)\u00a0\u00a0\u00a0\u00a0\u00a0\u00a0\u00a0 Gesti\u00f3n del gasto. Se debe detallar:<\/strong><\/p>\n<ul>\n<li style=\"text-align: justify;\">Gastos cuasi-fiscales empresa estatal<\/li>\n<li style=\"text-align: justify;\">Ingresos reservados<\/li>\n<li style=\"text-align: justify;\">Presupuesto y auditor\u00eda<\/li>\n<li style=\"text-align: justify;\">Contribuci\u00f3n econ\u00f3mica<\/li>\n<\/ul>\n<\/div>\n\t\t<\/div>\n\t\t\t\t\t<\/div>\n\n\t\n<\/div>\n","protected":false},"excerpt":{"rendered":"","protected":false},"author":1,"featured_media":0,"parent":0,"menu_order":0,"comment_status":"closed","ping_status":"closed","template":"","meta":{"footnotes":""},"class_list":["post-10806","page","type-page","status-publish","hentry"],"_links":{"self":[{"href":"https:\/\/www.cochilco.cl\/web\/wp-json\/wp\/v2\/pages\/10806","targetHints":{"allow":["GET"]}}],"collection":[{"href":"https:\/\/www.cochilco.cl\/web\/wp-json\/wp\/v2\/pages"}],"about":[{"href":"https:\/\/www.cochilco.cl\/web\/wp-json\/wp\/v2\/types\/page"}],"author":[{"embeddable":true,"href":"https:\/\/www.cochilco.cl\/web\/wp-json\/wp\/v2\/users\/1"}],"replies":[{"embeddable":true,"href":"https:\/\/www.cochilco.cl\/web\/wp-json\/wp\/v2\/comments?post=10806"}],"version-history":[{"count":10,"href":"https:\/\/www.cochilco.cl\/web\/wp-json\/wp\/v2\/pages\/10806\/revisions"}],"predecessor-version":[{"id":13335,"href":"https:\/\/www.cochilco.cl\/web\/wp-json\/wp\/v2\/pages\/10806\/revisions\/13335"}],"wp:attachment":[{"href":"https:\/\/www.cochilco.cl\/web\/wp-json\/wp\/v2\/media?parent=10806"}],"curies":[{"name":"wp","href":"https:\/\/api.w.org\/{rel}","templated":true}]}}