{"id":10834,"date":"2024-06-05T16:55:47","date_gmt":"2024-06-05T19:55:47","guid":{"rendered":"https:\/\/app.cochilco.cl\/web\/?page_id=10834"},"modified":"2025-04-02T16:28:32","modified_gmt":"2025-04-02T19:28:32","slug":"fotografia-reuniones","status":"publish","type":"page","link":"https:\/\/www.cochilco.cl\/web\/fotografia-reuniones\/","title":{"rendered":"Fotograf\u00eda Reuniones"},"content":{"rendered":"<div class=\"row\"  id=\"row-1379785469\">\n\n\t<div id=\"col-928909222\" class=\"col medium-3 small-12 large-3 col-divided\"  >\n\t\t\t\t<div class=\"col-inner\"  >\n\t\t\t\n\t\t\t\n<div class=\"container section-title-container\" ><h3 class=\"section-title section-title-normal\"><b aria-hidden=\"true\"><\/b><span class=\"section-title-main\" >INICIATIVA EITI CHILE<\/span><b aria-hidden=\"true\"><\/b><\/h3><\/div>\n\n<div id='iksm-10810' class='iksm iksm-10810 iksm-container '  data-id='10810' data-is-pro='1' data-source='menu'><div class='iksm-terms'><div class='iksm-terms-tree iksm-terms-tree--level-1 iksm-terms-tree--parents' style=''><div class=\"iksm-terms-tree__inner\">\n        <div class=\"iksm-term iksm-term--id-10846 iksm-term--parent\" data-id=\"10846\">\n            <div class=\"iksm-term__inner\" tabindex='0'>\n                <a class=\"iksm-term__link\" href='https:\/\/www.cochilco.cl\/web\/iniciativa-eiti-chile\/' target='_self' tabindex='-1'>\n\t\t\t\t        <span class=\"iksm-term__text\">Convocatoria<\/span>\n\t\t            <\/a>\n\t\t\t        <\/div>\n\t\t        <\/div>\n\n\t\t\n        <div class=\"iksm-term iksm-term--id-10845 iksm-term--parent\" data-id=\"10845\">\n            <div class=\"iksm-term__inner\" tabindex='0'>\n                <a class=\"iksm-term__link\" href='https:\/\/www.cochilco.cl\/web\/minutas\/' target='_self' tabindex='-1'>\n\t\t\t\t        <span class=\"iksm-term__text\">Minutas<\/span>\n\t\t            <\/a>\n\t\t\t        <\/div>\n\t\t        <\/div>\n\n\t\t\n        <div class=\"iksm-term iksm-term--id-10844 iksm-term--parent\" data-id=\"10844\">\n            <div class=\"iksm-term__inner\" tabindex='0'>\n                <a class=\"iksm-term__link\" href='https:\/\/www.cochilco.cl\/web\/fotografia-reuniones\/' target='_self' tabindex='-1'>\n\t\t\t\t        <span class=\"iksm-term__text\">Fotograf\u00eda Reuniones<\/span>\n\t\t            <\/a>\n\t\t\t        <\/div>\n\t\t        <\/div>\n\n\t\t\n        <div class=\"iksm-term iksm-term--id-12154 iksm-term--parent\" data-id=\"12154\">\n            <div class=\"iksm-term__inner\" tabindex='0'>\n                <a class=\"iksm-term__link\" href='https:\/\/www.cochilco.cl\/web\/seminario-adhesion-de-chile-al-estandar-eiti-avances-y-desafios-septiembre-de-2024\/' target='_self' tabindex='-1'>\n\t\t\t\t        <span class=\"iksm-term__text\">Seminario \u201cAdhesi\u00f3n de Chile al est\u00e1ndar EITI: avances y desaf\u00edos\u201d. Septiembre de 2024<\/span>\n\t\t            <\/a>\n\t\t\t        <\/div>\n\t\t        <\/div>\n\n\t\t\n        <div class=\"iksm-term iksm-term--id-12782 iksm-term--parent\" data-id=\"12782\">\n            <div class=\"iksm-term__inner\" tabindex='0'>\n                <a class=\"iksm-term__link\" href='https:\/\/www.cochilco.cl\/web\/seminario-la-iniciativa-de-transparencia-en-la-industria-extractiva-eiti-avances-y-desafios-en-chile-20-de-noviembre-de-2024\/' target='_self' tabindex='-1'>\n\t\t\t\t        <span class=\"iksm-term__text\">Seminario \u201cLa Iniciativa de Transparencia en la Industria Extractiva EITI: Avances y Desaf\u00edos en Chile\u201d. 20 de noviembre de 2024<\/span>\n\t\t            <\/a>\n\t\t\t        <\/div>\n\t\t        <\/div>\n\n\t\t\n        <div class=\"iksm-term iksm-term--id-12171 iksm-term--parent\" data-id=\"12171\">\n            <div class=\"iksm-term__inner\" tabindex='0'>\n                <a class=\"iksm-term__link\" href='https:\/\/www.cochilco.cl\/web\/reuniones-bilaterales-septiembre\/' target='_self' tabindex='-1'>\n\t\t\t\t        <span class=\"iksm-term__text\">Reuniones Bilaterales septiembre<\/span>\n\t\t            <\/a>\n\t\t\t        <\/div>\n\t\t        <\/div>\n\n\t\t\n        <div class=\"iksm-term iksm-term--id-12667 iksm-term--parent\" data-id=\"12667\">\n            <div class=\"iksm-term__inner\" tabindex='0'>\n                <a class=\"iksm-term__link\" href='https:\/\/www.cochilco.cl\/web\/bid-presta-asesoria-tecnica-al-gobierno-para-implementar-norma-eiti-en-el-sector-minero-en-chile\/' target='_self' tabindex='-1'>\n\t\t\t\t        <span class=\"iksm-term__text\">Comunicados de Prensa<\/span>\n\t\t            <\/a>\n\t\t\t        <\/div>\n\t\t        <\/div>\n\n\t\t\n        <div class=\"iksm-term iksm-term--id-13079 iksm-term--parent\" data-id=\"13079\">\n            <div class=\"iksm-term__inner\" tabindex='0'>\n                <a class=\"iksm-term__link\" href='https:\/\/www.cochilco.cl\/web\/miembros-del-gmp\/' target='_self' tabindex='-1'>\n\t\t\t\t        <span class=\"iksm-term__text\">Miembros del GMP<\/span>\n\t\t            <\/a>\n\t\t\t        <\/div>\n\t\t        <\/div>\n\n\t\t\n        <div class=\"iksm-term iksm-term--id-10843 iksm-term--parent\" data-id=\"10843\">\n            <div class=\"iksm-term__inner\" tabindex='0'>\n                <a class=\"iksm-term__link\" href='https:\/\/www.cochilco.cl\/web\/sitios-de-interes-2\/' target='_self' tabindex='-1'>\n\t\t\t\t        <span class=\"iksm-term__text\">Sitios de inter\u00e9s<\/span>\n\t\t            <\/a>\n\t\t\t        <\/div>\n\t\t        <\/div>\n\n\t\t<\/div><\/div><\/div><div id=\"iksm_data_args\" class=\"data-args\"  data-collapse_children_terms='' data-collapse_other_terms='' data-collapse_animation_duration='400' data-expand_animation_duration='400' data-toggle_by_item_click=''><\/div><\/div><script id=\"styles-copier-69d4d8d930c17\">\n\t\t\t\/\/ Finding styles element\n\t        var element = document.getElementById(\"iksm-dynamic-style\");\n\t        if (!element) { \/\/ If no element (Cache plugins can remove tag), then creating a new one\n                element = document.createElement('style');\n                var head = document.getElementsByTagName(\"head\")\n                if (head && head[0]) {\n                \thead[0].appendChild(element);\n                } else {\n                  \tconsole.warn(\"Iks Menu | Error while printing styles. Please contact technical support.\");\n                }\n\t        }\n\t\t\t\/\/ Copying styles to <styles> tag\n\t        element.innerHTML += \".iksm-10810 .iksm-terms{transition:all 400ms;animation:iks-fade-in 1000ms;}.iksm-10810 .iksm-terms-tree--children > .iksm-terms-tree__inner{animation:iks-zoom-in 400ms;}.iksm-10810 .iksm-term__inner{background-color:rgba(255,255,255,1);min-height:44px;transition:all 400ms;}.iksm-10810 .iksm-term__inner:hover{background-color:rgba(236,236,236,1);}.iksm-10810 .iksm-term--current > .iksm-term__inner{background-color:rgba(212,212,212,1);}.iksm-10810 .iksm-term__link{color:rgba(0,0,0,1);font-size:15px;line-height:15px;font-weight:400;text-decoration:none;padding-top:5px;padding-right:15px;padding-bottom:5px;padding-left:15px;transition:all 400ms;}.iksm-10810 .iksm-term__inner:hover .iksm-term__link{color:rgba(50,50,50,1);}.iksm-10810 .iksm-term__toggle__inner{transition:transform 400ms}.iksm-10810 .iksm-term--expanded > .iksm-term__inner > .iksm-term__toggle > .iksm-term__toggle__inner{transform:rotate(180deg);}.iksm-10810 .iksm-term__toggle{color:rgba(133,133,133,1);font-size:22px;align-self:stretch;height:unset;;width:40px;transition:all 400ms;}.iksm-10810 .iksm-term__toggle:hover{color:rgba(0,0,0,1);}.iksm-10810 .iksm-term__image-container{width:30px;min-width:30px;height:30px;min-height:30px;margin-right:15px;transition:all 400ms;}.iksm-10810 .iksm-term__image{background-size:contain;background-position:center;background-repeat:no-repeat;}.iksm-10810 .iksm-term__image-container:hover{background-size:contain;background-position:center;background-repeat:no-repeat;}.iksm-10810 .iksm-term__inner:hover .iksm-term__image-container{background-size:contain;background-position:center;background-repeat:no-repeat;}.iksm-10810 .iksm-term__inner:focus .iksm-term__image-container{background-size:contain;background-position:center;background-repeat:no-repeat;}.iksm-10810 .iksm-term--current > .iksm-term__inner .iksm-term__image-container{background-size:contain;background-position:center;background-repeat:no-repeat;}.iksm-10810 .iksm-term--child .iksm-term__inner .iksm-term__image-container{background-size:contain;background-position:center;background-repeat:no-repeat;}.iksm-10810 .iksm-term--child .iksm-term__inner .iksm-term__image-container:hover{background-size:contain;background-position:center;background-repeat:no-repeat;}.iksm-10810 .iksm-term--child .iksm-term__inner .iksm-term__image-container:focus{background-size:contain;background-position:center;background-repeat:no-repeat;}.iksm-10810 .iksm-term--child.iksm-term--current > .iksm-term__inner .iksm-term__image-container{background-size:contain;background-position:center;background-repeat:no-repeat;}.iksm-10810  .iksm-term__text{flex: unset}.iksm-10810 .iksm-term__posts-count{color:rgba(133,133,133,1);font-size:16px;margin-left:10px;font-weight:400;transition:all 400ms;}.iksm-10810 .iksm-term--collapsing > .iksm-terms-tree--children > .iksm-terms-tree__inner{animation:iks-zoom-out 400ms;}\";\n\t        \/\/ Removing this script\n            var this_script = document.getElementById(\"styles-copier-69d4d8d930c17\");\n            if (this_script) { \/\/ Cache plugins can remove tag\n\t            this_script.outerHTML = \"\";\n\t            if (this_script.parentNode) {\n\t                this_script.parentNode.removeChild(this_script);\n\t            }\n            }\n        <\/script>\n\n\t\t<\/div>\n\t\t\t\t\t<\/div>\n\n\t\n\n\t<div id=\"col-1744189422\" class=\"col medium-9 small-12 large-9 col-divided\"  >\n\t\t\t\t<div class=\"col-inner\"  >\n\t\t\t\n\t\t\t\n<div class=\"container section-title-container\" ><h3 class=\"section-title section-title-normal\"><b aria-hidden=\"true\"><\/b><span class=\"section-title-main\" >Fotograf\u00eda Reuniones<\/span><b aria-hidden=\"true\"><\/b><\/h3><\/div>\n\n  \n    <div class=\"row large-columns-2 medium-columns- small-columns- row-small\" >\n  <div class=\"gallery-col col\" >\n          <div class=\"col-inner\">\n                        <div class=\"box has-hover gallery-box box-default\">\n              <div class=\"box-image image-zoom box-shadow-1 box-shadow-2-hover image-cover\" style=\"padding-top:56.25%;\">\n                <img loading=\"lazy\" decoding=\"async\" width=\"732\" height=\"400\" src=\"https:\/\/www.cochilco.cl\/web\/wp-content\/uploads\/2024\/06\/Spc.-Civil2-732x400.jpg\" class=\"attachment-medium size-medium\" alt=\"\" ids=\"10836,10837,10838,10839\" style=\"default\" lightbox=\"false\" col_spacing=\"small\" columns=\"2\" depth=\"1\" depth_hover=\"2\" image_height=\"56.25%\" image_hover=\"zoom\" srcset=\"https:\/\/www.cochilco.cl\/web\/wp-content\/uploads\/2024\/06\/Spc.-Civil2-732x400.jpg 732w, https:\/\/www.cochilco.cl\/web\/wp-content\/uploads\/2024\/06\/Spc.-Civil2-1400x765.jpg 1400w, https:\/\/www.cochilco.cl\/web\/wp-content\/uploads\/2024\/06\/Spc.-Civil2-768x420.jpg 768w, https:\/\/www.cochilco.cl\/web\/wp-content\/uploads\/2024\/06\/Spc.-Civil2-1536x839.jpg 1536w, https:\/\/www.cochilco.cl\/web\/wp-content\/uploads\/2024\/06\/Spc.-Civil2.jpg 1589w\" sizes=\"auto, (max-width: 732px) 100vw, 732px\" \/>                                                              <\/div>\n              <div class=\"box-text text-left\" >\n                 <p>Reuni\u00f3n Sociedad Civil: 31 de enero de 2024<\/p>\n              <\/div>\n            <\/div>\n                      <\/div>\n         <\/div><div class=\"gallery-col col\" >\n          <div class=\"col-inner\">\n                        <div class=\"box has-hover gallery-box box-default\">\n              <div class=\"box-image image-zoom box-shadow-1 box-shadow-2-hover image-cover\" style=\"padding-top:56.25%;\">\n                <img loading=\"lazy\" decoding=\"async\" width=\"690\" height=\"400\" src=\"https:\/\/www.cochilco.cl\/web\/wp-content\/uploads\/2024\/06\/Soc.-Civil1-690x400.jpg\" class=\"attachment-medium size-medium\" alt=\"\" ids=\"10836,10837,10838,10839\" style=\"default\" lightbox=\"false\" col_spacing=\"small\" columns=\"2\" depth=\"1\" depth_hover=\"2\" image_height=\"56.25%\" image_hover=\"zoom\" srcset=\"https:\/\/www.cochilco.cl\/web\/wp-content\/uploads\/2024\/06\/Soc.-Civil1-690x400.jpg 690w, https:\/\/www.cochilco.cl\/web\/wp-content\/uploads\/2024\/06\/Soc.-Civil1-1380x800.jpg 1380w, https:\/\/www.cochilco.cl\/web\/wp-content\/uploads\/2024\/06\/Soc.-Civil1-768x445.jpg 768w, https:\/\/www.cochilco.cl\/web\/wp-content\/uploads\/2024\/06\/Soc.-Civil1.jpg 1508w\" sizes=\"auto, (max-width: 690px) 100vw, 690px\" \/>                                                              <\/div>\n              <div class=\"box-text text-left\" >\n                 <p>Reuni\u00f3n Sociedad Civil: 31 de enero de 2024<\/p>\n              <\/div>\n            <\/div>\n                      <\/div>\n         <\/div><div class=\"gallery-col col\" >\n          <div class=\"col-inner\">\n                        <div class=\"box has-hover gallery-box box-default\">\n              <div class=\"box-image image-zoom box-shadow-1 box-shadow-2-hover image-cover\" style=\"padding-top:56.25%;\">\n                <img loading=\"lazy\" decoding=\"async\" width=\"800\" height=\"366\" src=\"https:\/\/www.cochilco.cl\/web\/wp-content\/uploads\/2024\/06\/reunion-empresas-800x366.jpg\" class=\"attachment-medium size-medium\" alt=\"\" ids=\"10836,10837,10838,10839\" style=\"default\" lightbox=\"false\" col_spacing=\"small\" columns=\"2\" depth=\"1\" depth_hover=\"2\" image_height=\"56.25%\" image_hover=\"zoom\" srcset=\"https:\/\/www.cochilco.cl\/web\/wp-content\/uploads\/2024\/06\/reunion-empresas-800x366.jpg 800w, https:\/\/www.cochilco.cl\/web\/wp-content\/uploads\/2024\/06\/reunion-empresas-1400x641.jpg 1400w, https:\/\/www.cochilco.cl\/web\/wp-content\/uploads\/2024\/06\/reunion-empresas-768x351.jpg 768w, https:\/\/www.cochilco.cl\/web\/wp-content\/uploads\/2024\/06\/reunion-empresas-1536x703.jpg 1536w, https:\/\/www.cochilco.cl\/web\/wp-content\/uploads\/2024\/06\/reunion-empresas.jpg 1838w\" sizes=\"auto, (max-width: 800px) 100vw, 800px\" \/>                                                              <\/div>\n              <div class=\"box-text text-left\" >\n                 <p>Reuni\u00f3n Empresas: 30 de enero de 2024<\/p>\n              <\/div>\n            <\/div>\n                      <\/div>\n         <\/div><div class=\"gallery-col col\" >\n          <div class=\"col-inner\">\n                        <div class=\"box has-hover gallery-box box-default\">\n              <div class=\"box-image image-zoom box-shadow-1 box-shadow-2-hover image-cover\" style=\"padding-top:56.25%;\">\n                <img loading=\"lazy\" decoding=\"async\" width=\"800\" height=\"337\" src=\"https:\/\/www.cochilco.cl\/web\/wp-content\/uploads\/2024\/06\/eiti4-800x337.jpg\" class=\"attachment-medium size-medium\" alt=\"\" ids=\"10836,10837,10838,10839\" style=\"default\" lightbox=\"false\" col_spacing=\"small\" columns=\"2\" depth=\"1\" depth_hover=\"2\" image_height=\"56.25%\" image_hover=\"zoom\" srcset=\"https:\/\/www.cochilco.cl\/web\/wp-content\/uploads\/2024\/06\/eiti4-800x337.jpg 800w, https:\/\/www.cochilco.cl\/web\/wp-content\/uploads\/2024\/06\/eiti4-1400x590.jpg 1400w, https:\/\/www.cochilco.cl\/web\/wp-content\/uploads\/2024\/06\/eiti4-768x324.jpg 768w, https:\/\/www.cochilco.cl\/web\/wp-content\/uploads\/2024\/06\/eiti4-1536x647.jpg 1536w, https:\/\/www.cochilco.cl\/web\/wp-content\/uploads\/2024\/06\/eiti4.jpg 1860w\" sizes=\"auto, (max-width: 800px) 100vw, 800px\" \/>                                                              <\/div>\n              <div class=\"box-text text-left\" >\n                 <p>Reuni\u00f3n Sector Gobierno: 29 de enero de 2024<\/p>\n              <\/div>\n            <\/div>\n                      <\/div>\n         <\/div><\/div>\n\t\t<\/div>\n\t\t\t\t\t<\/div>\n\n\t\n<\/div>\n","protected":false},"excerpt":{"rendered":"","protected":false},"author":1,"featured_media":0,"parent":0,"menu_order":0,"comment_status":"closed","ping_status":"closed","template":"","meta":{"footnotes":""},"class_list":["post-10834","page","type-page","status-publish","hentry"],"_links":{"self":[{"href":"https:\/\/www.cochilco.cl\/web\/wp-json\/wp\/v2\/pages\/10834","targetHints":{"allow":["GET"]}}],"collection":[{"href":"https:\/\/www.cochilco.cl\/web\/wp-json\/wp\/v2\/pages"}],"about":[{"href":"https:\/\/www.cochilco.cl\/web\/wp-json\/wp\/v2\/types\/page"}],"author":[{"embeddable":true,"href":"https:\/\/www.cochilco.cl\/web\/wp-json\/wp\/v2\/users\/1"}],"replies":[{"embeddable":true,"href":"https:\/\/www.cochilco.cl\/web\/wp-json\/wp\/v2\/comments?post=10834"}],"version-history":[{"count":9,"href":"https:\/\/www.cochilco.cl\/web\/wp-json\/wp\/v2\/pages\/10834\/revisions"}],"predecessor-version":[{"id":13336,"href":"https:\/\/www.cochilco.cl\/web\/wp-json\/wp\/v2\/pages\/10834\/revisions\/13336"}],"wp:attachment":[{"href":"https:\/\/www.cochilco.cl\/web\/wp-json\/wp\/v2\/media?parent=10834"}],"curies":[{"name":"wp","href":"https:\/\/api.w.org\/{rel}","templated":true}]}}