{"id":12133,"date":"2024-10-16T12:05:50","date_gmt":"2024-10-16T15:05:50","guid":{"rendered":"https:\/\/app.cochilco.cl\/web\/?page_id=12133"},"modified":"2025-08-07T13:50:21","modified_gmt":"2025-08-07T16:50:21","slug":"mineria-en-un-minuto-resumenes-de-estudios","status":"publish","type":"page","link":"https:\/\/www.cochilco.cl\/web\/mineria-en-un-minuto-resumenes-de-estudios\/","title":{"rendered":"Miner\u00eda en un Minuto: Res\u00famenes de Estudios"},"content":{"rendered":"<div class=\"container section-title-container\" ><h3 class=\"section-title section-title-normal\"><b aria-hidden=\"true\"><\/b><span class=\"section-title-main\" >Miner\u00eda en un Minuto: Res\u00famenes de Estudios<\/span><b aria-hidden=\"true\"><\/b><\/h3><\/div>\n<p style=\"text-align: justify;\"><span class=\"ms-rteFontSize-3\">En esta secci\u00f3n podr\u00e1s encontrar breves videos que informan sobre los principales resultados de algunos de los estudios que elabora Cochilco y que permiten tener una idea general de lo que estos abordan.<\/span><\/p>\n<p style=\"text-align: justify;\"><span class=\"ms-rteFontSize-3\">Si deseas consultar los estudios puedes acceder a ellos a trav\u00e9s del siguiente link\u00a0<\/span><a href=\"https:\/\/www.cochilco.cl\/web\/inversion\/\"><span class=\"ms-rteFontSize-3\"><strong>Estudios<\/strong><\/span><\/a><\/p>\n<div class=\"row\"  id=\"row-320911041\">\n\n\t<div id=\"col-1459239168\" class=\"col medium-4 small-12 large-4 col-divided\"  >\n\t\t\t\t<div class=\"col-inner\"  >\n\t\t\t\n\t\t\t\n<div class=\"container section-title-container\" ><h4 class=\"section-title section-title-normal\"><b aria-hidden=\"true\"><\/b><span class=\"section-title-main\" >Tendencias del mercado del cobre<\/span><b aria-hidden=\"true\"><\/b><\/h4><\/div>\n<div class=\"video video-fit mb\" style=\"padding-top:100%;\"><p><iframe loading=\"lazy\" title=\"Tendencias del mercado del cobre\" width=\"1020\" height=\"574\" src=\"https:\/\/www.youtube.com\/embed\/g87OV4UWWOw?feature=oembed\" frameborder=\"0\" allow=\"accelerometer; autoplay; clipboard-write; encrypted-media; gyroscope; picture-in-picture; web-share\" referrerpolicy=\"strict-origin-when-cross-origin\" allowfullscreen><\/iframe><\/p>\n<\/div>\n<div class=\"container section-title-container\" ><h3 class=\"section-title section-title-normal\"><b aria-hidden=\"true\"><\/b><span class=\"section-title-main\" >Proyecci\u00f3n consumo de agua en la miner\u00eda del cobre<\/span><b aria-hidden=\"true\"><\/b><\/h3><\/div>\n<div class=\"video video-fit mb\" style=\"padding-top:100%;\"><p><iframe loading=\"lazy\" title=\"Proyecci\u00f3n consumo de agua en la miner\u00eda del cobre\" width=\"1020\" height=\"574\" src=\"https:\/\/www.youtube.com\/embed\/1yybT62O95Q?feature=oembed\" frameborder=\"0\" allow=\"accelerometer; autoplay; clipboard-write; encrypted-media; gyroscope; picture-in-picture; web-share\" referrerpolicy=\"strict-origin-when-cross-origin\" allowfullscreen><\/iframe><\/p>\n<\/div>\n<div class=\"container section-title-container\" ><h4 class=\"section-title section-title-normal\"><b aria-hidden=\"true\"><\/b><span class=\"section-title-main\" >Proyecci\u00f3n del consumo de energ\u00eda el\u00e9ctrica en la miner\u00eda del cobre 2024-2034<\/span><b aria-hidden=\"true\"><\/b><\/h4><\/div>\n<div class=\"video video-fit mb\" style=\"padding-top:100%;\"><p><iframe loading=\"lazy\" title=\"Proyecci\u00f3n del consumo de energ\u00eda el\u00e9ctrica en la miner\u00eda del cobre 2024 2034\" width=\"1020\" height=\"574\" src=\"https:\/\/www.youtube.com\/embed\/r1cWPgPo308?feature=oembed\" frameborder=\"0\" allow=\"accelerometer; autoplay; clipboard-write; encrypted-media; gyroscope; picture-in-picture; web-share\" referrerpolicy=\"strict-origin-when-cross-origin\" allowfullscreen><\/iframe><\/p>\n<\/div>\n\t\t<\/div>\n\t\t\t\t\t<\/div>\n\n\t\n\n\t<div id=\"col-1809346532\" class=\"col medium-4 small-12 large-4 col-divided\"  >\n\t\t\t\t<div class=\"col-inner\"  >\n\t\t\t\n\t\t\t\n<div class=\"container section-title-container\" ><h4 class=\"section-title section-title-normal\"><b aria-hidden=\"true\"><\/b><span class=\"section-title-main\" >Observatorio de costos de la miner\u00eda del cobre a\u00f1o 2024<\/span><b aria-hidden=\"true\"><\/b><\/h4><\/div>\n<div class=\"video video-fit mb\" style=\"padding-top:100%;\"><p><iframe loading=\"lazy\" title=\"Observatorio de costos de la miner\u00eda del cobre a\u00f1o 2024\" width=\"1020\" height=\"574\" src=\"https:\/\/www.youtube.com\/embed\/cGKD_B65aYI?feature=oembed\" frameborder=\"0\" allow=\"accelerometer; autoplay; clipboard-write; encrypted-media; gyroscope; picture-in-picture; web-share\" referrerpolicy=\"strict-origin-when-cross-origin\" allowfullscreen><\/iframe><\/p>\n<\/div>\n<div class=\"container section-title-container\" ><h4 class=\"section-title section-title-normal\"><b aria-hidden=\"true\"><\/b><span class=\"section-title-main\" >Levantamiento de iniciativas ESG en la miner\u00eda<\/span><b aria-hidden=\"true\"><\/b><\/h4><\/div>\n<div class=\"video video-fit mb\" style=\"padding-top:100%;\"><p><iframe loading=\"lazy\" title=\"Levantamiento de iniciativas ESG en la miner\u00eda\" width=\"1020\" height=\"574\" src=\"https:\/\/www.youtube.com\/embed\/mkY0wgTs1K4?feature=oembed\" frameborder=\"0\" allow=\"accelerometer; autoplay; clipboard-write; encrypted-media; gyroscope; picture-in-picture; web-share\" referrerpolicy=\"strict-origin-when-cross-origin\" allowfullscreen><\/iframe><\/p>\n<\/div>\n\t\t<\/div>\n\t\t\t\t\t<\/div>\n\n\t\n<\/div>\n","protected":false},"excerpt":{"rendered":"<p>En esta secci\u00f3n podr\u00e1s encontrar breves videos que informan sobre los principales resultados de algunos de los estudios que elabora Cochilco y que permiten tener una idea general de lo que estos abordan. Si deseas consultar los estudios puedes acceder a ellos a trav\u00e9s del siguiente link\u00a0Estudios<\/p>\n","protected":false},"author":1,"featured_media":0,"parent":0,"menu_order":0,"comment_status":"closed","ping_status":"closed","template":"","meta":{"footnotes":""},"class_list":["post-12133","page","type-page","status-publish","hentry"],"_links":{"self":[{"href":"https:\/\/www.cochilco.cl\/web\/wp-json\/wp\/v2\/pages\/12133","targetHints":{"allow":["GET"]}}],"collection":[{"href":"https:\/\/www.cochilco.cl\/web\/wp-json\/wp\/v2\/pages"}],"about":[{"href":"https:\/\/www.cochilco.cl\/web\/wp-json\/wp\/v2\/types\/page"}],"author":[{"embeddable":true,"href":"https:\/\/www.cochilco.cl\/web\/wp-json\/wp\/v2\/users\/1"}],"replies":[{"embeddable":true,"href":"https:\/\/www.cochilco.cl\/web\/wp-json\/wp\/v2\/comments?post=12133"}],"version-history":[{"count":30,"href":"https:\/\/www.cochilco.cl\/web\/wp-json\/wp\/v2\/pages\/12133\/revisions"}],"predecessor-version":[{"id":14176,"href":"https:\/\/www.cochilco.cl\/web\/wp-json\/wp\/v2\/pages\/12133\/revisions\/14176"}],"wp:attachment":[{"href":"https:\/\/www.cochilco.cl\/web\/wp-json\/wp\/v2\/media?parent=12133"}],"curies":[{"name":"wp","href":"https:\/\/api.w.org\/{rel}","templated":true}]}}