{"id":12143,"date":"2024-10-16T12:38:15","date_gmt":"2024-10-16T15:38:15","guid":{"rendered":"https:\/\/app.cochilco.cl\/web\/?page_id=12143"},"modified":"2025-04-02T16:28:47","modified_gmt":"2025-04-02T19:28:47","slug":"seminario-adhesion-de-chile-al-estandar-eiti-avances-y-desafios-septiembre-de-2024","status":"publish","type":"page","link":"https:\/\/www.cochilco.cl\/web\/seminario-adhesion-de-chile-al-estandar-eiti-avances-y-desafios-septiembre-de-2024\/","title":{"rendered":"Seminario &#8220;Adhesi\u00f3n de Chile al est\u00e1ndar EITI: avances y desaf\u00edos&#8221;. Septiembre de 2024"},"content":{"rendered":"<div class=\"row\"  id=\"row-86174338\">\n\n\t<div id=\"col-873078377\" class=\"col medium-3 small-12 large-3 col-divided\"  >\n\t\t\t\t<div class=\"col-inner\"  >\n\t\t\t\n\t\t\t\n<div class=\"container section-title-container\" ><h3 class=\"section-title section-title-normal\"><b aria-hidden=\"true\"><\/b><span class=\"section-title-main\" >INICIATIVA EITI CHILE<\/span><b aria-hidden=\"true\"><\/b><\/h3><\/div>\n\n<div id='iksm-10810' class='iksm iksm-10810 iksm-container '  data-id='10810' data-is-pro='1' data-source='menu'><div class='iksm-terms'><div class='iksm-terms-tree iksm-terms-tree--level-1 iksm-terms-tree--parents' style=''><div class=\"iksm-terms-tree__inner\">\n        <div class=\"iksm-term iksm-term--id-10846 iksm-term--parent\" data-id=\"10846\">\n            <div class=\"iksm-term__inner\" tabindex='0'>\n                <a class=\"iksm-term__link\" href='https:\/\/www.cochilco.cl\/web\/iniciativa-eiti-chile\/' target='_self' tabindex='-1'>\n\t\t\t\t        <span class=\"iksm-term__text\">Convocatoria<\/span>\n\t\t            <\/a>\n\t\t\t        <\/div>\n\t\t        <\/div>\n\n\t\t\n        <div class=\"iksm-term iksm-term--id-10845 iksm-term--parent\" data-id=\"10845\">\n            <div class=\"iksm-term__inner\" tabindex='0'>\n                <a class=\"iksm-term__link\" href='https:\/\/www.cochilco.cl\/web\/minutas\/' target='_self' tabindex='-1'>\n\t\t\t\t        <span class=\"iksm-term__text\">Minutas<\/span>\n\t\t            <\/a>\n\t\t\t        <\/div>\n\t\t        <\/div>\n\n\t\t\n        <div class=\"iksm-term iksm-term--id-10844 iksm-term--parent\" data-id=\"10844\">\n            <div class=\"iksm-term__inner\" tabindex='0'>\n                <a class=\"iksm-term__link\" href='https:\/\/www.cochilco.cl\/web\/fotografia-reuniones\/' target='_self' tabindex='-1'>\n\t\t\t\t        <span class=\"iksm-term__text\">Fotograf\u00eda Reuniones<\/span>\n\t\t            <\/a>\n\t\t\t        <\/div>\n\t\t        <\/div>\n\n\t\t\n        <div class=\"iksm-term iksm-term--id-12154 iksm-term--parent\" data-id=\"12154\">\n            <div class=\"iksm-term__inner\" tabindex='0'>\n                <a class=\"iksm-term__link\" href='https:\/\/www.cochilco.cl\/web\/seminario-adhesion-de-chile-al-estandar-eiti-avances-y-desafios-septiembre-de-2024\/' target='_self' tabindex='-1'>\n\t\t\t\t        <span class=\"iksm-term__text\">Seminario \u201cAdhesi\u00f3n de Chile al est\u00e1ndar EITI: avances y desaf\u00edos\u201d. Septiembre de 2024<\/span>\n\t\t            <\/a>\n\t\t\t        <\/div>\n\t\t        <\/div>\n\n\t\t\n        <div class=\"iksm-term iksm-term--id-12782 iksm-term--parent\" data-id=\"12782\">\n            <div class=\"iksm-term__inner\" tabindex='0'>\n                <a class=\"iksm-term__link\" href='https:\/\/www.cochilco.cl\/web\/seminario-la-iniciativa-de-transparencia-en-la-industria-extractiva-eiti-avances-y-desafios-en-chile-20-de-noviembre-de-2024\/' target='_self' tabindex='-1'>\n\t\t\t\t        <span class=\"iksm-term__text\">Seminario \u201cLa Iniciativa de Transparencia en la Industria Extractiva EITI: Avances y Desaf\u00edos en Chile\u201d. 20 de noviembre de 2024<\/span>\n\t\t            <\/a>\n\t\t\t        <\/div>\n\t\t        <\/div>\n\n\t\t\n        <div class=\"iksm-term iksm-term--id-12171 iksm-term--parent\" data-id=\"12171\">\n            <div class=\"iksm-term__inner\" tabindex='0'>\n                <a class=\"iksm-term__link\" href='https:\/\/www.cochilco.cl\/web\/reuniones-bilaterales-septiembre\/' target='_self' tabindex='-1'>\n\t\t\t\t        <span class=\"iksm-term__text\">Reuniones Bilaterales septiembre<\/span>\n\t\t            <\/a>\n\t\t\t        <\/div>\n\t\t        <\/div>\n\n\t\t\n        <div class=\"iksm-term iksm-term--id-12667 iksm-term--parent\" data-id=\"12667\">\n            <div class=\"iksm-term__inner\" tabindex='0'>\n                <a class=\"iksm-term__link\" href='https:\/\/www.cochilco.cl\/web\/bid-presta-asesoria-tecnica-al-gobierno-para-implementar-norma-eiti-en-el-sector-minero-en-chile\/' target='_self' tabindex='-1'>\n\t\t\t\t        <span class=\"iksm-term__text\">Comunicados de Prensa<\/span>\n\t\t            <\/a>\n\t\t\t        <\/div>\n\t\t        <\/div>\n\n\t\t\n        <div class=\"iksm-term iksm-term--id-13079 iksm-term--parent\" data-id=\"13079\">\n            <div class=\"iksm-term__inner\" tabindex='0'>\n                <a class=\"iksm-term__link\" href='https:\/\/www.cochilco.cl\/web\/miembros-del-gmp\/' target='_self' tabindex='-1'>\n\t\t\t\t        <span class=\"iksm-term__text\">Miembros del GMP<\/span>\n\t\t            <\/a>\n\t\t\t        <\/div>\n\t\t        <\/div>\n\n\t\t\n        <div class=\"iksm-term iksm-term--id-10843 iksm-term--parent\" data-id=\"10843\">\n            <div class=\"iksm-term__inner\" tabindex='0'>\n                <a class=\"iksm-term__link\" href='https:\/\/www.cochilco.cl\/web\/sitios-de-interes-2\/' target='_self' tabindex='-1'>\n\t\t\t\t        <span class=\"iksm-term__text\">Sitios de inter\u00e9s<\/span>\n\t\t            <\/a>\n\t\t\t        <\/div>\n\t\t        <\/div>\n\n\t\t<\/div><\/div><\/div><div id=\"iksm_data_args\" class=\"data-args\"  data-collapse_children_terms='' data-collapse_other_terms='' data-collapse_animation_duration='400' data-expand_animation_duration='400' data-toggle_by_item_click=''><\/div><\/div><script id=\"styles-copier-69eace293f504\">\n\t\t\t\/\/ Finding styles element\n\t        var element = document.getElementById(\"iksm-dynamic-style\");\n\t        if (!element) { \/\/ If no element (Cache plugins can remove tag), then creating a new one\n                element = document.createElement('style');\n                var head = document.getElementsByTagName(\"head\")\n                if (head && head[0]) {\n                \thead[0].appendChild(element);\n                } else {\n                  \tconsole.warn(\"Iks Menu | Error while printing styles. Please contact technical support.\");\n                }\n\t        }\n\t\t\t\/\/ Copying styles to <styles> tag\n\t        element.innerHTML += \".iksm-10810 .iksm-terms{transition:all 400ms;animation:iks-fade-in 1000ms;}.iksm-10810 .iksm-terms-tree--children > .iksm-terms-tree__inner{animation:iks-zoom-in 400ms;}.iksm-10810 .iksm-term__inner{background-color:rgba(255,255,255,1);min-height:44px;transition:all 400ms;}.iksm-10810 .iksm-term__inner:hover{background-color:rgba(236,236,236,1);}.iksm-10810 .iksm-term--current > .iksm-term__inner{background-color:rgba(212,212,212,1);}.iksm-10810 .iksm-term__link{color:rgba(0,0,0,1);font-size:15px;line-height:15px;font-weight:400;text-decoration:none;padding-top:5px;padding-right:15px;padding-bottom:5px;padding-left:15px;transition:all 400ms;}.iksm-10810 .iksm-term__inner:hover .iksm-term__link{color:rgba(50,50,50,1);}.iksm-10810 .iksm-term__toggle__inner{transition:transform 400ms}.iksm-10810 .iksm-term--expanded > .iksm-term__inner > .iksm-term__toggle > .iksm-term__toggle__inner{transform:rotate(180deg);}.iksm-10810 .iksm-term__toggle{color:rgba(133,133,133,1);font-size:22px;align-self:stretch;height:unset;;width:40px;transition:all 400ms;}.iksm-10810 .iksm-term__toggle:hover{color:rgba(0,0,0,1);}.iksm-10810 .iksm-term__image-container{width:30px;min-width:30px;height:30px;min-height:30px;margin-right:15px;transition:all 400ms;}.iksm-10810 .iksm-term__image{background-size:contain;background-position:center;background-repeat:no-repeat;}.iksm-10810 .iksm-term__image-container:hover{background-size:contain;background-position:center;background-repeat:no-repeat;}.iksm-10810 .iksm-term__inner:hover .iksm-term__image-container{background-size:contain;background-position:center;background-repeat:no-repeat;}.iksm-10810 .iksm-term__inner:focus .iksm-term__image-container{background-size:contain;background-position:center;background-repeat:no-repeat;}.iksm-10810 .iksm-term--current > .iksm-term__inner .iksm-term__image-container{background-size:contain;background-position:center;background-repeat:no-repeat;}.iksm-10810 .iksm-term--child .iksm-term__inner .iksm-term__image-container{background-size:contain;background-position:center;background-repeat:no-repeat;}.iksm-10810 .iksm-term--child .iksm-term__inner .iksm-term__image-container:hover{background-size:contain;background-position:center;background-repeat:no-repeat;}.iksm-10810 .iksm-term--child .iksm-term__inner .iksm-term__image-container:focus{background-size:contain;background-position:center;background-repeat:no-repeat;}.iksm-10810 .iksm-term--child.iksm-term--current > .iksm-term__inner .iksm-term__image-container{background-size:contain;background-position:center;background-repeat:no-repeat;}.iksm-10810  .iksm-term__text{flex: unset}.iksm-10810 .iksm-term__posts-count{color:rgba(133,133,133,1);font-size:16px;margin-left:10px;font-weight:400;transition:all 400ms;}.iksm-10810 .iksm-term--collapsing > .iksm-terms-tree--children > .iksm-terms-tree__inner{animation:iks-zoom-out 400ms;}\";\n\t        \/\/ Removing this script\n            var this_script = document.getElementById(\"styles-copier-69eace293f504\");\n            if (this_script) { \/\/ Cache plugins can remove tag\n\t            this_script.outerHTML = \"\";\n\t            if (this_script.parentNode) {\n\t                this_script.parentNode.removeChild(this_script);\n\t            }\n            }\n        <\/script>\n\n\t\t<\/div>\n\t\t\t\t\t<\/div>\n\n\t\n\n\t<div id=\"col-931875165\" class=\"col medium-9 small-12 large-9 col-divided\"  >\n\t\t\t\t<div class=\"col-inner\"  >\n\t\t\t\n\t\t\t\n<div class=\"container section-title-container\" ><h3 class=\"section-title section-title-normal\"><b aria-hidden=\"true\"><\/b><span class=\"section-title-main\" >Seminario Adhesi\u00f3n de Chile al est\u00e1ndar EITI: avances y desaf\u00edos<\/span><b aria-hidden=\"true\"><\/b><\/h3><\/div>\n<div class=\"accordion\">\n\t<div id=\"accordion-2773551090\" class=\"accordion-item\">\n\t\t<a id=\"accordion-2773551090-label\" class=\"accordion-title plain\" href=\"#accordion-item-comunicado-de-prensa\" aria-expanded=\"false\" aria-controls=\"accordion-2773551090-content\">\n\t\t\t<button class=\"toggle\" aria-label=\"Toggle\"><i class=\"icon-angle-down\" aria-hidden=\"true\"><\/i><\/button>\n\t\t\t<span>Comunicado de prensa<\/span>\n\t\t<\/a>\n\t\t<div id=\"accordion-2773551090-content\" class=\"accordion-inner\" aria-labelledby=\"accordion-2773551090-label\">\n\t\t\t\n<div class=\"row\"  id=\"row-1599162327\">\n\n\t<div id=\"col-1820489703\" class=\"col medium-8 small-12 large-8\"  >\n\t\t\t\t<div class=\"col-inner\"  >\n\t\t\t\n\t\t\t\n<p><strong>Descargar Comunicado de prensa<\/strong><\/p>\n\t\t<\/div>\n\t\t\t\t\t<\/div>\n\n\t\n\n\t<div id=\"col-1391451859\" class=\"col medium-4 small-12 large-4\"  >\n\t\t\t\t<div class=\"col-inner\"  >\n\t\t\t\n\t\t\t\n\t<div class=\"img has-hover x md-x lg-x y md-y lg-y\" id=\"image_89516650\">\n\t\t<a class=\"\" href=\"\/web\/download\/921\/eiti\/12452\/comunicado-eiti.pdf\" target=\"_blank\" rel=\"noopener\" >\t\t\t\t\t\t<div class=\"img-inner dark\" >\n\t\t\t<img loading=\"lazy\" decoding=\"async\" width=\"128\" height=\"128\" src=\"https:\/\/www.cochilco.cl\/web\/wp-content\/uploads\/2024\/06\/pdf.png\" class=\"attachment-large size-large\" alt=\"\" \/>\t\t\t\t\t\t\n\t\t\t\t\t<\/div>\n\t\t\t\t\t\t<\/a>\t\t\n<style>\n#image_89516650 {\n  width: 15%;\n}\n<\/style>\n\t<\/div>\n\t\n\t\t<\/div>\n\t\t\t\t\t<\/div>\n\n\t\n<\/div>\n\t\t<\/div>\n\t<\/div>\n\t\n\t<div id=\"accordion-22175970\" class=\"accordion-item\">\n\t\t<a id=\"accordion-22175970-label\" class=\"accordion-title plain\" href=\"#accordion-item-presentaciones\" aria-expanded=\"false\" aria-controls=\"accordion-22175970-content\">\n\t\t\t<button class=\"toggle\" aria-label=\"Toggle\"><i class=\"icon-angle-down\" aria-hidden=\"true\"><\/i><\/button>\n\t\t\t<span>Presentaciones<\/span>\n\t\t<\/a>\n\t\t<div id=\"accordion-22175970-content\" class=\"accordion-inner\" aria-labelledby=\"accordion-22175970-label\">\n\t\t\t\n<div class=\"row\"  id=\"row-1140270890\">\n\n\t<div id=\"col-2097087803\" class=\"col medium-8 small-12 large-8\"  >\n\t\t\t\t<div class=\"col-inner\"  >\n\t\t\t\n\t\t\t\n<p><strong>&#8220;Adhesi\u00f3n de Chile al est\u00e1ndar EITI: Avances y desaf\u00edos&#8221;<\/strong><\/p>\n<p><strong>&#8220;Estrategia Nacional de Integridad P\u00fablica&#8221;<\/strong><\/p>\n\t\t<\/div>\n\t\t\t\t\t<\/div>\n\n\t\n\n\t<div id=\"col-196014653\" class=\"col medium-4 small-12 large-4\"  >\n\t\t\t\t<div class=\"col-inner\"  >\n\t\t\t\n\t\t\t\n\t<div class=\"img has-hover x md-x lg-x y md-y lg-y\" id=\"image_1768524896\">\n\t\t<a class=\"\" href=\"\/web\/download\/921\/eiti\/12453\/procesoadhesion-chile-a-eiti_030924-r2.pdf\" target=\"_blank\" rel=\"noopener\" >\t\t\t\t\t\t<div class=\"img-inner dark\" >\n\t\t\t<img loading=\"lazy\" decoding=\"async\" width=\"128\" height=\"128\" src=\"https:\/\/www.cochilco.cl\/web\/wp-content\/uploads\/2024\/06\/pdf.png\" class=\"attachment-large size-large\" alt=\"\" \/>\t\t\t\t\t\t\n\t\t\t\t\t<\/div>\n\t\t\t\t\t\t<\/a>\t\t\n<style>\n#image_1768524896 {\n  width: 15%;\n}\n<\/style>\n\t<\/div>\n\t\n\t<div class=\"img has-hover x md-x lg-x y md-y lg-y\" id=\"image_2124678130\">\n\t\t<a class=\"\" href=\"\/web\/download\/921\/eiti\/12454\/ppt-eiti-3sept.pdf\" target=\"_blank\" rel=\"noopener\" >\t\t\t\t\t\t<div class=\"img-inner dark\" >\n\t\t\t<img loading=\"lazy\" decoding=\"async\" width=\"128\" height=\"128\" src=\"https:\/\/www.cochilco.cl\/web\/wp-content\/uploads\/2024\/06\/pdf.png\" class=\"attachment-large size-large\" alt=\"\" \/>\t\t\t\t\t\t\n\t\t\t\t\t<\/div>\n\t\t\t\t\t\t<\/a>\t\t\n<style>\n#image_2124678130 {\n  width: 15%;\n}\n<\/style>\n\t<\/div>\n\t\n\t\t<\/div>\n\t\t\t\t\t<\/div>\n\n\t\n<\/div>\n\t\t<\/div>\n\t<\/div>\n\t\n\t<div id=\"accordion-2590828171\" class=\"accordion-item\">\n\t\t<a id=\"accordion-2590828171-label\" class=\"accordion-title plain\" href=\"#accordion-item-fotograf\u00edas\" aria-expanded=\"false\" aria-controls=\"accordion-2590828171-content\">\n\t\t\t<button class=\"toggle\" aria-label=\"Toggle\"><i class=\"icon-angle-down\" aria-hidden=\"true\"><\/i><\/button>\n\t\t\t<span>Fotograf\u00edas<\/span>\n\t\t<\/a>\n\t\t<div id=\"accordion-2590828171-content\" class=\"accordion-inner\" aria-labelledby=\"accordion-2590828171-label\">\n\t\t\t\n<div class=\"row\"  id=\"row-1640998073\">\n\n\t<div id=\"col-1779722900\" class=\"col medium-4 small-12 large-4\"  >\n\t\t\t\t<div class=\"col-inner\"  >\n\t\t\t\n\t\t\t\n\t<div class=\"img has-hover x md-x lg-x y md-y lg-y\" id=\"image_1143639800\">\n\t\t\t\t\t\t\t\t<div class=\"img-inner dark\" >\n\t\t\t<img loading=\"lazy\" decoding=\"async\" width=\"1020\" height=\"765\" src=\"https:\/\/www.cochilco.cl\/web\/wp-content\/uploads\/2024\/10\/foto1eiti-1067x800.jpg\" class=\"attachment-large size-large\" alt=\"\" srcset=\"https:\/\/www.cochilco.cl\/web\/wp-content\/uploads\/2024\/10\/foto1eiti-1067x800.jpg 1067w, https:\/\/www.cochilco.cl\/web\/wp-content\/uploads\/2024\/10\/foto1eiti-533x400.jpg 533w, https:\/\/www.cochilco.cl\/web\/wp-content\/uploads\/2024\/10\/foto1eiti-768x576.jpg 768w, https:\/\/www.cochilco.cl\/web\/wp-content\/uploads\/2024\/10\/foto1eiti-1536x1152.jpg 1536w, https:\/\/www.cochilco.cl\/web\/wp-content\/uploads\/2024\/10\/foto1eiti-2048x1536.jpg 2048w\" sizes=\"auto, (max-width: 1020px) 100vw, 1020px\" \/>\t\t\t\t\t\t\n\t\t\t\t\t<\/div>\n\t\t\t\t\t\t\t\t\n<style>\n#image_1143639800 {\n  width: 100%;\n}\n<\/style>\n\t<\/div>\n\t\n\t\t<\/div>\n\t\t\t\t\t<\/div>\n\n\t\n\n\t<div id=\"col-729600995\" class=\"col medium-4 small-12 large-4\"  >\n\t\t\t\t<div class=\"col-inner\"  >\n\t\t\t\n\t\t\t\n\t<div class=\"img has-hover x md-x lg-x y md-y lg-y\" id=\"image_613784739\">\n\t\t\t\t\t\t\t\t<div class=\"img-inner dark\" >\n\t\t\t<img loading=\"lazy\" decoding=\"async\" width=\"488\" height=\"365\" src=\"https:\/\/www.cochilco.cl\/web\/wp-content\/uploads\/2024\/10\/foto2eiti.png\" class=\"attachment-large size-large\" alt=\"\" \/>\t\t\t\t\t\t\n\t\t\t\t\t<\/div>\n\t\t\t\t\t\t\t\t\n<style>\n#image_613784739 {\n  width: 100%;\n}\n<\/style>\n\t<\/div>\n\t\n\t\t<\/div>\n\t\t\t\t\t<\/div>\n\n\t\n\n\t<div id=\"col-975322943\" class=\"col medium-4 small-12 large-4\"  >\n\t\t\t\t<div class=\"col-inner\"  >\n\t\t\t\n\t\t\t\n\t<div class=\"img has-hover x md-x lg-x y md-y lg-y\" id=\"image_1260814871\">\n\t\t\t\t\t\t\t\t<div class=\"img-inner dark\" >\n\t\t\t<img loading=\"lazy\" decoding=\"async\" width=\"489\" height=\"361\" src=\"https:\/\/www.cochilco.cl\/web\/wp-content\/uploads\/2024\/10\/foto3eiti.png\" class=\"attachment-large size-large\" alt=\"\" \/>\t\t\t\t\t\t\n\t\t\t\t\t<\/div>\n\t\t\t\t\t\t\t\t\n<style>\n#image_1260814871 {\n  width: 100%;\n}\n<\/style>\n\t<\/div>\n\t\n\t\t<\/div>\n\t\t\t\t\t<\/div>\n\n\t\n<\/div>\n\t\t<\/div>\n\t<\/div>\n\t\n<\/div>\n\t\t<\/div>\n\t\t\t\t\t<\/div>\n\n\t\n<\/div>\n","protected":false},"excerpt":{"rendered":"","protected":false},"author":1,"featured_media":0,"parent":0,"menu_order":0,"comment_status":"closed","ping_status":"closed","template":"","meta":{"footnotes":""},"class_list":["post-12143","page","type-page","status-publish","hentry"],"_links":{"self":[{"href":"https:\/\/www.cochilco.cl\/web\/wp-json\/wp\/v2\/pages\/12143","targetHints":{"allow":["GET"]}}],"collection":[{"href":"https:\/\/www.cochilco.cl\/web\/wp-json\/wp\/v2\/pages"}],"about":[{"href":"https:\/\/www.cochilco.cl\/web\/wp-json\/wp\/v2\/types\/page"}],"author":[{"embeddable":true,"href":"https:\/\/www.cochilco.cl\/web\/wp-json\/wp\/v2\/users\/1"}],"replies":[{"embeddable":true,"href":"https:\/\/www.cochilco.cl\/web\/wp-json\/wp\/v2\/comments?post=12143"}],"version-history":[{"count":19,"href":"https:\/\/www.cochilco.cl\/web\/wp-json\/wp\/v2\/pages\/12143\/revisions"}],"predecessor-version":[{"id":13337,"href":"https:\/\/www.cochilco.cl\/web\/wp-json\/wp\/v2\/pages\/12143\/revisions\/13337"}],"wp:attachment":[{"href":"https:\/\/www.cochilco.cl\/web\/wp-json\/wp\/v2\/media?parent=12143"}],"curies":[{"name":"wp","href":"https:\/\/api.w.org\/{rel}","templated":true}]}}