{"id":12158,"date":"2024-10-16T12:48:54","date_gmt":"2024-10-16T15:48:54","guid":{"rendered":"https:\/\/app.cochilco.cl\/web\/?page_id=12158"},"modified":"2025-04-02T16:29:12","modified_gmt":"2025-04-02T19:29:12","slug":"reuniones-bilaterales-septiembre","status":"publish","type":"page","link":"https:\/\/www.cochilco.cl\/web\/reuniones-bilaterales-septiembre\/","title":{"rendered":"Reuniones Bilaterales septiembre"},"content":{"rendered":"<div class=\"row\"  id=\"row-1833894830\">\n\n\t<div id=\"col-1606816549\" class=\"col medium-3 small-12 large-3 col-divided\"  >\n\t\t\t\t<div class=\"col-inner\"  >\n\t\t\t\n\t\t\t\n<div class=\"container section-title-container\" ><h3 class=\"section-title section-title-normal\"><b aria-hidden=\"true\"><\/b><span class=\"section-title-main\" >INICIATIVA EITI CHILE<\/span><b aria-hidden=\"true\"><\/b><\/h3><\/div>\n\n<div id='iksm-10810' class='iksm iksm-10810 iksm-container '  data-id='10810' data-is-pro='1' data-source='menu'><div class='iksm-terms'><div class='iksm-terms-tree iksm-terms-tree--level-1 iksm-terms-tree--parents' style=''><div class=\"iksm-terms-tree__inner\">\n        <div class=\"iksm-term iksm-term--id-10846 iksm-term--parent\" data-id=\"10846\">\n            <div class=\"iksm-term__inner\" tabindex='0'>\n                <a class=\"iksm-term__link\" href='https:\/\/www.cochilco.cl\/web\/iniciativa-eiti-chile\/' target='_self' tabindex='-1'>\n\t\t\t\t        <span class=\"iksm-term__text\">Convocatoria<\/span>\n\t\t            <\/a>\n\t\t\t        <\/div>\n\t\t        <\/div>\n\n\t\t\n        <div class=\"iksm-term iksm-term--id-10845 iksm-term--parent\" data-id=\"10845\">\n            <div class=\"iksm-term__inner\" tabindex='0'>\n                <a class=\"iksm-term__link\" href='https:\/\/www.cochilco.cl\/web\/minutas\/' target='_self' tabindex='-1'>\n\t\t\t\t        <span class=\"iksm-term__text\">Minutas<\/span>\n\t\t            <\/a>\n\t\t\t        <\/div>\n\t\t        <\/div>\n\n\t\t\n        <div class=\"iksm-term iksm-term--id-10844 iksm-term--parent\" data-id=\"10844\">\n            <div class=\"iksm-term__inner\" tabindex='0'>\n                <a class=\"iksm-term__link\" href='https:\/\/www.cochilco.cl\/web\/fotografia-reuniones\/' target='_self' tabindex='-1'>\n\t\t\t\t        <span class=\"iksm-term__text\">Fotograf\u00eda Reuniones<\/span>\n\t\t            <\/a>\n\t\t\t        <\/div>\n\t\t        <\/div>\n\n\t\t\n        <div class=\"iksm-term iksm-term--id-12154 iksm-term--parent\" data-id=\"12154\">\n            <div class=\"iksm-term__inner\" tabindex='0'>\n                <a class=\"iksm-term__link\" href='https:\/\/www.cochilco.cl\/web\/seminario-adhesion-de-chile-al-estandar-eiti-avances-y-desafios-septiembre-de-2024\/' target='_self' tabindex='-1'>\n\t\t\t\t        <span class=\"iksm-term__text\">Seminario \u201cAdhesi\u00f3n de Chile al est\u00e1ndar EITI: avances y desaf\u00edos\u201d. Septiembre de 2024<\/span>\n\t\t            <\/a>\n\t\t\t        <\/div>\n\t\t        <\/div>\n\n\t\t\n        <div class=\"iksm-term iksm-term--id-12782 iksm-term--parent\" data-id=\"12782\">\n            <div class=\"iksm-term__inner\" tabindex='0'>\n                <a class=\"iksm-term__link\" href='https:\/\/www.cochilco.cl\/web\/seminario-la-iniciativa-de-transparencia-en-la-industria-extractiva-eiti-avances-y-desafios-en-chile-20-de-noviembre-de-2024\/' target='_self' tabindex='-1'>\n\t\t\t\t        <span class=\"iksm-term__text\">Seminario \u201cLa Iniciativa de Transparencia en la Industria Extractiva EITI: Avances y Desaf\u00edos en Chile\u201d. 20 de noviembre de 2024<\/span>\n\t\t            <\/a>\n\t\t\t        <\/div>\n\t\t        <\/div>\n\n\t\t\n        <div class=\"iksm-term iksm-term--id-12171 iksm-term--parent\" data-id=\"12171\">\n            <div class=\"iksm-term__inner\" tabindex='0'>\n                <a class=\"iksm-term__link\" href='https:\/\/www.cochilco.cl\/web\/reuniones-bilaterales-septiembre\/' target='_self' tabindex='-1'>\n\t\t\t\t        <span class=\"iksm-term__text\">Reuniones Bilaterales septiembre<\/span>\n\t\t            <\/a>\n\t\t\t        <\/div>\n\t\t        <\/div>\n\n\t\t\n        <div class=\"iksm-term iksm-term--id-12667 iksm-term--parent\" data-id=\"12667\">\n            <div class=\"iksm-term__inner\" tabindex='0'>\n                <a class=\"iksm-term__link\" href='https:\/\/www.cochilco.cl\/web\/bid-presta-asesoria-tecnica-al-gobierno-para-implementar-norma-eiti-en-el-sector-minero-en-chile\/' target='_self' tabindex='-1'>\n\t\t\t\t        <span class=\"iksm-term__text\">Comunicados de Prensa<\/span>\n\t\t            <\/a>\n\t\t\t        <\/div>\n\t\t        <\/div>\n\n\t\t\n        <div class=\"iksm-term iksm-term--id-13079 iksm-term--parent\" data-id=\"13079\">\n            <div class=\"iksm-term__inner\" tabindex='0'>\n                <a class=\"iksm-term__link\" href='https:\/\/www.cochilco.cl\/web\/miembros-del-gmp\/' target='_self' tabindex='-1'>\n\t\t\t\t        <span class=\"iksm-term__text\">Miembros del GMP<\/span>\n\t\t            <\/a>\n\t\t\t        <\/div>\n\t\t        <\/div>\n\n\t\t\n        <div class=\"iksm-term iksm-term--id-10843 iksm-term--parent\" data-id=\"10843\">\n            <div class=\"iksm-term__inner\" tabindex='0'>\n                <a class=\"iksm-term__link\" href='https:\/\/www.cochilco.cl\/web\/sitios-de-interes-2\/' target='_self' tabindex='-1'>\n\t\t\t\t        <span class=\"iksm-term__text\">Sitios de inter\u00e9s<\/span>\n\t\t            <\/a>\n\t\t\t        <\/div>\n\t\t        <\/div>\n\n\t\t<\/div><\/div><\/div><div id=\"iksm_data_args\" class=\"data-args\"  data-collapse_children_terms='' data-collapse_other_terms='' data-collapse_animation_duration='400' data-expand_animation_duration='400' data-toggle_by_item_click=''><\/div><\/div><script id=\"styles-copier-69d2a8c50ad0a\">\n\t\t\t\/\/ Finding styles element\n\t        var element = document.getElementById(\"iksm-dynamic-style\");\n\t        if (!element) { \/\/ If no element (Cache plugins can remove tag), then creating a new one\n                element = document.createElement('style');\n                var head = document.getElementsByTagName(\"head\")\n                if (head && head[0]) {\n                \thead[0].appendChild(element);\n                } else {\n                  \tconsole.warn(\"Iks Menu | Error while printing styles. Please contact technical support.\");\n                }\n\t        }\n\t\t\t\/\/ Copying styles to <styles> tag\n\t        element.innerHTML += \".iksm-10810 .iksm-terms{transition:all 400ms;animation:iks-fade-in 1000ms;}.iksm-10810 .iksm-terms-tree--children > .iksm-terms-tree__inner{animation:iks-zoom-in 400ms;}.iksm-10810 .iksm-term__inner{background-color:rgba(255,255,255,1);min-height:44px;transition:all 400ms;}.iksm-10810 .iksm-term__inner:hover{background-color:rgba(236,236,236,1);}.iksm-10810 .iksm-term--current > .iksm-term__inner{background-color:rgba(212,212,212,1);}.iksm-10810 .iksm-term__link{color:rgba(0,0,0,1);font-size:15px;line-height:15px;font-weight:400;text-decoration:none;padding-top:5px;padding-right:15px;padding-bottom:5px;padding-left:15px;transition:all 400ms;}.iksm-10810 .iksm-term__inner:hover .iksm-term__link{color:rgba(50,50,50,1);}.iksm-10810 .iksm-term__toggle__inner{transition:transform 400ms}.iksm-10810 .iksm-term--expanded > .iksm-term__inner > .iksm-term__toggle > .iksm-term__toggle__inner{transform:rotate(180deg);}.iksm-10810 .iksm-term__toggle{color:rgba(133,133,133,1);font-size:22px;align-self:stretch;height:unset;;width:40px;transition:all 400ms;}.iksm-10810 .iksm-term__toggle:hover{color:rgba(0,0,0,1);}.iksm-10810 .iksm-term__image-container{width:30px;min-width:30px;height:30px;min-height:30px;margin-right:15px;transition:all 400ms;}.iksm-10810 .iksm-term__image{background-size:contain;background-position:center;background-repeat:no-repeat;}.iksm-10810 .iksm-term__image-container:hover{background-size:contain;background-position:center;background-repeat:no-repeat;}.iksm-10810 .iksm-term__inner:hover .iksm-term__image-container{background-size:contain;background-position:center;background-repeat:no-repeat;}.iksm-10810 .iksm-term__inner:focus .iksm-term__image-container{background-size:contain;background-position:center;background-repeat:no-repeat;}.iksm-10810 .iksm-term--current > .iksm-term__inner .iksm-term__image-container{background-size:contain;background-position:center;background-repeat:no-repeat;}.iksm-10810 .iksm-term--child .iksm-term__inner .iksm-term__image-container{background-size:contain;background-position:center;background-repeat:no-repeat;}.iksm-10810 .iksm-term--child .iksm-term__inner .iksm-term__image-container:hover{background-size:contain;background-position:center;background-repeat:no-repeat;}.iksm-10810 .iksm-term--child .iksm-term__inner .iksm-term__image-container:focus{background-size:contain;background-position:center;background-repeat:no-repeat;}.iksm-10810 .iksm-term--child.iksm-term--current > .iksm-term__inner .iksm-term__image-container{background-size:contain;background-position:center;background-repeat:no-repeat;}.iksm-10810  .iksm-term__text{flex: unset}.iksm-10810 .iksm-term__posts-count{color:rgba(133,133,133,1);font-size:16px;margin-left:10px;font-weight:400;transition:all 400ms;}.iksm-10810 .iksm-term--collapsing > .iksm-terms-tree--children > .iksm-terms-tree__inner{animation:iks-zoom-out 400ms;}\";\n\t        \/\/ Removing this script\n            var this_script = document.getElementById(\"styles-copier-69d2a8c50ad0a\");\n            if (this_script) { \/\/ Cache plugins can remove tag\n\t            this_script.outerHTML = \"\";\n\t            if (this_script.parentNode) {\n\t                this_script.parentNode.removeChild(this_script);\n\t            }\n            }\n        <\/script>\n\n\t\t<\/div>\n\t\t\t\t\t<\/div>\n\n\t\n\n\t<div id=\"col-2059743668\" class=\"col medium-9 small-12 large-9 col-divided\"  >\n\t\t\t\t<div class=\"col-inner\"  >\n\t\t\t\n\t\t\t\n<div class=\"container section-title-container\" ><h3 class=\"section-title section-title-normal\"><b aria-hidden=\"true\"><\/b><span class=\"section-title-main\" >Reuniones bilaterales septiembre<\/span><b aria-hidden=\"true\"><\/b><\/h3><\/div>\n<p style=\"text-align: justify;\"><img loading=\"lazy\" decoding=\"async\" class=\"alignright wp-image-12150\" src=\"https:\/\/app.cochilco.cl\/web\/wp-content\/uploads\/2024\/10\/EITI001-533x400.jpg\" alt=\"\" width=\"500\" height=\"375\" srcset=\"https:\/\/www.cochilco.cl\/web\/wp-content\/uploads\/2024\/10\/EITI001-533x400.jpg 533w, https:\/\/www.cochilco.cl\/web\/wp-content\/uploads\/2024\/10\/EITI001-1067x800.jpg 1067w, https:\/\/www.cochilco.cl\/web\/wp-content\/uploads\/2024\/10\/EITI001-768x576.jpg 768w, https:\/\/www.cochilco.cl\/web\/wp-content\/uploads\/2024\/10\/EITI001-1536x1152.jpg 1536w, https:\/\/www.cochilco.cl\/web\/wp-content\/uploads\/2024\/10\/EITI001-2048x1536.jpg 2048w\" sizes=\"auto, (max-width: 500px) 100vw, 500px\" \/>04 de septiembre<\/p>\n<p style=\"text-align: justify;\"><strong>Natural Resource Governance Institute (NRGI)<\/strong><\/p>\n<p style=\"text-align: justify;\">La vicepresidenta ejecutiva (s), Claudia Rodr\u00edguez, y la directora de Estudios y Pol\u00edticas P\u00fablicas, Patricia Gamboa, sostuvieron una reuni\u00f3n protocolar con Fernando Patzi, director regional de Natural Resource Governance Institute (NRGI), y Pedro Zapata, representante para Chile de esta organizaci\u00f3n no gubernamental de presencia mundial.<\/p>\n<p style=\"text-align: justify;\">\u00a0<\/p>\n<p>\u00a0<\/p>\n<p>\u00a0<\/p>\n<p>\u00a0<\/p>\n<p style=\"text-align: justify;\"><img loading=\"lazy\" decoding=\"async\" class=\"alignright wp-image-12151\" src=\"https:\/\/app.cochilco.cl\/web\/wp-content\/uploads\/2024\/10\/EITI002-600x400.jpg\" alt=\"\" width=\"500\" height=\"333\" srcset=\"https:\/\/www.cochilco.cl\/web\/wp-content\/uploads\/2024\/10\/EITI002-600x400.jpg 600w, https:\/\/www.cochilco.cl\/web\/wp-content\/uploads\/2024\/10\/EITI002-1201x800.jpg 1201w, https:\/\/www.cochilco.cl\/web\/wp-content\/uploads\/2024\/10\/EITI002-768x512.jpg 768w, https:\/\/www.cochilco.cl\/web\/wp-content\/uploads\/2024\/10\/EITI002-1536x1023.jpg 1536w, https:\/\/www.cochilco.cl\/web\/wp-content\/uploads\/2024\/10\/EITI002.jpg 1600w\" sizes=\"auto, (max-width: 500px) 100vw, 500px\" \/>06 de septiembre.<\/p>\n<p style=\"text-align: justify;\"><strong>Subsecretaria de Relaciones Exteriores<\/strong><\/p>\n<p style=\"text-align: justify;\">La subsecretaria de Relaciones Exteriores, Gloria de la Fuente, recibi\u00f3 a la vicepresidenta ejecutiva (s), a la Directora de Estudios y Pol\u00edticas P\u00fablicas de Cochilco, y al asesor de EITI, Francisco Paris, para conocer el avance de la adhesi\u00f3n de la miner\u00eda a esta norma de transparencia.<\/p>\n<p style=\"text-align: justify;\">\u00a0<\/p>\n<p>\u00a0<\/p>\n<p>\u00a0<\/p>\n<p>\u00a0<\/p>\n<p style=\"text-align: justify;\"><img loading=\"lazy\" decoding=\"async\" class=\"alignright wp-image-12152\" src=\"https:\/\/app.cochilco.cl\/web\/wp-content\/uploads\/2024\/10\/EITI003-531x400.jpg\" alt=\"\" width=\"500\" height=\"376\" srcset=\"https:\/\/www.cochilco.cl\/web\/wp-content\/uploads\/2024\/10\/EITI003-531x400.jpg 531w, https:\/\/www.cochilco.cl\/web\/wp-content\/uploads\/2024\/10\/EITI003-1063x800.jpg 1063w, https:\/\/www.cochilco.cl\/web\/wp-content\/uploads\/2024\/10\/EITI003-768x578.jpg 768w, https:\/\/www.cochilco.cl\/web\/wp-content\/uploads\/2024\/10\/EITI003-1536x1157.jpg 1536w, https:\/\/www.cochilco.cl\/web\/wp-content\/uploads\/2024\/10\/EITI003.jpg 2040w\" sizes=\"auto, (max-width: 500px) 100vw, 500px\" \/>06 de septiembre<\/p>\n<p style=\"text-align: justify;\"><strong>Delegaci\u00f3n de la Uni\u00f3n Europea<\/strong><\/p>\n<p style=\"text-align: justify;\">La directora de Estudios y Pol\u00edticas P\u00fablicas se reuni\u00f3 con una delegaci\u00f3n de la Uni\u00f3n Europea, encabezada por el jefe de la Secci\u00f3n Econom\u00eda y Comercio, Andrea Nicolaj, para ver opciones de cooperaci\u00f3n en relaci\u00f3n con est\u00e1ndares sustentables en el sector de materias primas. La directora de Estudios abord\u00f3 avances del EITI en Chile.<\/p>\n\t\t<\/div>\n\t\t\t\t\t<\/div>\n\n\t\n<\/div>\n","protected":false},"excerpt":{"rendered":"","protected":false},"author":1,"featured_media":0,"parent":0,"menu_order":0,"comment_status":"closed","ping_status":"closed","template":"","meta":{"footnotes":""},"class_list":["post-12158","page","type-page","status-publish","hentry"],"_links":{"self":[{"href":"https:\/\/www.cochilco.cl\/web\/wp-json\/wp\/v2\/pages\/12158","targetHints":{"allow":["GET"]}}],"collection":[{"href":"https:\/\/www.cochilco.cl\/web\/wp-json\/wp\/v2\/pages"}],"about":[{"href":"https:\/\/www.cochilco.cl\/web\/wp-json\/wp\/v2\/types\/page"}],"author":[{"embeddable":true,"href":"https:\/\/www.cochilco.cl\/web\/wp-json\/wp\/v2\/users\/1"}],"replies":[{"embeddable":true,"href":"https:\/\/www.cochilco.cl\/web\/wp-json\/wp\/v2\/comments?post=12158"}],"version-history":[{"count":9,"href":"https:\/\/www.cochilco.cl\/web\/wp-json\/wp\/v2\/pages\/12158\/revisions"}],"predecessor-version":[{"id":13339,"href":"https:\/\/www.cochilco.cl\/web\/wp-json\/wp\/v2\/pages\/12158\/revisions\/13339"}],"wp:attachment":[{"href":"https:\/\/www.cochilco.cl\/web\/wp-json\/wp\/v2\/media?parent=12158"}],"curies":[{"name":"wp","href":"https:\/\/api.w.org\/{rel}","templated":true}]}}