{"id":13303,"date":"2025-04-02T08:54:55","date_gmt":"2025-04-02T11:54:55","guid":{"rendered":"https:\/\/www.cochilco.cl\/web\/?page_id=13303"},"modified":"2025-04-02T09:17:17","modified_gmt":"2025-04-02T12:17:17","slug":"encuesta-de-mineria-de-produccion-agua-y-energia-empae","status":"publish","type":"page","link":"https:\/\/www.cochilco.cl\/web\/encuesta-de-mineria-de-produccion-agua-y-energia-empae\/","title":{"rendered":"Encuesta de Miner\u00eda de Producci\u00f3n, Agua y Energ\u00eda (EMPAE)"},"content":{"rendered":"  <div id=\"page-header-2032838396\" class=\"page-header-wrapper\">\n  <div class=\"page-title light simple-title\">\n\n    \n    <div class=\"page-title-inner container align-center flex-row medium-flex-wrap\" >\n              <div class=\"title-wrapper flex-col text-left medium-text-center\">\n          <h1 class=\"entry-title mb-0\">\n            Encuesta de Miner\u00eda de Producci\u00f3n, Agua y Energ\u00eda (EMPAE)          <\/h1>\n        <\/div>\n                    <div class=\"title-content flex-col flex-right text-right medium-text-center\">\n        <ul class=\"nav sm-touch-scroll nav-line nav-uppercase text-left nav-left\"><li class=\"nav-single-page hidden\"><\/li><\/ul>      <\/div>\n    <\/div>\n\n       <\/div>\n    <\/div>\n  \n<div class=\"row\"  id=\"row-631950122\">\n\n\t<div id=\"col-2044057908\" class=\"col small-12 large-12\"  >\n\t\t\t\t<div class=\"col-inner\"  >\n\t\t\t\n\t\t\t\n<p>\u00a0<\/p>\n<p style=\"text-align: justify;\">Desde hace m\u00e1s de una d\u00e9cada, la Comisi\u00f3n Chilena del Cobre (COCHILCO), a trav\u00e9s de la Direcci\u00f3n de Estudios y Pol\u00edticas P\u00fablicas, solicita informaci\u00f3n anual a las empresas mineras referente a las variables m\u00e1s importantes de su gesti\u00f3n.<\/p>\n<p style=\"text-align: justify;\">Invitamos nuevamente a las empresas de la mediana y gran miner\u00eda del cobre a colaborar con nosotros y responder la Encuesta de Miner\u00eda de Producci\u00f3n, Agua y Energ\u00eda (EMPAE) a trav\u00e9s de nuestra nueva plataforma web que permite la recopilaci\u00f3n de informaci\u00f3n, gesti\u00f3n y an\u00e1lisis de datos, del sector minero, referente a la producci\u00f3n de cobre, agua, combustible, energ\u00eda, g\u00e9nero, entre otras.<\/p>\n<p style=\"text-align: justify;\">Este sistema es de f\u00e1cil acceso, intuitiva y puede ser contestada desde cualquier dispositivo.<\/p>\n<p style=\"text-align: justify;\">Lo invitamos a responder la encuesta a trav\u00e9s del siguiente\u00a0<a href=\"https:\/\/empae.cochilco.gob.cl\/externos\">ENLACE<\/a><\/p>\n<p style=\"text-align: justify;\">En el caso de existir dudas o solicitar alguna aclaraci\u00f3n respecto de los datos requeridos, por favor contactarnos a\u00a0<a href=\"mailto:cochilco@cochilco.cl\">cochilco@cochilco.cl<\/a><\/p>\n\t\t<\/div>\n\t\t\t\t\t<\/div>\n\n\t\n<\/div>\n<div class=\"container section-title-container\" ><h3 class=\"section-title section-title-normal\"><b aria-hidden=\"true\"><\/b><span class=\"section-title-main\" >TUTORIAL EMPAE<\/span><b aria-hidden=\"true\"><\/b><\/h3><\/div>\n\n<p><video width=\"100%\" height=\"100%\" controls=\"\"><source src=\"https:\/\/www.cochilco.cl\/web\/download\/984\/empae\/13295\/empae-tutorial.mp4\" type=\"video\/mp4\"><\/video><\/p>\n\n","protected":false},"excerpt":{"rendered":"","protected":false},"author":1,"featured_media":0,"parent":0,"menu_order":0,"comment_status":"closed","ping_status":"closed","template":"","meta":{"footnotes":""},"class_list":["post-13303","page","type-page","status-publish","hentry"],"_links":{"self":[{"href":"https:\/\/www.cochilco.cl\/web\/wp-json\/wp\/v2\/pages\/13303","targetHints":{"allow":["GET"]}}],"collection":[{"href":"https:\/\/www.cochilco.cl\/web\/wp-json\/wp\/v2\/pages"}],"about":[{"href":"https:\/\/www.cochilco.cl\/web\/wp-json\/wp\/v2\/types\/page"}],"author":[{"embeddable":true,"href":"https:\/\/www.cochilco.cl\/web\/wp-json\/wp\/v2\/users\/1"}],"replies":[{"embeddable":true,"href":"https:\/\/www.cochilco.cl\/web\/wp-json\/wp\/v2\/comments?post=13303"}],"version-history":[{"count":21,"href":"https:\/\/www.cochilco.cl\/web\/wp-json\/wp\/v2\/pages\/13303\/revisions"}],"predecessor-version":[{"id":13326,"href":"https:\/\/www.cochilco.cl\/web\/wp-json\/wp\/v2\/pages\/13303\/revisions\/13326"}],"wp:attachment":[{"href":"https:\/\/www.cochilco.cl\/web\/wp-json\/wp\/v2\/media?parent=13303"}],"curies":[{"name":"wp","href":"https:\/\/api.w.org\/{rel}","templated":true}]}}