{"id":4108,"date":"2021-11-03T12:51:29","date_gmt":"2021-11-03T12:51:29","guid":{"rendered":"http:\/\/localhost:8092\/web\/?page_id=4108"},"modified":"2026-03-11T15:17:06","modified_gmt":"2026-03-11T18:17:06","slug":"fiscalizacion-dl600-2","status":"publish","type":"page","link":"https:\/\/www.cochilco.cl\/web\/fiscalizacion-dl600-2\/","title":{"rendered":"Departamento de Fiscalizaci\u00f3n de Empresas Mineras del Estado"},"content":{"rendered":"\r\n<p>&nbsp;<\/p>\r\n<div class=\"row\"  id=\"row-1880502534\"> \n\t<div id=\"col-63978483\" class=\"col medium-3 small-12 large-3\"  >\n\t\t\t\t<div class=\"col-inner\"  >\n\t\t\t\n\t\t\t  <div id='iksm-10149' class='iksm iksm-10149 iksm-container '  data-id='10149' data-is-pro='1' data-source='menu'><div class='iksm-terms'><div class='iksm-terms-tree iksm-terms-tree--level-1 iksm-terms-tree--parents' style=''><div class=\"iksm-terms-tree__inner\">\n        <div class=\"iksm-term iksm-term--id-10102 iksm-term--parent\" data-id=\"10102\">\n            <div class=\"iksm-term__inner\" tabindex='0'>\n                <a class=\"iksm-term__link\" href='https:\/\/www.cochilco.cl\/web\/descripcion-general\/' target='_self' tabindex='-1'>\n\t\t\t\t        <span class=\"iksm-term__text\">Descripci\u00f3n General<\/span>\n\t\t            <\/a>\n\t\t\t        <\/div>\n\t\t        <\/div>\n\n\t\t\n        <div class=\"iksm-term iksm-term--id-10103 iksm-term--parent iksm-term--has-children iksm-term--expanded iksm-term--expanded-initial\" data-id=\"10103\">\n            <div class=\"iksm-term__inner\" tabindex='0'>\n                <a class=\"iksm-term__link\" href='https:\/\/www.cochilco.cl\/web\/mision-quienes-somos\/' target='_self' tabindex='-1'>\n\t\t\t\t        <span class=\"iksm-term__text\">Misi\u00f3n<\/span>\n\t\t            <\/a>\n\t\t\t            <div class=\"iksm-term__toggle\" tabindex=\"0\">\n                <span class=\"iksm-term__toggle__inner\"><i class='iks-icon-chevron-1'><\/i><\/span>\n            <\/div>\n\t\t\t        <\/div>\n\t\t<div class='iksm-terms-tree iksm-terms-tree--level-2 iksm-terms-tree--children' style='display: block;'><div class=\"iksm-terms-tree__inner\">\n        <div class=\"iksm-term iksm-term--id-10104 iksm-term--child\" data-id=\"10104\">\n            <div class=\"iksm-term__inner\" tabindex='0'>\n                <a class=\"iksm-term__link\" href='https:\/\/www.cochilco.cl\/web\/objetivos-estrategicos-quienes-somos\/' target='_self' tabindex='-1'>\n\t\t\t\t            <div\n              class=\"iksm-term__shifts\"\n              style=\"width:15px; min-width:15px; max-width:15px;\"><\/div>\n\t\t\t        <span class=\"iksm-term__text\">Objetivos-Estrat\u00e9gicos<\/span>\n\t\t            <\/a>\n\t\t\t        <\/div>\n\t\t        <\/div>\n\n\t\t<\/div><\/div>        <\/div>\n\n\t\t\n        <div class=\"iksm-term iksm-term--id-10105 iksm-term--parent\" data-id=\"10105\">\n            <div class=\"iksm-term__inner\" tabindex='0'>\n                <a class=\"iksm-term__link\" href='https:\/\/www.cochilco.cl\/web\/vicepresidenta-ejecutiva-s\/' target='_self' tabindex='-1'>\n\t\t\t\t        <span class=\"iksm-term__text\">Vicepresidenta Ejecutiva (s)<\/span>\n\t\t            <\/a>\n\t\t\t        <\/div>\n\t\t        <\/div>\n\n\t\t\n        <div class=\"iksm-term iksm-term--id-10106 iksm-term--parent iksm-term--has-children iksm-term--expanded iksm-term--expanded-initial\" data-id=\"10106\">\n            <div class=\"iksm-term__inner\" tabindex='0'>\n                <a class=\"iksm-term__link\" href='https:\/\/www.cochilco.cl\/web\/estructura-organizacional\/' target='_self' tabindex='-1'>\n\t\t\t\t        <span class=\"iksm-term__text\">Estructura Organizacional<\/span>\n\t\t            <\/a>\n\t\t\t            <div class=\"iksm-term__toggle\" tabindex=\"0\">\n                <span class=\"iksm-term__toggle__inner\"><i class='iks-icon-chevron-1'><\/i><\/span>\n            <\/div>\n\t\t\t        <\/div>\n\t\t<div class='iksm-terms-tree iksm-terms-tree--level-2 iksm-terms-tree--children' style='display: block;'><div class=\"iksm-terms-tree__inner\">\n        <div class=\"iksm-term iksm-term--id-10107 iksm-term--child\" data-id=\"10107\">\n            <div class=\"iksm-term__inner\" tabindex='0'>\n                <a class=\"iksm-term__link\" href='https:\/\/www.cochilco.cl\/web\/consejo\/' target='_self' tabindex='-1'>\n\t\t\t\t            <div\n              class=\"iksm-term__shifts\"\n              style=\"width:15px; min-width:15px; max-width:15px;\"><\/div>\n\t\t\t        <span class=\"iksm-term__text\">Consejo<\/span>\n\t\t            <\/a>\n\t\t\t        <\/div>\n\t\t        <\/div>\n\n\t\t\n        <div class=\"iksm-term iksm-term--id-10108 iksm-term--child\" data-id=\"10108\">\n            <div class=\"iksm-term__inner\" tabindex='0'>\n                <a class=\"iksm-term__link\" href='https:\/\/www.cochilco.cl\/web\/organigrama\/' target='_self' tabindex='-1'>\n\t\t\t\t            <div\n              class=\"iksm-term__shifts\"\n              style=\"width:15px; min-width:15px; max-width:15px;\"><\/div>\n\t\t\t        <span class=\"iksm-term__text\">Organigrama<\/span>\n\t\t            <\/a>\n\t\t\t        <\/div>\n\t\t        <\/div>\n\n\t\t<\/div><\/div>        <\/div>\n\n\t\t\n        <div class=\"iksm-term iksm-term--id-10112 iksm-term--parent iksm-term--has-children iksm-term--expanded iksm-term--expanded-initial\" data-id=\"10112\">\n            <div class=\"iksm-term__inner\" tabindex='0'>\n                <a class=\"iksm-term__link\" href='https:\/\/www.cochilco.cl\/web\/direcciones\/' target='_self' tabindex='-1'>\n\t\t\t\t        <span class=\"iksm-term__text\">Direcciones<\/span>\n\t\t            <\/a>\n\t\t\t            <div class=\"iksm-term__toggle\" tabindex=\"0\">\n                <span class=\"iksm-term__toggle__inner\"><i class='iks-icon-chevron-1'><\/i><\/span>\n            <\/div>\n\t\t\t        <\/div>\n\t\t<div class='iksm-terms-tree iksm-terms-tree--level-2 iksm-terms-tree--children' style='display: block;'><div class=\"iksm-terms-tree__inner\">\n        <div class=\"iksm-term iksm-term--id-10176 iksm-term--child\" data-id=\"10176\">\n            <div class=\"iksm-term__inner\" tabindex='0'>\n                <a class=\"iksm-term__link\" href='https:\/\/www.cochilco.cl\/web\/direccion-de-administracion-y-finanzas\/' target='_self' tabindex='-1'>\n\t\t\t\t            <div\n              class=\"iksm-term__shifts\"\n              style=\"width:15px; min-width:15px; max-width:15px;\"><\/div>\n\t\t\t        <span class=\"iksm-term__text\">Direcci\u00f3n de Administraci\u00f3n y Finanzas<\/span>\n\t\t            <\/a>\n\t\t\t        <\/div>\n\t\t        <\/div>\n\n\t\t\n        <div class=\"iksm-term iksm-term--id-10109 iksm-term--child\" data-id=\"10109\">\n            <div class=\"iksm-term__inner\" tabindex='0'>\n                <a class=\"iksm-term__link\" href='https:\/\/www.cochilco.cl\/web\/direccion-de-estudios-y-politicas-publicas-2\/' target='_self' tabindex='-1'>\n\t\t\t\t            <div\n              class=\"iksm-term__shifts\"\n              style=\"width:15px; min-width:15px; max-width:15px;\"><\/div>\n\t\t\t        <span class=\"iksm-term__text\">Direcci\u00f3n de Estudios y Pol\u00edticas P\u00fablicas<\/span>\n\t\t            <\/a>\n\t\t\t        <\/div>\n\t\t        <\/div>\n\n\t\t\n        <div class=\"iksm-term iksm-term--id-10110 iksm-term--child\" data-id=\"10110\">\n            <div class=\"iksm-term__inner\" tabindex='0'>\n                <a class=\"iksm-term__link\" href='https:\/\/www.cochilco.cl\/web\/direccion-de-evaluacion-de-inversiones-y-gestion-estrategica-2\/' target='_self' tabindex='-1'>\n\t\t\t\t            <div\n              class=\"iksm-term__shifts\"\n              style=\"width:15px; min-width:15px; max-width:15px;\"><\/div>\n\t\t\t        <span class=\"iksm-term__text\">Direcci\u00f3n de Evaluaci\u00f3n de Inversiones y Gesti\u00f3n Estrat\u00e9gica<\/span>\n\t\t            <\/a>\n\t\t\t        <\/div>\n\t\t        <\/div>\n\n\t\t\n        <div class=\"iksm-term iksm-term--id-10111 iksm-term--child iksm-term--has-children iksm-term--expanded iksm-term--expanded-initial\" data-id=\"10111\">\n            <div class=\"iksm-term__inner\" tabindex='0'>\n                <a class=\"iksm-term__link\" href='https:\/\/www.cochilco.cl\/web\/direccion-de-fiscalizacion-2\/' target='_self' tabindex='-1'>\n\t\t\t\t            <div\n              class=\"iksm-term__shifts\"\n              style=\"width:15px; min-width:15px; max-width:15px;\"><\/div>\n\t\t\t        <span class=\"iksm-term__text\">Direcci\u00f3n de Fiscalizaci\u00f3n<\/span>\n\t\t            <\/a>\n\t\t\t            <div class=\"iksm-term__toggle\" tabindex=\"0\">\n                <span class=\"iksm-term__toggle__inner\"><i class='iks-icon-chevron-1'><\/i><\/span>\n            <\/div>\n\t\t\t        <\/div>\n\t\t<div class='iksm-terms-tree iksm-terms-tree--level-3 iksm-terms-tree--children' style='display: block;'><div class=\"iksm-terms-tree__inner\">\n        <div class=\"iksm-term iksm-term--id-10114 iksm-term--child\" data-id=\"10114\">\n            <div class=\"iksm-term__inner\" tabindex='0'>\n                <a class=\"iksm-term__link\" href='https:\/\/www.cochilco.cl\/web\/fiscalizacion-de-las-exportaciones-del-cobre-y-sus-subproductos-2\/' target='_self' tabindex='-1'>\n\t\t\t\t            <div\n              class=\"iksm-term__shifts\"\n              style=\"width:30px; min-width:30px; max-width:30px;\"><\/div>\n\t\t\t        <span class=\"iksm-term__text\">Departamento de Fiscalizaci\u00f3n a la Comercializaci\u00f3n de Cobre y sus Subproductos<\/span>\n\t\t            <\/a>\n\t\t\t        <\/div>\n\t\t        <\/div>\n\n\t\t\n        <div class=\"iksm-term iksm-term--id-10115 iksm-term--child\" data-id=\"10115\">\n            <div class=\"iksm-term__inner\" tabindex='0'>\n                <a class=\"iksm-term__link\" href='https:\/\/www.cochilco.cl\/web\/fiscalizacion-dl600-2\/' target='_self' tabindex='-1'>\n\t\t\t\t            <div\n              class=\"iksm-term__shifts\"\n              style=\"width:30px; min-width:30px; max-width:30px;\"><\/div>\n\t\t\t        <span class=\"iksm-term__text\">Departamento de Fiscalizaci\u00f3n de Empresas Mineras del Estado<\/span>\n\t\t            <\/a>\n\t\t\t        <\/div>\n\t\t        <\/div>\n\n\t\t\n        <div class=\"iksm-term iksm-term--id-15508 iksm-term--child\" data-id=\"15508\">\n            <div class=\"iksm-term__inner\" tabindex='0'>\n                <a class=\"iksm-term__link\" href='https:\/\/www.cochilco.cl\/web\/unidad-de-denuncias-y-requerimientos-especiales\/' target='_self' tabindex='-1'>\n\t\t\t\t            <div\n              class=\"iksm-term__shifts\"\n              style=\"width:30px; min-width:30px; max-width:30px;\"><\/div>\n\t\t\t        <span class=\"iksm-term__text\">Unidad de Denuncias y Requerimientos Especiales<\/span>\n\t\t            <\/a>\n\t\t\t        <\/div>\n\t\t        <\/div>\n\n\t\t<\/div><\/div>        <\/div>\n\n\t\t\n        <div class=\"iksm-term iksm-term--id-10113 iksm-term--child\" data-id=\"10113\">\n            <div class=\"iksm-term__inner\" tabindex='0'>\n                <a class=\"iksm-term__link\" href='https:\/\/www.cochilco.cl\/web\/fiscalia\/' target='_self' tabindex='-1'>\n\t\t\t\t            <div\n              class=\"iksm-term__shifts\"\n              style=\"width:15px; min-width:15px; max-width:15px;\"><\/div>\n\t\t\t        <span class=\"iksm-term__text\">Fiscal\u00eda<\/span>\n\t\t            <\/a>\n\t\t\t        <\/div>\n\t\t        <\/div>\n\n\t\t<\/div><\/div>        <\/div>\n\n\t\t<\/div><\/div><\/div><div id=\"iksm_data_args\" class=\"data-args\"  data-collapse_children_terms='' data-collapse_other_terms='' data-collapse_animation_duration='400' data-expand_animation_duration='400' data-toggle_by_item_click=''><\/div><\/div><script id=\"styles-copier-69d4b1e385154\">\n\t\t\t\/\/ Finding styles element\n\t        var element = document.getElementById(\"iksm-dynamic-style\");\n\t        if (!element) { \/\/ If no element (Cache plugins can remove tag), then creating a new one\n                element = document.createElement('style');\n                var head = document.getElementsByTagName(\"head\")\n                if (head && head[0]) {\n                \thead[0].appendChild(element);\n                } else {\n                  \tconsole.warn(\"Iks Menu | Error while printing styles. Please contact technical support.\");\n                }\n\t        }\n\t\t\t\/\/ Copying styles to <styles> tag\n\t        element.innerHTML += \".iksm-10149 .iksm-terms{transition:all 400ms;animation:iks-fade-in 1000ms;}.iksm-10149 .iksm-terms-tree--children > .iksm-terms-tree__inner{animation:iks-zoom-in 400ms;}.iksm-10149 .iksm-term__inner{background-color:rgba(255,255,255,1);min-height:44px;transition:all 400ms;}.iksm-10149 .iksm-term__inner:hover{background-color:rgba(236,236,236,1);}.iksm-10149 .iksm-term--current > .iksm-term__inner{background-color:rgba(212,212,212,1);}.iksm-10149 .iksm-term__link{color:rgba(0,0,0,1);font-size:15px;line-height:15px;font-weight:400;text-decoration:none;padding-top:5px;padding-right:15px;padding-bottom:5px;padding-left:15px;transition:all 400ms;}.iksm-10149 .iksm-term__inner:hover .iksm-term__link{color:rgba(50,50,50,1);}.iksm-10149 .iksm-term__toggle__inner{transition:transform 400ms}.iksm-10149 .iksm-term--expanded > .iksm-term__inner > .iksm-term__toggle > .iksm-term__toggle__inner{transform:rotate(180deg);}.iksm-10149 .iksm-term__toggle{color:rgba(133,133,133,1);font-size:22px;align-self:stretch;height:unset;;width:40px;transition:all 400ms;}.iksm-10149 .iksm-term__toggle:hover{color:rgba(0,0,0,1);}.iksm-10149 .iksm-term__image-container{width:30px;min-width:30px;height:30px;min-height:30px;margin-right:15px;transition:all 400ms;}.iksm-10149 .iksm-term__image{background-size:contain;background-position:center;background-repeat:no-repeat;}.iksm-10149 .iksm-term__image-container:hover{background-size:contain;background-position:center;background-repeat:no-repeat;}.iksm-10149 .iksm-term__inner:hover .iksm-term__image-container{background-size:contain;background-position:center;background-repeat:no-repeat;}.iksm-10149 .iksm-term__inner:focus .iksm-term__image-container{background-size:contain;background-position:center;background-repeat:no-repeat;}.iksm-10149 .iksm-term--current > .iksm-term__inner .iksm-term__image-container{background-size:contain;background-position:center;background-repeat:no-repeat;}.iksm-10149 .iksm-term--child .iksm-term__inner .iksm-term__image-container{background-size:contain;background-position:center;background-repeat:no-repeat;}.iksm-10149 .iksm-term--child .iksm-term__inner .iksm-term__image-container:hover{background-size:contain;background-position:center;background-repeat:no-repeat;}.iksm-10149 .iksm-term--child .iksm-term__inner .iksm-term__image-container:focus{background-size:contain;background-position:center;background-repeat:no-repeat;}.iksm-10149 .iksm-term--child.iksm-term--current > .iksm-term__inner .iksm-term__image-container{background-size:contain;background-position:center;background-repeat:no-repeat;}.iksm-10149  .iksm-term__text{flex: unset}.iksm-10149 .iksm-term__posts-count{color:rgba(133,133,133,1);font-size:16px;margin-left:10px;font-weight:400;transition:all 400ms;}.iksm-10149 .iksm-term--collapsing > .iksm-terms-tree--children > .iksm-terms-tree__inner{animation:iks-zoom-out 400ms;}\";\n\t        \/\/ Removing this script\n            var this_script = document.getElementById(\"styles-copier-69d4b1e385154\");\n            if (this_script) { \/\/ Cache plugins can remove tag\n\t            this_script.outerHTML = \"\";\n\t            if (this_script.parentNode) {\n\t                this_script.parentNode.removeChild(this_script);\n\t            }\n            }\n        <\/script>  \t\t<\/div>\n\t\t\t\t\t<\/div>\n\n\t \n\t<div id=\"col-472734621\" class=\"col medium-8 small-12 large-8\"  >\n\t\t\t\t<div class=\"col-inner\"  >\n\t\t\t\n\t\t\t <div class=\"container section-title-container\" style=\"margin-top:0px;margin-bottom:0px;\"><h3 class=\"section-title section-title-normal\"><b aria-hidden=\"true\"><\/b><span class=\"section-title-main\" >Departamento de Fiscalizaci\u00f3n de Empresas Mineras del Estado<\/span><b aria-hidden=\"true\"><\/b><\/h3><\/div> \n\t<section class=\"section\" id=\"section_1286533094\">\n\t\t<div class=\"section-bg fill\" >\n\t\t\t\t\t\t\t\t\t<div class=\"section-bg-overlay absolute fill\"><\/div>\n\t\t\t\n\n\t\t<\/div>\n\n\t\t\n\n\t\t<div class=\"section-content relative\">\n\t\t\t <div class=\"row row-large row-dashed\"  id=\"row-240009825\"> \n\t<div id=\"col-868210387\" class=\"col medium-6 small-12 large-6\"  >\n\t\t\t\t<div class=\"col-inner text-left\"  >\n\t\t\t\n\t\t\t\r\n<div class=\"col-md-6 textopaginas\">\r\n<div class=\"col-md-6 textopaginas\">\r\n<p><span style=\"font-size: 85%;\">El Departamento de Fiscalizaci\u00f3n de Empresas Mineras del Estado fiscaliza el cabal y oportuno cumplimiento de leyes, reglamentos, normas y procedimientos de aplicaci\u00f3n espec\u00edfica al sector y la gesti\u00f3n de las Empresas Mineras del Estado. Resguardando los principios de eficiencia y eficacia en la administraci\u00f3n de recursos p\u00fablicos, la transparencia, igualdad en sus procesos licitatorios y probidad del actuar de sus funcionarios, mediante el desarrollo de auditor\u00edas\/fiscalizaciones y seguimientos a la efectividad de los planes de acci\u00f3n, incluidas sus filiales, esto en el marco de lo establecido en el D.L. N\u00b0 1.349.<\/span><\/p>\r\n<p><span style=\"font-size: 85%;\">\u00a0Asimismo, efect\u00faa monitoreo permanente de la implementaci\u00f3n de Planes de Acci\u00f3n e investigaciones requeridas en el marco de las auditor\u00edas o fiscalizaciones. Esto en el marco del acuerdo de Consejo de febrero del a\u00f1o 2022, el cual establece la obligatoriedad tanto de realizar las investigaciones internas y de implementar las medidas correctivas comprometidas por las mismas Empresas para subsanar las deficiencias o irregularidades que sean observadas o representadas por la Comisi\u00f3n, en el ejercicio de sus facultades de fiscalizaci\u00f3n encomendadas en el DL N\u00ba 1.349\/76.<\/span><\/p>\r\n<p style=\"text-align: justify;\"><span style=\"font-size: 85%;\">\u00a0Adicionalmente, mantener la coordinaci\u00f3n con la Contralor\u00eda General de la Rep\u00fablica, en el marco de lo establecido en el convenio suscrito el a\u00f1o 2018. As\u00ed como con otros \u00f3rganos del Estado que lo amerite, seg\u00fan las materias identificadas en las Empresas Mineras del Estado.<\/span><\/p>\r\n<\/div>\r\n<\/div>\r\n\t\t<\/div>\n\t\t\t\t\t<\/div>\n\n\t \n\t<div id=\"col-101941013\" class=\"col medium-6 small-12 large-6\"  >\n\t\t\t\t<div class=\"col-inner\"  >\n\t\t\t\n\t\t\t \t<div class=\"img has-hover x md-x lg-x y md-y lg-y\" id=\"image_1475941250\">\n\t\t\t\t\t\t\t\t<div class=\"img-inner dark\" >\n\t\t\t<img loading=\"lazy\" decoding=\"async\" width=\"350\" height=\"232\" src=\"https:\/\/www.cochilco.cl\/web\/wp-content\/uploads\/2021\/11\/fiscalizacion-dl600.jpg\" class=\"attachment-large size-large\" alt=\"\" \/>\t\t\t\t\t\t\n\t\t\t\t\t<\/div>\n\t\t\t\t\t\t\t\t\n<style>\n#image_1475941250 {\n  width: 100%;\n}\n<\/style>\n\t<\/div>\n\t \t\t<\/div>\n\t\t\t\t\t<\/div>\n\n\t <\/div> \t\t<\/div>\n\n\t\t\n<style>\n#section_1286533094 {\n  padding-top: 0px;\n  padding-bottom: 0px;\n  min-height: 1px;\n  background-color: rgb(193, 193, 193);\n}\n#section_1286533094 .section-bg-overlay {\n  background-color: rgba(255, 255, 255, 0.85);\n}\n<\/style>\n\t<\/section>\n\t \t\t<\/div>\n\t\t\t\t\t<\/div>\n\n\t <\/div>\r\n<p>&nbsp;<\/p>\r\n","protected":false},"excerpt":{"rendered":"","protected":false},"author":1,"featured_media":0,"parent":0,"menu_order":0,"comment_status":"closed","ping_status":"closed","template":"","meta":{"footnotes":""},"class_list":["post-4108","page","type-page","status-publish","hentry"],"_links":{"self":[{"href":"https:\/\/www.cochilco.cl\/web\/wp-json\/wp\/v2\/pages\/4108","targetHints":{"allow":["GET"]}}],"collection":[{"href":"https:\/\/www.cochilco.cl\/web\/wp-json\/wp\/v2\/pages"}],"about":[{"href":"https:\/\/www.cochilco.cl\/web\/wp-json\/wp\/v2\/types\/page"}],"author":[{"embeddable":true,"href":"https:\/\/www.cochilco.cl\/web\/wp-json\/wp\/v2\/users\/1"}],"replies":[{"embeddable":true,"href":"https:\/\/www.cochilco.cl\/web\/wp-json\/wp\/v2\/comments?post=4108"}],"version-history":[{"count":11,"href":"https:\/\/www.cochilco.cl\/web\/wp-json\/wp\/v2\/pages\/4108\/revisions"}],"predecessor-version":[{"id":15494,"href":"https:\/\/www.cochilco.cl\/web\/wp-json\/wp\/v2\/pages\/4108\/revisions\/15494"}],"wp:attachment":[{"href":"https:\/\/www.cochilco.cl\/web\/wp-json\/wp\/v2\/media?parent=4108"}],"curies":[{"name":"wp","href":"https:\/\/api.w.org\/{rel}","templated":true}]}}