{"id":4137,"date":"2021-11-03T13:26:02","date_gmt":"2021-11-03T13:26:02","guid":{"rendered":"http:\/\/localhost:8092\/web\/?page_id=4137"},"modified":"2025-07-01T17:48:09","modified_gmt":"2025-07-01T20:48:09","slug":"cuenta-publica-participativa-cochilco","status":"publish","type":"page","link":"https:\/\/www.cochilco.cl\/web\/cuenta-publica-participativa-cochilco\/","title":{"rendered":"Cuenta P\u00fablica Participativa Cochilco"},"content":{"rendered":"<div class=\"row\"  id=\"row-1580486581\">\n\n\t<div id=\"col-1218622256\" class=\"col small-12 large-12\"  >\n\t\t\t\t<div class=\"col-inner\"  >\n\t\t\t\n\t\t\t\n<div class=\"container section-title-container\" style=\"margin-top:0px;margin-bottom:0px;\"><h3 class=\"section-title section-title-normal\"><b aria-hidden=\"true\"><\/b><span class=\"section-title-main\" >CUENTA PUBLICA PARTICIPATIVA COCHILCO<\/span><b aria-hidden=\"true\"><\/b><\/h3><\/div>\n\n\t<section class=\"section\" id=\"section_1088926128\">\n\t\t<div class=\"section-bg fill\" >\n\t\t\t\t\t\t\t\t\t<div class=\"section-bg-overlay absolute fill\"><\/div>\n\t\t\t\n\n\t\t<\/div>\n\n\t\t\n\n\t\t<div class=\"section-content relative\">\n\t\t\t\n\t<div class=\"img has-hover x md-x lg-x y md-y lg-y\" id=\"image_428282059\">\n\t\t\t\t\t\t\t\t<div class=\"img-inner dark\" >\n\t\t\t<img loading=\"lazy\" decoding=\"async\" width=\"1034\" height=\"324\" src=\"https:\/\/www.cochilco.cl\/web\/wp-content\/uploads\/2025\/05\/CP2025-e1746631616342.jpg\" class=\"attachment-original size-original\" alt=\"\" srcset=\"https:\/\/www.cochilco.cl\/web\/wp-content\/uploads\/2025\/05\/CP2025-e1746631616342.jpg 1034w, https:\/\/www.cochilco.cl\/web\/wp-content\/uploads\/2025\/05\/CP2025-e1746631616342-800x251.jpg 800w, https:\/\/www.cochilco.cl\/web\/wp-content\/uploads\/2025\/05\/CP2025-e1746631616342-280x88.jpg 280w, https:\/\/www.cochilco.cl\/web\/wp-content\/uploads\/2025\/05\/CP2025-e1746631616342-768x241.jpg 768w\" sizes=\"auto, (max-width: 1034px) 100vw, 1034px\" \/>\t\t\t\t\t\t\n\t\t\t\t\t<\/div>\n\t\t\t\t\t\t\t\t\n<style>\n#image_428282059 {\n  width: 54%;\n}\n<\/style>\n\t<\/div>\n\t\n<p style=\"text-align: justify;\">\u00a0<\/p>\n<p style=\"text-align: justify;\"><strong>Te invitamos a participar en el proceso de Cuenta P\u00fablica 2025 de la Comisi\u00f3n Chilena del Cobre enviando tus comentarios y\/o preguntas respecto a su gesti\u00f3n correspondiente al a\u00f1o 2024.<\/strong><\/p>\n<p style=\"text-align: justify;\"><strong>Aqu\u00ed puedes descargar la presentaci\u00f3n, en versi\u00f3n borrador, en el que presentamos los principales hitos del trabajo realizado por Cochilco durante el a\u00f1o pasado. Y m\u00e1s abajo encontrar\u00e1s el link para que nos hagas llegar tus comentarios y\/o preguntas las que se incluir\u00e1n en la versi\u00f3n final del documento que estar\u00e1 publicado en la web con sus respectivas respuestas.<\/strong><\/p>\n<div class=\"row row-dashed\"  id=\"row-452058833\">\n\n\t<div id=\"col-6221882\" class=\"col medium-9 small-12 large-9\"  >\n\t\t\t\t<div class=\"col-inner\"  >\n\t\t\t\n\t\t\t\n<div class=\"accordion\">\n\t<div id=\"accordion-1776892408\" class=\"accordion-item\">\n\t\t<a id=\"accordion-1776892408-label\" class=\"accordion-title plain\" href=\"#accordion-item-informe-de-gesti\u00f3n-a\u00f1o-%202024\" aria-expanded=\"false\" aria-controls=\"accordion-1776892408-content\">\n\t\t\t<button class=\"toggle\" aria-label=\"Toggle\"><i class=\"icon-angle-down\" aria-hidden=\"true\"><\/i><\/button>\n\t\t\t<span>Informe de Gesti\u00f3n a\u00f1o  2024<\/span>\n\t\t<\/a>\n\t\t<div id=\"accordion-1776892408-content\" class=\"accordion-inner\" aria-labelledby=\"accordion-1776892408-label\">\n\t\t\t\n\t<div class=\"img has-hover x md-x lg-x y md-y lg-y\" id=\"image_394700037\">\n\t\t<a class=\"\" href=\"\/web\/wp-content\/uploads\/2025\/07\/INFORME_GESTION_2024_COCHILCO.pdf\" target=\"_blank\" rel=\"noopener\" >\t\t\t\t\t\t<div class=\"img-inner dark\" >\n\t\t\t<img loading=\"lazy\" decoding=\"async\" width=\"128\" height=\"128\" src=\"https:\/\/www.cochilco.cl\/web\/wp-content\/uploads\/2024\/06\/pdf.png\" class=\"attachment-original size-original\" alt=\"\" \/>\t\t\t\t\t\t\n\t\t\t\t\t<\/div>\n\t\t\t\t\t\t<\/a>\t\t\n<style>\n#image_394700037 {\n  width: 7%;\n}\n<\/style>\n\t<\/div>\n\t\n\t\t<\/div>\n\t<\/div>\n\t\n<\/div>\n<p>\u00a0<\/p>\n<p><strong><a href=\"https:\/\/forms.office.com\/r\/scvjFrQf8G\" target=\"_blank\" rel=\"noopener\">Accede ac\u00e1 al formulario para hacer tus comentarios y\/o preguntas<\/a>.<\/strong><\/p>\n\t\t<\/div>\n\t\t\t\t\t<\/div>\n\n\t\n<\/div>\n<div style=\"text-align: justify;\">\n<table style=\"border-collapse: collapse; width: 81.6765%; height: 292px;\" border=\"0\" cellspacing=\"0\" cellpadding=\"00\">\n<tbody>\n<tr style=\"height: 44px;\">\n<td style=\"width: 5.06823%; height: 44px;\"><strong style=\"font-size: 14.4px;\"><img loading=\"lazy\" decoding=\"async\" class=\"alignnone size-full wp-image-12462\" src=\"https:\/\/app.cochilco.cl\/web\/wp-content\/uploads\/2024\/10\/calendario.png\" alt=\"\" width=\"36\" height=\"38\" \/><\/strong><\/td>\n<td style=\"width: 20%; height: 44px;\"><strong>Calendario\u200b\u200b<\/strong><\/td>\n<td style=\"width: 103.514%; height: 44px;\"><strong>\u00a0<\/strong><\/td>\n<\/tr>\n<tr style=\"height: 43px;\">\n<td style=\"width: 5.06823%; height: 43px;\"><img loading=\"lazy\" decoding=\"async\" class=\"alignnone size-full wp-image-12458\" src=\"https:\/\/app.cochilco.cl\/web\/wp-content\/uploads\/2024\/10\/fechas.png\" alt=\"\" width=\"32\" height=\"37\" \/><\/td>\n<td style=\"width: 27.1701%; height: 43px;\"><strong>29-04-2025<\/strong><\/td>\n<td style=\"width: 103.514%; text-align: justify; height: 43px;\">Presentaci\u00f3n al COSOC del Informe de Gesti\u00f3n 2024, en versi\u00f3n borrador, para sus comentarios y consultas.<\/td>\n<\/tr>\n<tr style=\"height: 43px;\">\n<td style=\"width: 5.06823%; height: 41px;\"><img loading=\"lazy\" decoding=\"async\" class=\"alignnone size-full wp-image-12458\" src=\"https:\/\/app.cochilco.cl\/web\/wp-content\/uploads\/2024\/10\/fechas.png\" alt=\"\" width=\"32\" height=\"37\" \/><\/td>\n<td style=\"width: 27.1701%; height: 41px;\"><strong>07-05-2025<\/strong><\/td>\n<td style=\"width: 103.514%; text-align: justify; height: 41px;\">Env\u00edo a la ciudadan\u00eda del Informe de Gesti\u00f3n 2024 para comentarios y\/o consultas.<\/td>\n<\/tr>\n<tr style=\"height: 43px;\">\n<td style=\"width: 5.06823%; height: 43px;\"><img loading=\"lazy\" decoding=\"async\" class=\"alignnone size-full wp-image-12458\" src=\"https:\/\/app.cochilco.cl\/web\/wp-content\/uploads\/2024\/10\/fechas.png\" alt=\"\" width=\"32\" height=\"37\" \/><\/td>\n<td style=\"width: 27.1701%; height: 43px;\"><strong>22-05-2025 <\/strong><strong>\u00a0<\/strong><\/td>\n<td style=\"width: 103.514%; text-align: justify; height: 43px;\">Recepci\u00f3n consultas y comentarios de la ciudadan\u00eda.<\/td>\n<\/tr>\n<tr style=\"height: 21px;\">\n<td style=\"width: 5.06823%; height: 21px;\"><img loading=\"lazy\" decoding=\"async\" class=\"alignnone size-full wp-image-12458\" src=\"https:\/\/app.cochilco.cl\/web\/wp-content\/uploads\/2024\/10\/fechas.png\" alt=\"\" width=\"32\" height=\"37\" \/><\/td>\n<td style=\"width: 27.1701%; height: 21px;\"><strong>13-06-2025<\/strong><\/td>\n<td style=\"width: 103.514%; text-align: justify; height: 21px;\">Realizaci\u00f3n Cuenta P\u00fablica Participativa 2025.<\/td>\n<\/tr>\n<tr style=\"height: 100px;\">\n<td style=\"width: 5.06823%; height: 100px;\"><img loading=\"lazy\" decoding=\"async\" class=\"alignnone size-full wp-image-12458\" src=\"https:\/\/app.cochilco.cl\/web\/wp-content\/uploads\/2024\/10\/fechas.png\" alt=\"\" width=\"32\" height=\"37\" \/><\/td>\n<td style=\"width: 27.1701%; vertical-align: middle; height: 100px;\"><strong> 30-06-2025<\/strong><\/td>\n<td style=\"width: 103.514%; text-align: justify; height: 100px;\">Publicaci\u00f3n en el sitio web de la versi\u00f3n final del Informe de Gesti\u00f3n 2023 con comentarios y preguntas de la ciudadan\u00eda y respuesta del jefe de servicio.<\/td>\n<\/tr>\n<\/tbody>\n<\/table>\n<\/div>\n<div class=\"row\" style=\"text-align: justify;\">\n<div class=\"col-md-12\">\n<div>\u00a0<\/div>\n<div class=\"col-md-1\"><span style=\"font-size: 23.04px;\">\u00bfQu\u00e9 es la Cuenta P\u00fablica Participativa?<\/span><\/div>\n<div>\u00a0<\/div>\n<\/div>\n<\/div>\n<p style=\"text-align: justify;\">Las Cuentas P\u00fablicas Participativas son espacios de di\u00e1logo abierto entre la autoridad y los representantes de la Sociedad Civil y la ciudadan\u00eda en general, que permiten a la autoridad rendir cuenta anual de la gesti\u00f3n de las pol\u00edticas p\u00fablicas y a los ciudadanos ejercer control social sobre la gesti\u00f3n de la administraci\u00f3n p\u00fablica.<\/p>\n<p style=\"text-align: justify;\">La Cuenta P\u00fablica cuenta de dos etapas complementarias:<\/p>\n<ul>\n<li style=\"text-align: justify;\"><span style=\"font-size: 14.4px;\">Cuenta P\u00fablica Consejo de la Sociedad Civil (Cosoc)\u200b<\/span><\/li>\n<li>\n<p style=\"text-align: justify;\"><span style=\"font-size: 14.4px;\">\u200bCuenta p\u00fablica Virtual<\/span><\/p>\n<\/li>\n<\/ul>\n\t\t<\/div>\n\n\t\t\n<style>\n#section_1088926128 {\n  padding-top: 0px;\n  padding-bottom: 0px;\n  min-height: 1px;\n  background-color: rgb(193, 193, 193);\n}\n#section_1088926128 .section-bg-overlay {\n  background-color: rgba(255, 255, 255, 0.85);\n}\n<\/style>\n\t<\/section>\n\t\n\t\t<\/div>\n\t\t\t\t\t<\/div>\n\n\t\n<\/div>\n","protected":false},"excerpt":{"rendered":"","protected":false},"author":1,"featured_media":0,"parent":0,"menu_order":0,"comment_status":"closed","ping_status":"closed","template":"","meta":{"footnotes":""},"class_list":["post-4137","page","type-page","status-publish","hentry"],"_links":{"self":[{"href":"https:\/\/www.cochilco.cl\/web\/wp-json\/wp\/v2\/pages\/4137","targetHints":{"allow":["GET"]}}],"collection":[{"href":"https:\/\/www.cochilco.cl\/web\/wp-json\/wp\/v2\/pages"}],"about":[{"href":"https:\/\/www.cochilco.cl\/web\/wp-json\/wp\/v2\/types\/page"}],"author":[{"embeddable":true,"href":"https:\/\/www.cochilco.cl\/web\/wp-json\/wp\/v2\/users\/1"}],"replies":[{"embeddable":true,"href":"https:\/\/www.cochilco.cl\/web\/wp-json\/wp\/v2\/comments?post=4137"}],"version-history":[{"count":80,"href":"https:\/\/www.cochilco.cl\/web\/wp-json\/wp\/v2\/pages\/4137\/revisions"}],"predecessor-version":[{"id":13751,"href":"https:\/\/www.cochilco.cl\/web\/wp-json\/wp\/v2\/pages\/4137\/revisions\/13751"}],"wp:attachment":[{"href":"https:\/\/www.cochilco.cl\/web\/wp-json\/wp\/v2\/media?parent=4137"}],"curies":[{"name":"wp","href":"https:\/\/api.w.org\/{rel}","templated":true}]}}