{"id":4309,"date":"2021-11-03T18:07:56","date_gmt":"2021-11-03T18:07:56","guid":{"rendered":"http:\/\/localhost:8092\/web\/?page_id=4309"},"modified":"2026-01-12T10:16:44","modified_gmt":"2026-01-12T13:16:44","slug":"tramites-disponibles","status":"publish","type":"page","link":"https:\/\/www.cochilco.cl\/web\/tramites-disponibles\/","title":{"rendered":"Tr\u00e1mites Disponibles"},"content":{"rendered":"\n\t<section class=\"section\" id=\"section_1746190895\">\n\t\t<div class=\"section-bg fill\" >\n\t\t\t\t\t\t\t\t\t<div class=\"section-bg-overlay absolute fill\"><\/div>\n\t\t\t\n\n\t\t<\/div>\n\n\t\t\n\n\t\t<div class=\"section-content relative\">\n\t\t\t\n<div class=\"container section-title-container\" ><h1 class=\"section-title section-title-normal\"><b aria-hidden=\"true\"><\/b><span class=\"section-title-main\" >tr\u00e1mites disponibles<\/span><b aria-hidden=\"true\"><\/b><\/h1><\/div>\n<div class=\"row row-large align-middle\"  id=\"row-1849210908\">\n\n\t<div id=\"col-1657679973\" class=\"col medium-8 small-12 large-8\"  >\n\t\t\t\t<div class=\"col-inner text-left\"  >\n\t\t\t\n\t\t\t\n<h3 style=\"text-align: left;\">Acceder al Sistema Integral de Informaci\u00f3n y Atenci\u00f3n Ciudadana (SIAC)<\/h3>\n<p style=\"text-align: justify;\"><span style=\"font-size: 85%;\">El Sistema Integral de Informaci\u00f3n y Atenci\u00f3n Ciudadana (SIAC) es el medio que dispone el Estado para que la ciudadan\u00eda establezca comunicaci\u00f3n con las reparticiones p\u00fablicas con el objeto de contribuir a la conformaci\u00f3n de un gobierno moderno, al servicio de los ciudadanos. El SIAC posee espacios de atenci\u00f3n a trav\u00e9s de los cuales los ciudadanos pueden ejercer sus derechos ciudadanos, el cumplimiento de sus deberes, el acceso a productos y servicios que proveen las instituciones (productos estrat\u00e9gicos), la recepci\u00f3n de opiniones acerca de los programas que ofrece y la expresi\u00f3n de sus expectativas y necesidades a trav\u00e9s de reclamos y sugerencias.<\/span><\/p>\n<a href=\"\/web\/siac\/\" class=\"button primary\" >\n\t\t<span>Ver m\u00e1s detalle e IR al Tr\u00e1mite<\/span>\n\t<\/a>\n\n\t\t<\/div>\n\t\t\t\t\t<\/div>\n\n\t\n\n\t<div id=\"col-549276435\" class=\"col medium-4 small-12 large-4\"  >\n\t\t\t\t<div class=\"col-inner\"  >\n\t\t\t\n\t\t\t\n<h2 style=\"text-align: center;\">\u200b\u00bfTr\u00e1mite digitalizado?<\/h2>\n<h2 style=\"text-align: center;\">SI<\/h2>\n\t\t<\/div>\n\t\t\t\t\t<\/div>\n\n\t\n<\/div>\n<div class=\"row row-large align-middle\"  id=\"row-1009510190\">\n\n\t<div id=\"col-210753832\" class=\"col medium-8 small-12 large-8\"  >\n\t\t\t\t<div class=\"col-inner text-left\"  >\n\t\t\t\n\t\t\t\n<div class=\"is-divider divider clearfix\" style=\"max-width:100%;\"><\/div>\n<h3><span style=\"font-size: 85%;\">Determinaci\u00f3n de reservas de cobre para industria manufacturera nacional<\/span><\/h3>\n<p><span style=\"font-size: 85%;\">\u200b<\/span><span style=\"font-size: 85%;\">&#8220;Permite a las empresas manufactureras nacionales del cobre, que califican para ello, acceder a reservas del cobre por per\u00edodos anuales. <\/span><span style=\"font-size: 85%;\">Este proceso consta de tres etapas:<\/span><\/p>\n<ol>\n<li><span style=\"font-size: 85%;\">Asignaci\u00f3n de la reserva global anual a cada empresa manufacturera solicitante, y determinaci\u00f3n de las cantidades de cobre met\u00e1lico que a cada uno de los productores de cobre mineros clasificados como de la gran miner\u00eda le corresponde entregar a las empresas manufactureras.<\/span><\/li>\n<li><span style=\"font-size: 85%;\">Asignaci\u00f3n de las reservas espec\u00edficas (enero a marzo y abril a diciembre) en funci\u00f3n de las necesidades de cada empresa manufacturera.<\/span><\/li>\n<li><span style=\"font-size: 85%;\">Determinar, para los productores de cobre de la gran miner\u00eda, los gastos no incurridos por vender en el mercado local (fletes, seguros y otros) y los premios o descuentos obtenidos por sus ventas en el extranjero.&#8221;<\/span><\/li>\n<\/ol>\n<a href=\"\/web\/determinacion-de-la-reserva-de-cobre-para-la-industria-manufacturera-nacional\/\" class=\"button primary\" >\n\t\t<span>Ver m\u00e1s detalle e IR al Tr\u00e1mite<\/span>\n\t<\/a>\n\n\t\t<\/div>\n\t\t\t\t\t<\/div>\n\n\t\n\n\t<div id=\"col-889710127\" class=\"col medium-4 small-12 large-4\"  >\n\t\t\t\t<div class=\"col-inner\"  >\n\t\t\t\n\t\t\t\n\t<div id=\"text-229826212\" class=\"text hidden\">\n\t\t\n<h2 style=\"text-align: center;\">\u200b\u00bfTr\u00e1mite digitalizado?<\/h2>\n<h2 style=\"text-align: center;\">SI<\/h2>\n\t\t\t<\/div>\n\t\n\t\t<\/div>\n\t\t\t\t\t<\/div>\n\n\t\n<\/div>\n<div class=\"row row-large align-middle\"  id=\"row-541728760\">\n\n\t<div id=\"col-1906732475\" class=\"col medium-8 small-12 large-8\"  >\n\t\t\t\t<div class=\"col-inner text-left\"  >\n\t\t\t\n\t\t\t\n<div class=\"is-divider divider clearfix\" style=\"max-width:100%;\"><\/div>\n<h3 style=\"text-align: justify;\"><span style=\"font-size: 85%;\">Inscripci\u00f3n en el registro de exportadores de la Comisi\u00f3n Chilena del Cobre<\/span><\/h3>\n<p style=\"text-align: justify;\"><span style=\"font-size: 85%;\">&#8220;Permite inscribirse en el registro de exportadores de cobre y sus subproductos para acceder a los siguientes tr\u00e1mites:<\/span><\/p>\n<p style=\"text-align: justify;\"><span style=\"font-size: 85%;\">a) Registro de contratos de exportaci\u00f3n de cobre y sus subproductos. <\/span><br \/><span style=\"font-size: 85%;\">b) Revisi\u00f3n de Informes de Variaci\u00f3n del Valor (IVV).&#8221;<\/span><\/p>\n<a href=\"\/web\/inscripcion-en-el-registro-de-exportadores-de-la-comision-chilena-del-cobre\/\" class=\"button primary\" >\n\t\t<span>Ver m\u00e1s detalle e IR al Tr\u00e1mite<\/span>\n\t<\/a>\n\n\t\t<\/div>\n\t\t\t\t\t<\/div>\n\n\t\n\n\t<div id=\"col-1030250998\" class=\"col medium-4 small-12 large-4\"  >\n\t\t\t\t<div class=\"col-inner\"  >\n\t\t\t\n\t\t\t\n<h2 style=\"text-align: center;\">\u200b\u00bfTr\u00e1mite digitalizado?<\/h2>\n<h2 style=\"text-align: center;\">SI<\/h2>\n\t\t<\/div>\n\t\t\t\t\t<\/div>\n\n\t\n<\/div>\n<div class=\"row row-large align-middle\"  id=\"row-1785472258\">\n\n\t<div id=\"col-1151327697\" class=\"col medium-8 small-12 large-8\"  >\n\t\t\t\t<div class=\"col-inner text-left\"  >\n\t\t\t\n\t\t\t\n<div class=\"is-divider divider clearfix\" style=\"max-width:100%;\"><\/div>\n<h3 style=\"text-align: justify;\"><span style=\"font-size: 85%;\">Registro de contratos de exportaci\u00f3n de cobre y sus subproductos (SEM)<\/span><\/h3>\n<p style=\"text-align: justify;\"><span style=\"font-size: 85%;\">&#8220;Permite ingresar los t\u00e9rminos esenciales de los contratos de exportaci\u00f3n de cobre y sus subproductos, independiente de su modalidad de venta (a firme, bajo condici\u00f3n o en consignaci\u00f3n), al Sistema de Exportaciones Mineras (SEM 2.0). <\/span><br \/><span style=\"font-size: 85%;\">Para iniciar este tr\u00e1mite, debe estar inscrito en el registro de exportadores de Cochilco.&#8221;<\/span><\/p>\n<a href=\"\/web\/registro-de-contratos-de-exportacion-de-cobre-y-sus-subproductos-en-el-sistema-de-exportaciones-mineras-sem-2-0\/\" class=\"button primary\" >\n\t\t<span>Ver m\u00e1s detalle e IR al Tr\u00e1mite<\/span>\n\t<\/a>\n\n\t\t<\/div>\n\t\t\t\t\t<\/div>\n\n\t\n\n\t<div id=\"col-281662505\" class=\"col medium-4 small-12 large-4\"  >\n\t\t\t\t<div class=\"col-inner\"  >\n\t\t\t\n\t\t\t\n<h2 style=\"text-align: center;\">\u200b\u00bfTr\u00e1mite digitalizado?<\/h2>\n<h2 style=\"text-align: center;\">SI<\/h2>\n\t\t<\/div>\n\t\t\t\t\t<\/div>\n\n\t\n<\/div>\n<div class=\"row row-large align-middle\"  id=\"row-2091997648\">\n\n\t<div id=\"col-1061154239\" class=\"col medium-8 small-12 large-8\"  >\n\t\t\t\t<div class=\"col-inner text-left\"  >\n\t\t\t\n\t\t\t\n<div class=\"is-divider divider clearfix\" style=\"max-width:100%;\"><\/div>\n<h3 style=\"text-align: justify;\"><span style=\"font-size: 85%;\">Revisi\u00f3n de IVV (Informe de Variaci\u00f3n del Valor) de las exportaciones del cobre y sus subproductos<\/span><\/h3>\n<p style=\"text-align: justify;\"><span style=\"font-size: 85%;\">&#8220;Permite solicitar a la Comisi\u00f3n Chilena del Cobre la revisi\u00f3n y verificaci\u00f3n de los Informes de Variaci\u00f3n del Valor (IVV) presentados por los exportadores de cobre y sus subproductos.<\/span><br \/><span style=\"font-size: 85%;\">La revisi\u00f3n por parte de Cochilco est\u00e1 disponible durante todo el a\u00f1o en el Sistema de Exportaciones Mineras (SEM 2.0) y se debe realizar despu\u00e9s de ingresar el Informe de Variaci\u00f3n del Valor (IVV) en el Sistema Integrado de Comercio Exterior (SICEX).<\/span><\/p>\n<p style=\"text-align: justify;\"><span style=\"font-size: 85%;\">Para iniciar este tr\u00e1mite debe estar inscrito en el registro de exportadores de Cochilco.&#8221;<\/span><\/p>\n<a href=\"\/web\/revision-de-los-informes-de-variacion-del-valor-ivv-de-las-exportaciones-del-cobre-y-sus-subproductos\/\" class=\"button primary\" >\n\t\t<span>Ver m\u00e1s detalle e IR al Tr\u00e1mite<\/span>\n\t<\/a>\n\n\t\t<\/div>\n\t\t\t\t\t<\/div>\n\n\t\n\n\t<div id=\"col-1489503501\" class=\"col medium-4 small-12 large-4\"  >\n\t\t\t\t<div class=\"col-inner\"  >\n\t\t\t\n\t\t\t\n<h2 style=\"text-align: center;\">\u200b\u00bfTr\u00e1mite digitalizado?<\/h2>\n<h2 style=\"text-align: center;\">SI<\/h2>\n\t\t<\/div>\n\t\t\t\t\t<\/div>\n\n\t\n<\/div>\n\t\t<\/div>\n\n\t\t\n<style>\n#section_1746190895 {\n  padding-top: 60px;\n  padding-bottom: 60px;\n  background-color: rgb(193, 193, 193);\n}\n#section_1746190895 .section-bg-overlay {\n  background-color: rgba(255, 255, 255, 0.85);\n}\n<\/style>\n\t<\/section>\n\t\n","protected":false},"excerpt":{"rendered":"","protected":false},"author":1,"featured_media":0,"parent":0,"menu_order":0,"comment_status":"closed","ping_status":"closed","template":"","meta":{"footnotes":""},"class_list":["post-4309","page","type-page","status-publish","hentry"],"_links":{"self":[{"href":"https:\/\/www.cochilco.cl\/web\/wp-json\/wp\/v2\/pages\/4309","targetHints":{"allow":["GET"]}}],"collection":[{"href":"https:\/\/www.cochilco.cl\/web\/wp-json\/wp\/v2\/pages"}],"about":[{"href":"https:\/\/www.cochilco.cl\/web\/wp-json\/wp\/v2\/types\/page"}],"author":[{"embeddable":true,"href":"https:\/\/www.cochilco.cl\/web\/wp-json\/wp\/v2\/users\/1"}],"replies":[{"embeddable":true,"href":"https:\/\/www.cochilco.cl\/web\/wp-json\/wp\/v2\/comments?post=4309"}],"version-history":[{"count":16,"href":"https:\/\/www.cochilco.cl\/web\/wp-json\/wp\/v2\/pages\/4309\/revisions"}],"predecessor-version":[{"id":15294,"href":"https:\/\/www.cochilco.cl\/web\/wp-json\/wp\/v2\/pages\/4309\/revisions\/15294"}],"wp:attachment":[{"href":"https:\/\/www.cochilco.cl\/web\/wp-json\/wp\/v2\/media?parent=4309"}],"curies":[{"name":"wp","href":"https:\/\/api.w.org\/{rel}","templated":true}]}}