{"id":4400,"date":"2021-11-04T20:07:58","date_gmt":"2021-11-04T20:07:58","guid":{"rendered":"http:\/\/localhost:8092\/web\/?page_id=4400"},"modified":"2024-07-10T13:27:50","modified_gmt":"2024-07-10T16:27:50","slug":"normativa-minera","status":"publish","type":"page","link":"https:\/\/www.cochilco.cl\/web\/normativa-minera\/","title":{"rendered":"Normativa Minera"},"content":{"rendered":"\n<div class=\"row\"  id=\"row-1750067803\">\n\n\n\t<div id=\"col-2050644289\" class=\"col small-12 large-12\"  >\n\t\t\t\t<div class=\"col-inner\"  >\n\t\t\t\n\t\t\t\n\n<div class=\"container section-title-container\" style=\"margin-top:0px;margin-bottom:0px;\"><h3 class=\"section-title section-title-normal\"><b aria-hidden=\"true\"><\/b><span class=\"section-title-main\" >NORMATIVA MINERA<\/span><b aria-hidden=\"true\"><\/b><\/h3><\/div>\n\n\n\t<section class=\"section\" id=\"section_966412296\">\n\t\t<div class=\"section-bg fill\" >\n\t\t\t\t\t\t\t\t\t<div class=\"section-bg-overlay absolute fill\"><\/div>\n\t\t\t\n\n\t\t<\/div>\n\n\t\t\n\n\t\t<div class=\"section-content relative\">\n\t\t\t\n\n<div>\u00a0<\/div>\n<div class=\"textopaginas\" style=\"text-align: justify;\">La normativa minera m\u00e1s relevante se encuentra en esta secci\u00f3n, abarcando materias tan medulares como la institucionalidad p\u00fablica minera, la estructura b\u00e1sica de la actividad y las normas ambientales y de aguas, entre otras\u200b.<\/div>\n<div class=\"textopaginas\">\u00a0<\/div>\n<div class=\"accordion\">\n\n\t<div id=\"accordion-1786849984\" class=\"accordion-item\">\n\t\t<a id=\"accordion-1786849984-label\" class=\"accordion-title plain active\" href=\"#accordion-item-%20constituci\u00f3n-pol\u00edtica-de-la-rep\u00fablica-(art\u00edculo-19-n\u00b0-24,-incisos-6-a-10)-\" aria-expanded=\"true\" aria-controls=\"accordion-1786849984-content\">\n\t\t\t<button class=\"toggle\" aria-label=\"Toggle\"><i class=\"icon-angle-down\" aria-hidden=\"true\"><\/i><\/button>\n\t\t\t<span> Constituci\u00f3n Pol\u00edtica de la Rep\u00fablica (Art\u00edculo 19 N\u00b0 24, incisos 6 a 10) <\/span>\n\t\t<\/a>\n\t\t<div id=\"accordion-1786849984-content\" class=\"accordion-inner\" style=\"display: block;\" aria-labelledby=\"accordion-1786849984-label\">\n\t\t\t\n\n<ul>\n<li><strong><a href=\"https:\/\/www.leychile.cl\/Navegar?idNorma=242302\" target=\"_blank\" rel=\"noopener\">Descargar\u00a0archivo<\/a><\/strong><\/li>\n<\/ul>\n\n\t\t<\/div>\n\t<\/div>\n\t\n\t<div id=\"accordion-1379891039\" class=\"accordion-item\">\n\t\t<a id=\"accordion-1379891039-label\" class=\"accordion-title plain\" href=\"#accordion-item-%20leyes-org\u00e1nicas-(ley-org\u00e1nica-constitucional-de-concesiones-mineras)\" aria-expanded=\"false\" aria-controls=\"accordion-1379891039-content\">\n\t\t\t<button class=\"toggle\" aria-label=\"Toggle\"><i class=\"icon-angle-down\" aria-hidden=\"true\"><\/i><\/button>\n\t\t\t<span> Leyes Org\u00e1nicas (Ley Org\u00e1nica Constitucional de Concesiones Mineras)<\/span>\n\t\t<\/a>\n\t\t<div id=\"accordion-1379891039-content\" class=\"accordion-inner\" aria-labelledby=\"accordion-1379891039-label\">\n\t\t\t\n\n<ul>\n<li><strong><a href=\"https:\/\/www.leychile.cl\/Navegar?idNorma=29522\" target=\"_blank\" rel=\"noopener\">\u200bDescarg\u200bar\u00a0archivo<\/a><\/strong><\/li>\n<\/ul>\n\n\t\t<\/div>\n\t<\/div>\n\t\n\t<div id=\"accordion-3260733977\" class=\"accordion-item\">\n\t\t<a id=\"accordion-3260733977-label\" class=\"accordion-title plain\" href=\"#accordion-item-%20c\u00f3digos\" aria-expanded=\"false\" aria-controls=\"accordion-3260733977-content\">\n\t\t\t<button class=\"toggle\" aria-label=\"Toggle\"><i class=\"icon-angle-down\" aria-hidden=\"true\"><\/i><\/button>\n\t\t\t<span> C\u00f3digos<\/span>\n\t\t<\/a>\n\t\t<div id=\"accordion-3260733977-content\" class=\"accordion-inner\" aria-labelledby=\"accordion-3260733977-label\">\n\t\t\t\n\n<ul>\n<li><strong>C\u00f3digo de Miner\u00eda<\/strong>\u200b\u00a0\n<ul>\n<li><strong>\u200b<a href=\"https:\/\/www.leychile.cl\/Navegar?idNorma=29668&amp;idParte=0\" target=\"_blank\" rel=\"noopener\">Descargar archivo<\/a><\/strong><\/li>\n<\/ul>\n<\/li>\n<li><strong>C\u00f3digo de Aguas<\/strong>\u00a0<strong>\u200b<\/strong>\n<ul>\n<li><strong><a href=\"https:\/\/www.leychile.cl\/Navegar?idNorma=5605&amp;idParte=0\" target=\"_blank\" rel=\"noopener\">\u200bDescargar\u00a0archivo<\/a><\/strong><\/li>\n<\/ul>\n<\/li>\n<\/ul>\n\n\t\t<\/div>\n\t<\/div>\n\t\n\t<div id=\"accordion-3302791741\" class=\"accordion-item\">\n\t\t<a id=\"accordion-3302791741-label\" class=\"accordion-title plain\" href=\"#accordion-item-%20leyes\" aria-expanded=\"false\" aria-controls=\"accordion-3302791741-content\">\n\t\t\t<button class=\"toggle\" aria-label=\"Toggle\"><i class=\"icon-angle-down\" aria-hidden=\"true\"><\/i><\/button>\n\t\t\t<span> Leyes<\/span>\n\t\t<\/a>\n\t\t<div id=\"accordion-3302791741-content\" class=\"accordion-inner\" aria-labelledby=\"accordion-3302791741-label\">\n\t\t\t\n\n<ul>\n<li><strong>\u200b\u200bN\u00b0 19.300 sobre Bases Generales del Medio Ambiente<\/strong>\u00a0\n<ul>\n<li><strong>\u200b<a href=\"https:\/\/www.leychile.cl\/Navegar?idNorma=30667\" target=\"_blank\" rel=\"noopener\">Desca\u200brgar archivo<\/a><\/strong><\/li>\n<\/ul>\n<\/li>\n<\/ul>\n<ul>\n<li><strong><span class=\"ms-rteFontSize-4\">\u200b<\/span>\u200bN\u00b0 19.137 sobre Pertenencias Mineras de CODELCO\u00a0<\/strong><br \/>\n<ul>\n<li><strong>\u200b<a href=\"https:\/\/www.leychile.cl\/Navegar?idNorma=30504\" target=\"_blank\" rel=\"noopener\">Descargar archivo<\/a><\/strong>\u00a0<\/li>\n<\/ul>\n<\/li>\n<\/ul>\n<ul>\n<li><strong><span class=\"ms-rteFontSize-4\">\u200b<\/span>N<\/strong><strong>\u00b0\u00a0<\/strong><strong>20.469\u00a0<\/strong><strong>Modifica Tributaci\u00f3n Minera<\/strong>\u00a0\n<ul>\n<li><a href=\"https:\/\/www.leychile.cl\/Navegar?idNorma=1018335\" target=\"_blank\" rel=\"noopener\"><strong>\u200b\u200bDescargar archivo<\/strong><\/a><\/li>\n<\/ul>\n<\/li>\n<\/ul>\n<ul>\n<li><strong><span class=\"ms-rteFontSize-4\">\u200b<\/span>N<\/strong><strong>\u00b0\u00a0<\/strong><strong>21.591 sobre Royalty a la Miner\u00eda <\/strong>\n<ul>\n<li><a href=\"https:\/\/www.bcn.cl\/leychile\/navegar?idNorma=1194982\" target=\"_blank\" rel=\"noopener\"><strong>\u200b\u200bDescargar archivo<\/strong><\/a><\/li>\n<\/ul>\n<\/li>\n<\/ul>\n\n\t\t<\/div>\n\t<\/div>\n\t\n\t<div id=\"accordion-1839152539\" class=\"accordion-item\">\n\t\t<a id=\"accordion-1839152539-label\" class=\"accordion-title plain\" href=\"#accordion-item-%20decretos\" aria-expanded=\"false\" aria-controls=\"accordion-1839152539-content\">\n\t\t\t<button class=\"toggle\" aria-label=\"Toggle\"><i class=\"icon-angle-down\" aria-hidden=\"true\"><\/i><\/button>\n\t\t\t<span> Decretos<\/span>\n\t\t<\/a>\n\t\t<div id=\"accordion-1839152539-content\" class=\"accordion-inner\" aria-labelledby=\"accordion-1839152539-label\">\n\t\t\t\n\n<ul>\n<li>\u200b\u200b<strong>D.F.L. N\u00b0 302\/60 que aprueba disposiciones org\u00e1nicas y reglamentarias del Ministerio de Miner\u00eda<\/strong>\n<ul>\n<li><strong>\u200b<a href=\"https:\/\/www.leychile.cl\/Navegar?idNorma=5362\" target=\"_blank\" rel=\"noopener\">Descargar archivo<\/a><\/strong><\/li>\n<\/ul>\n<\/li>\n<li><strong><span class=\"ms-rteFontSize-4\">\u200b<\/span>D.F.L. N\u00b0 153\/60 que crea la Empresa Nacional de Miner\u00eda<\/strong>\n<ul>\n<li><a href=\"https:\/\/www.leychile.cl\/Navegar?idNorma=4836\" target=\"_blank\" rel=\"noopener\"><strong>\u200bDescargar archivo<\/strong><\/a><\/li>\n<\/ul>\n<\/li>\n<li><strong><span class=\"ms-rteFontSize-4\">\u200b<\/span>D.L. N\u00b0 1350\/76 que crea la Corporaci\u00f3n Nacional del Cobre de Chile<\/strong>\n<ul>\n<li><strong>\u200b<a href=\"https:\/\/www.leychile.cl\/Navegar?idNorma=6578\" target=\"_blank\" rel=\"noopener\">Descargar archivo<\/a>\u00a0\u200b<\/strong><\/li>\n<\/ul>\n<\/li>\n<li><strong><span class=\"ms-rteFontSize-4\">\u200b<\/span>D.L. N\u00b0 3525\/80 que crea el Servicio Nacional de Geolog\u00eda y Miner\u00eda<\/strong>\n<ul>\n<li><strong>\u200b\u200b<a href=\"https:\/\/www.leychile.cl\/Navegar?idNorma=7160\" target=\"_blank\" rel=\"noopener\">Descargar archivo\u200b<\/a><\/strong><\/li>\n<\/ul>\n<\/li>\n<\/ul>\n\n\t\t<\/div>\n\t<\/div>\n\t\n\t<div id=\"accordion-1006924121\" class=\"accordion-item\">\n\t\t<a id=\"accordion-1006924121-label\" class=\"accordion-title plain\" href=\"#accordion-item-%20reglamentos\" aria-expanded=\"false\" aria-controls=\"accordion-1006924121-content\">\n\t\t\t<button class=\"toggle\" aria-label=\"Toggle\"><i class=\"icon-angle-down\" aria-hidden=\"true\"><\/i><\/button>\n\t\t\t<span> Reglamentos<\/span>\n\t\t<\/a>\n\t\t<div id=\"accordion-1006924121-content\" class=\"accordion-inner\" aria-labelledby=\"accordion-1006924121-label\">\n\t\t\t\n\n<ul>\n<li>\u200b<strong>Reglamento de Seguridad Minera<\/strong><br \/>\n<ul>\n<li><strong>\u200b<a href=\"https:\/\/www.leychile.cl\/Navegar?idNorma=221064\" target=\"_blank\" rel=\"noopener\">Descargar archivo<\/a><\/strong><\/li>\n<\/ul>\n<\/li>\n<\/ul>\n<ul>\n<li><strong>Reglamento del Impuesto Espec\u00edfico a la Actividad Minera<\/strong>\n<ul>\n<li><strong>\u200b<a href=\"https:\/\/www.leychile.cl\/Navegar?idNorma=250188\" target=\"_blank\" rel=\"noopener\">Descargar archivo<\/a><\/strong><\/li>\n<\/ul>\n<\/li>\n<\/ul>\n\n\t\t<\/div>\n\t<\/div>\n\t\n\t<div id=\"accordion-3974148442\" class=\"accordion-item\">\n\t\t<a id=\"accordion-3974148442-label\" class=\"accordion-title plain\" href=\"#accordion-item-%20normas-internas-cochilco\" aria-expanded=\"false\" aria-controls=\"accordion-3974148442-content\">\n\t\t\t<button class=\"toggle\" aria-label=\"Toggle\"><i class=\"icon-angle-down\" aria-hidden=\"true\"><\/i><\/button>\n\t\t\t<span> Normas Internas Cochilco<\/span>\n\t\t<\/a>\n\t\t<div id=\"accordion-3974148442-content\" class=\"accordion-inner\" aria-labelledby=\"accordion-3974148442-label\">\n\t\t\t\n\n<ul>\n<li>\u200b<strong>D.L. N\u00b0 1.349\/76\u00a0\u200b(Ley Org\u00e1nica Cochilco)<\/strong><\/li>\n<\/ul>\n<ul>\n<li style=\"list-style-type: none;\">\n<ul>\n<li><strong>\u200b<a href=\"https:\/\/www.leychile.cl\/Navegar?idNorma=3428&amp;idVersion=\" target=\"_blank\" rel=\"noopener\">Descargar archivo<\/a><\/strong><\/li>\n<\/ul>\n<\/li>\n<li><strong><span class=\"ms-rteFontSize-4\">\u200b<\/span>Acuerdo de Consejo que Fija T\u00e9rminos Esenciales de los Contratos de Exportaciones de Cobre y sus Subproductos,<\/strong><strong>\u00a0<\/strong><strong>de 27 de marzo de 2020<\/strong>\n<ul>\n<li><strong>\u200b<a href=\"https:\/\/www.leychile.cl\/Navegar?idNorma=1145267\" target=\"_blank\" rel=\"noopener\">Descargar archivo<\/a><\/strong><\/li>\n<\/ul>\n<\/li>\n<li><strong><span class=\"ms-rteFontSize-4\">\u200b<\/span>Resoluci\u00f3n Aprobatoria Exenta N\u00b0 29, de 14 de abril de 2020 (Deja sin efecto Reglamento para el Funcionamiento del Comit\u00e9 de\u00a0Sanciones de la Comisi\u00f3n Chilena del Cobre y dicta nuevo texto)<a href=\"https:\/\/www.leychile.cl\/Navegar?idNorma=1146033\" target=\"_blank\" rel=\"noopener\">\u200b\u200b<\/a><\/strong>\n<ul>\n<li><strong><a href=\"https:\/\/www.leychile.cl\/Navegar?idNorma=1146033\" target=\"_blank\" rel=\"noopener\">Descargar archivo\u200b<\/a>\u200b<\/strong><\/li>\n<\/ul>\n<\/li>\n<\/ul>\n<div>\n<ul>\n<li><strong>Resoluci\u00f3n Exenta N\u00b0 42 Autoriza Modalidad de Funcionamiento que indica del Comit\u00e9 de Sanciones.<\/strong>\n<ul>\n<li><strong>\u200b<a href=\"https:\/\/www.cochilco.cl\/transparencia\/Archivos\/Actos\/RAE%20N%2042%20FUNCIONAMIENTO%20VIRTUAL%20COMIT%C3%89%20DE%20SANCIONES.pdf\" target=\"_blank\" rel=\"noopener\">Descargar a\u200brchivo<\/a><\/strong><\/li>\n<\/ul>\n<\/li>\n<\/ul>\n<\/div>\n\n\t\t<\/div>\n\t<\/div>\n\t\n\n<\/div>\n\n\t\t<\/div>\n\n\t\t\n<style>\n#section_966412296 {\n  padding-top: 0px;\n  padding-bottom: 0px;\n  min-height: 1px;\n  background-color: rgb(193, 193, 193);\n}\n#section_966412296 .section-bg-overlay {\n  background-color: rgba(255, 255, 255, 0.85);\n}\n<\/style>\n\t<\/section>\n\t\n\n\t\t<\/div>\n\t\t\t\t\t<\/div>\n\n\t\n\n<\/div>\n\n","protected":false},"excerpt":{"rendered":"","protected":false},"author":1,"featured_media":0,"parent":0,"menu_order":0,"comment_status":"closed","ping_status":"closed","template":"","meta":{"footnotes":""},"class_list":["post-4400","page","type-page","status-publish","hentry"],"_links":{"self":[{"href":"https:\/\/www.cochilco.cl\/web\/wp-json\/wp\/v2\/pages\/4400","targetHints":{"allow":["GET"]}}],"collection":[{"href":"https:\/\/www.cochilco.cl\/web\/wp-json\/wp\/v2\/pages"}],"about":[{"href":"https:\/\/www.cochilco.cl\/web\/wp-json\/wp\/v2\/types\/page"}],"author":[{"embeddable":true,"href":"https:\/\/www.cochilco.cl\/web\/wp-json\/wp\/v2\/users\/1"}],"replies":[{"embeddable":true,"href":"https:\/\/www.cochilco.cl\/web\/wp-json\/wp\/v2\/comments?post=4400"}],"version-history":[{"count":32,"href":"https:\/\/www.cochilco.cl\/web\/wp-json\/wp\/v2\/pages\/4400\/revisions"}],"predecessor-version":[{"id":11240,"href":"https:\/\/www.cochilco.cl\/web\/wp-json\/wp\/v2\/pages\/4400\/revisions\/11240"}],"wp:attachment":[{"href":"https:\/\/www.cochilco.cl\/web\/wp-json\/wp\/v2\/media?parent=4400"}],"curies":[{"name":"wp","href":"https:\/\/api.w.org\/{rel}","templated":true}]}}