{"id":4562,"date":"2022-01-12T19:08:25","date_gmt":"2022-01-12T19:08:25","guid":{"rendered":"http:\/\/localhost:8092\/web\/?page_id=4562"},"modified":"2025-10-01T10:08:13","modified_gmt":"2025-10-01T13:08:13","slug":"historico-precio-de-los-metales","status":"publish","type":"page","link":"https:\/\/www.cochilco.cl\/web\/historico-precio-de-los-metales\/","title":{"rendered":"Hist\u00f3rico &#8211; Precio de los Metales\u200b\u200b\u200b"},"content":{"rendered":"<div class=\"row\"  id=\"row-270187152\">\n\n\t<div id=\"col-1117866378\" class=\"col medium-3 small-12 large-3 col-divided\"  >\n\t\t\t\t<div class=\"col-inner\"  >\n\t\t\t\n\t\t\t\n\n<div id='iksm-10190' class='iksm iksm-10190 iksm-container '  data-id='10190' data-is-pro='1' data-source='menu'><div class='iksm-terms'><div class='iksm-terms-tree iksm-terms-tree--level-1 iksm-terms-tree--parents' style=''><div class=\"iksm-terms-tree__inner\">\n        <div class=\"iksm-term iksm-term--id-10182 iksm-term--parent\" data-id=\"10182\">\n            <div class=\"iksm-term__inner\" tabindex='0'>\n                <a class=\"iksm-term__link\" href='https:\/\/www.cochilco.cl\/web\/la-rueda-diaria\/' target='_self' tabindex='-1'>\n\t\t\t\t        <span class=\"iksm-term__text\">La Rueda Diaria<\/span>\n\t\t            <\/a>\n\t\t\t        <\/div>\n\t\t        <\/div>\n\n\t\t\n        <div class=\"iksm-term iksm-term--id-10183 iksm-term--parent\" data-id=\"10183\">\n            <div class=\"iksm-term__inner\" tabindex='0'>\n                <a class=\"iksm-term__link\" href='https:\/\/www.cochilco.cl\/web\/la-rueda-mensual\/' target='_self' tabindex='-1'>\n\t\t\t\t        <span class=\"iksm-term__text\">Resumen Precios Diarios B.M.L<\/span>\n\t\t            <\/a>\n\t\t\t        <\/div>\n\t\t        <\/div>\n\n\t\t\n        <div class=\"iksm-term iksm-term--id-10184 iksm-term--parent\" data-id=\"10184\">\n            <div class=\"iksm-term__inner\" tabindex='0'>\n                <a class=\"iksm-term__link\" href='https:\/\/www.cochilco.cl\/web\/boletin-mensual-electronico\/' target='_self' tabindex='-1'>\n\t\t\t\t        <span class=\"iksm-term__text\">Bolet\u00edn Mensual Electr\u00f3nico<\/span>\n\t\t            <\/a>\n\t\t\t        <\/div>\n\t\t        <\/div>\n\n\t\t\n        <div class=\"iksm-term iksm-term--id-10185 iksm-term--parent\" data-id=\"10185\">\n            <div class=\"iksm-term__inner\" tabindex='0'>\n                <a class=\"iksm-term__link\" href='https:\/\/www.cochilco.cl:4040\/boletin-web\/pages\/index\/index.jsf' target='_blank' tabindex='-1'>\n\t\t\t\t        <span class=\"iksm-term__text\">Base de Datos Electr\u00f3nica (BDE)<\/span>\n\t\t            <\/a>\n\t\t\t        <\/div>\n\t\t        <\/div>\n\n\t\t\n        <div class=\"iksm-term iksm-term--id-10186 iksm-term--parent\" data-id=\"10186\">\n            <div class=\"iksm-term__inner\" tabindex='0'>\n                <a class=\"iksm-term__link\" href='https:\/\/www.cochilco.cl\/web\/anuario-de-estadisticas-del-cobre-y-otros-minerales\/' target='_self' tabindex='-1'>\n\t\t\t\t        <span class=\"iksm-term__text\">Anuario de Estad\u00edsticas del Cobre y Otros Minerales<\/span>\n\t\t            <\/a>\n\t\t\t        <\/div>\n\t\t        <\/div>\n\n\t\t\n        <div class=\"iksm-term iksm-term--id-10187 iksm-term--parent\" data-id=\"10187\">\n            <div class=\"iksm-term__inner\" tabindex='0'>\n                <a class=\"iksm-term__link\" href='https:\/\/www.cochilco.cl\/web\/estadisticas-mineria\/' target='_self' tabindex='-1'>\n\t\t\t\t        <span class=\"iksm-term__text\">Estad\u00edsticas de la Miner\u00eda no Met\u00e1lica<\/span>\n\t\t            <\/a>\n\t\t\t        <\/div>\n\t\t        <\/div>\n\n\t\t\n        <div class=\"iksm-term iksm-term--id-10188 iksm-term--parent\" data-id=\"10188\">\n            <div class=\"iksm-term__inner\" tabindex='0'>\n                <a class=\"iksm-term__link\" href='https:\/\/www.cochilco.cl\/web\/historico-precio-de-los-metales\/' target='_self' tabindex='-1'>\n\t\t\t\t        <span class=\"iksm-term__text\">Hist\u00f3rico Precio de los Metales\u200b\u200b\u200b<\/span>\n\t\t            <\/a>\n\t\t\t        <\/div>\n\t\t        <\/div>\n\n\t\t\n        <div class=\"iksm-term iksm-term--id-10189 iksm-term--parent\" data-id=\"10189\">\n            <div class=\"iksm-term__inner\" tabindex='0'>\n                <a class=\"iksm-term__link\" href='https:\/\/www.cochilco.cl\/web\/historico-inventarios-mundiales-de-cobre\/' target='_self' tabindex='-1'>\n\t\t\t\t        <span class=\"iksm-term__text\">Hist\u00f3rico Inventarios Mundiales de Cobre<\/span>\n\t\t            <\/a>\n\t\t\t        <\/div>\n\t\t        <\/div>\n\n\t\t\n        <div class=\"iksm-term iksm-term--id-12676 iksm-term--parent\" data-id=\"12676\">\n            <div class=\"iksm-term__inner\" tabindex='0'>\n                <a class=\"iksm-term__link\" href='https:\/\/www.cochilco.cl\/web\/historico-produccion-de-cobre-y-molibdeno\/' target='_self' tabindex='-1'>\n\t\t\t\t        <span class=\"iksm-term__text\">Hist\u00f3rico Producci\u00f3n de Cobre y Molibdeno<\/span>\n\t\t            <\/a>\n\t\t\t        <\/div>\n\t\t        <\/div>\n\n\t\t<\/div><\/div><\/div><div id=\"iksm_data_args\" class=\"data-args\"  data-collapse_children_terms='' data-collapse_other_terms='' data-collapse_animation_duration='400' data-expand_animation_duration='400' data-toggle_by_item_click=''><\/div><\/div><script id=\"styles-copier-69d25b4e02458\">\n\t\t\t\/\/ Finding styles element\n\t        var element = document.getElementById(\"iksm-dynamic-style\");\n\t        if (!element) { \/\/ If no element (Cache plugins can remove tag), then creating a new one\n                element = document.createElement('style');\n                var head = document.getElementsByTagName(\"head\")\n                if (head && head[0]) {\n                \thead[0].appendChild(element);\n                } else {\n                  \tconsole.warn(\"Iks Menu | Error while printing styles. Please contact technical support.\");\n                }\n\t        }\n\t\t\t\/\/ Copying styles to <styles> tag\n\t        element.innerHTML += \".iksm-10190 .iksm-terms{transition:all 400ms;animation:iks-fade-in 1000ms;}.iksm-10190 .iksm-terms-tree--level-1 > * > .iksm-term:not(:last-child){margin-bottom:0;}.iksm-10190 .iksm-terms-tree--children > .iksm-terms-tree__inner{animation:iks-zoom-in 400ms;}.iksm-10190 .iksm-term__inner{background-color:rgba(255,255,255,1);min-height:44px;transition:all 400ms;}.iksm-10190 .iksm-term__inner:hover{background-color:rgba(236,236,236,1);}.iksm-10190 .iksm-term--current > .iksm-term__inner{background-color:rgba(212,212,212,1);}.iksm-10190 .iksm-term__link{color:rgba(0,0,0,1);font-size:15px;line-height:15px;font-weight:400;text-decoration:none;padding-top:5px;padding-right:15px;padding-bottom:5px;padding-left:15px;transition:all 400ms;}.iksm-10190 .iksm-term__inner:hover .iksm-term__link{color:rgba(50,50,50,1);}.iksm-10190 .iksm-term__toggle__inner{transition:transform 400ms}.iksm-10190 .iksm-term--expanded > .iksm-term__inner > .iksm-term__toggle > .iksm-term__toggle__inner{transform:rotate(180deg);}.iksm-10190 .iksm-term__toggle{color:rgba(133,133,133,1);font-size:22px;align-self:stretch;height:unset;;width:40px;transition:all 400ms;}.iksm-10190 .iksm-term__toggle:hover{color:rgba(0,0,0,1);}.iksm-10190 .iksm-term__image-container{width:30px;min-width:30px;height:30px;min-height:30px;margin-right:15px;transition:all 400ms;}.iksm-10190 .iksm-term__image{background-size:contain;background-position:center;background-repeat:no-repeat;}.iksm-10190 .iksm-term__image-container:hover{background-size:contain;background-position:center;background-repeat:no-repeat;}.iksm-10190 .iksm-term__inner:hover .iksm-term__image-container{background-size:contain;background-position:center;background-repeat:no-repeat;}.iksm-10190 .iksm-term__inner:focus .iksm-term__image-container{background-size:contain;background-position:center;background-repeat:no-repeat;}.iksm-10190 .iksm-term--current > .iksm-term__inner .iksm-term__image-container{background-size:contain;background-position:center;background-repeat:no-repeat;}.iksm-10190 .iksm-term--child .iksm-term__inner .iksm-term__image-container{background-size:contain;background-position:center;background-repeat:no-repeat;}.iksm-10190 .iksm-term--child .iksm-term__inner .iksm-term__image-container:hover{background-size:contain;background-position:center;background-repeat:no-repeat;}.iksm-10190 .iksm-term--child .iksm-term__inner .iksm-term__image-container:focus{background-size:contain;background-position:center;background-repeat:no-repeat;}.iksm-10190 .iksm-term--child.iksm-term--current > .iksm-term__inner .iksm-term__image-container{background-size:contain;background-position:center;background-repeat:no-repeat;}.iksm-10190  .iksm-term__text{flex: unset}.iksm-10190 .iksm-term__posts-count{color:rgba(133,133,133,1);font-size:16px;margin-left:10px;font-weight:400;transition:all 400ms;}.iksm-10190 .iksm-term--collapsing > .iksm-terms-tree--children > .iksm-terms-tree__inner{animation:iks-zoom-out 400ms;}\";\n\t        \/\/ Removing this script\n            var this_script = document.getElementById(\"styles-copier-69d25b4e02458\");\n            if (this_script) { \/\/ Cache plugins can remove tag\n\t            this_script.outerHTML = \"\";\n\t            if (this_script.parentNode) {\n\t                this_script.parentNode.removeChild(this_script);\n\t            }\n            }\n        <\/script>\n\n\t\t<\/div>\n\t\t\t\t\t<\/div>\n\n\t\n\n\t<div id=\"col-209821790\" class=\"col medium-9 small-12 large-9 col-divided\"  >\n\t\t\t\t<div class=\"col-inner\"  >\n\t\t\t\n\t\t\t\n<div class=\"container section-title-container\" ><h3 class=\"section-title section-title-normal\"><b aria-hidden=\"true\"><\/b><span class=\"section-title-main\" >Hist\u00f3rico Precio de los Metales<\/span><b aria-hidden=\"true\"><\/b><\/h3><\/div>\n<p style=\"text-align: justify;\">Archivos de datos hist\u00f3rica en formato Excel al a\u00f1o 2024, que registra estad\u00edsticas de precios, producci\u00f3n, exportaciones de metales y no metales, con frecuencias mensuales y anuales.<\/p>\n\n<script type=\"text\/x-handlebars-template\" id=\"wpfd-template-tree-box\">    {{#with file}}    <div class=\"dropblock\">        <a href=\"javascript:void(0)\" class=\"wpfd-close\"><\/a>        <div class=\"filecontent\">            <div class=\"ext ext-{{ext}} wpfd-icon-set-svg\"><span class=\"txt\">{{ext}}<\/span><\/div><h3><a href=\"{{linkdownload}}\"   class=\"wpfd_downloadlink\" title=\"{{post_title}}\" target=\"{{#if remote_file}}_blank{{\/if}}\"><span class=\"f_title\">{{{crop_title}}}<\/span>{{{new_marker_icon}}}<\/a><\/h3>            <div class=\"wpfd-extra\">                            <\/div>        <\/div>        <div class=\"extra-downloadlink\">{{#if openpdflink}}<a class=\"openlink wpfdlightbox wpfd_previewlink\" href=\"{{openpdflink}}\"  target=\"\">Avance                            <i class=\"zmdi zmdi-filter-center-focus wpfd-preview\"><\/i>                        <\/a>{{else}}{{#if viewerlink}}<a                            href=\"{{viewerlink}}\"                                                        class=\"openlink wpfdlightbox wpfd_previewlink\"                            target=\"\"                            data-id=\"{{ID}}\"                            data-catid=\"{{catid}}\"                            data-file-type=\"{{ext}}\">Avance<i class=\"zmdi zmdi-filter-center-focus wpfd-preview\"><\/i>                        <\/a>{{\/if}}{{\/if}}<\/div>    {{\/with}}<\/script>    <script type=\"text\/x-handlebars-template\" id=\"wpfd-template-tree-categories\">        {{#if categories}}        {{#each categories}}        <li class=\"directory collapsed\">            <a class=\"catlink\" href=\"#\" data-idcat=\"{{termID}}\">                <div class=\"icon-open-close\" data-id=\"{{termID}}\"><\/div>                <i class=\"zmdi zmdi-folder wpfd-folder\" style=\"color: {{color}}\"><\/i>                <span>{{name}}<\/span>            <\/a>        <\/li>        {{\/each}}        {{\/if}}    <\/script><script type=\"text\/x-handlebars-template\" id=\"wpfd-template-tree-files\">    {{#if files}}    {{#each files}}    <li class=\"file ext {{ext}} {{new_file_marker_class}}\">                    <i class=\"wpfd-file ext ext-{{ext}} wpfd-icon-set-svg\"><\/i>                                {{#if openpdflink}}                        <a class=\"wpfd-file-link\" data-category_id=\"{{catid}}\" target=\"\" href=\"{{linkdownload}}\" data-id=\"{{ID}}\" data-edit=\"{{edited}}\"               title=\"{{post_title}}\">{{{crop_title}}}{{new_marker_icon}}<\/a>        {{else}}                        <a class=\"wpfd-file-link\" data-category_id=\"{{catid}}\" target=\"\" href=\"{{linkdownload}}\" data-id=\"{{ID}}\" data-edit=\"{{edited}}\"               title=\"{{post_title}}\">{{{crop_title}}}{{new_marker_icon}}<\/a>        {{\/if}}            <\/li>    {{\/each}}    <\/div>    {{\/if}}<\/script><div class=\"wpfd-content wpfd-content-tree wpfd-content-category-normal wpfd-content-without-download-selected wpfd-content-multi\" data-category=\"137\"             style=\"display: none; background-color: rgba(255, 255, 255, 0)\"><input type=\"hidden\" id=\"current_category_137\" value=\"137\" \/>                    <input type=\"hidden\" id=\"current_category_slug_137\" value=\"estadisticas-historico-precio-de-los-metales\" \/>                    <input type=\"hidden\" id=\"current_ordering_137\" value=\"created_time\" \/>                    <input type=\"hidden\" id=\"current_ordering_direction_137\" value=\"desc\" \/>                    <input type=\"hidden\" id=\"page_limit_137\" value=\"100\" \/><input type=\"hidden\" id=\"wpfd_display_empty_category_message\" value=\"0\" \/><input type=\"hidden\" id=\"wpfd_empty_category_message_val\" value=\"This file category has no files to display\" \/><input type=\"hidden\" id=\"wpfd_display_empty_folder\" value=\"0\" \/><input type=\"hidden\" id=\"wpfd_is_empty_subcategories\" value=\"1\" \/><input type=\"hidden\" id=\"wpfd_is_empty_files\" value=\"1\" \/><input type=\"hidden\" id=\"wpfd_root_category_id\" class=\"wpfd_root_category_id\" value=\"137\" \/><input type=\"hidden\" id=\"wpfd_root_category_theme\" class=\"wpfd_root_category_theme\" value=\"tree\" \/><input type=\"hidden\" id=\"wpfd_root_category_clone_theme_type\" class=\"wpfd_root_category_clone_theme_type\" value=\"none\" \/><input type=\"hidden\" id=\"wpfd_root_category_type\" class=\"wpfd_root_category_type\" value=\"137\" \/><input type=\"hidden\" id=\"wpfd_category_notify_file_changes\" class=\"wpfd_category_notify_file_changes\" value=\"0\" \/><input type=\"hidden\" id=\"wpfd_global_notify_file_changes\" class=\"wpfd_global_notify_file_changes\" value=\"0\" \/><input type=\"hidden\" id=\"wpfd_download_selected\" class=\"wpfd_download_selected\" value=\"0\" \/><input type=\"hidden\" id=\"wpfd_user_login\" class=\"wpfd_user_login\" value=\"0\" \/><div class=\"wpfd-content-header-section\"><\/div><ul class=\"wpfd-tree-categories-files\">            <li class=\"directory open expanded\"><a class=\"catlink\" href=\"#\" data-idcat=\"887\"><div class=\"icon-open-close\" data-id=\"887\"><\/div><i class=\"zmdi zmdi-folder wpfd-folder\" style=\"color: \"><\/i><span>COBRE<\/span><\/a><ul><li class=\"file ext xlsx\"><i class=\"wpfd-file ext ext-xlsx  wpfd-icon-set-svg\"><\/i><a class=\"wpfd-file-link\" href=\"https:\/\/www.cochilco.cl\/web\/download\/887\/cobre\/12537\/precios-del-cobre-refinado-mensual-2.xlsx\" data-category_id=\"887\" data-id=\"12537\" title=\"Precios del Cobre Refinado Mensual\" target=\"\"><span class=\"title\">Precios del Cobre Refinado Mensual<\/span><\/a><\/li><li class=\"file ext xlsx\"><i class=\"wpfd-file ext ext-xlsx  wpfd-icon-set-svg\"><\/i><a class=\"wpfd-file-link\" href=\"https:\/\/www.cochilco.cl\/web\/download\/887\/cobre\/12536\/precios-del-cobre-refinado-anual-2.xlsx\" data-category_id=\"887\" data-id=\"12536\" title=\"Precios del Cobre Refinado Anual\" target=\"\"><span class=\"title\">Precios del Cobre Refinado Anual<\/span><\/a><\/li><\/ul><\/li><li class=\"directory open expanded\"><a class=\"catlink\" href=\"#\" data-idcat=\"888\"><div class=\"icon-open-close\" data-id=\"888\"><\/div><i class=\"zmdi zmdi-folder wpfd-folder\" style=\"color: \"><\/i><span>ORO<\/span><\/a><ul><li class=\"file ext xlsx\"><i class=\"wpfd-file ext ext-xlsx  wpfd-icon-set-svg\"><\/i><a class=\"wpfd-file-link\" href=\"https:\/\/www.cochilco.cl\/web\/download\/888\/oro\/13727\/precios-del-oro-anual-3.xlsx\" data-category_id=\"888\" data-id=\"13727\" title=\"Precios del Oro Anual\" target=\"\"><span class=\"title\">Precios del Oro Anual<\/span><\/a><\/li><li class=\"file ext xlsx\"><i class=\"wpfd-file ext ext-xlsx  wpfd-icon-set-svg\"><\/i><a class=\"wpfd-file-link\" href=\"https:\/\/www.cochilco.cl\/web\/download\/888\/oro\/13728\/precios-del-oro-mensual-2.xlsx\" data-category_id=\"888\" data-id=\"13728\" title=\"Precios del Oro Mensual\" target=\"\"><span class=\"title\">Precios del Oro Mensual<\/span><\/a><\/li><\/ul><\/li><li class=\"directory open expanded\"><a class=\"catlink\" href=\"#\" data-idcat=\"889\"><div class=\"icon-open-close\" data-id=\"889\"><\/div><i class=\"zmdi zmdi-folder wpfd-folder\" style=\"color: \"><\/i><span>PLATA<\/span><\/a><ul><li class=\"file ext xlsx\"><i class=\"wpfd-file ext ext-xlsx  wpfd-icon-set-svg\"><\/i><a class=\"wpfd-file-link\" href=\"https:\/\/www.cochilco.cl\/web\/download\/889\/plata\/13730\/precios-de-la-plata-mensual-3.xlsx\" data-category_id=\"889\" data-id=\"13730\" title=\"Precios de la Plata Mensual\" target=\"\"><span class=\"title\">Precios de la Plata Mensual<\/span><\/a><\/li><li class=\"file ext xlsx\"><i class=\"wpfd-file ext ext-xlsx  wpfd-icon-set-svg\"><\/i><a class=\"wpfd-file-link\" href=\"https:\/\/www.cochilco.cl\/web\/download\/889\/plata\/13729\/precios-de-la-plata-anual-3.xlsx\" data-category_id=\"889\" data-id=\"13729\" title=\"Precios de la Plata Anual\" target=\"\"><span class=\"title\">Precios de la Plata Anual<\/span><\/a><\/li><\/ul><\/li><li class=\"directory open expanded\"><a class=\"catlink\" href=\"#\" data-idcat=\"890\"><div class=\"icon-open-close\" data-id=\"890\"><\/div><i class=\"zmdi zmdi-folder wpfd-folder\" style=\"color: \"><\/i><span>ESTA\u00d1O<\/span><\/a><ul><li class=\"file ext xlsx\"><i class=\"wpfd-file ext ext-xlsx  wpfd-icon-set-svg\"><\/i><a class=\"wpfd-file-link\" href=\"https:\/\/www.cochilco.cl\/web\/download\/890\/estano\/13732\/precios-del-estano-mensual.xlsx\" data-category_id=\"890\" data-id=\"13732\" title=\"Precios del Esta\u00f1o Mensual\" target=\"\"><span class=\"title\">Precios del Esta\u00f1o Mensual<\/span><\/a><\/li><li class=\"file ext xlsx\"><i class=\"wpfd-file ext ext-xlsx  wpfd-icon-set-svg\"><\/i><a class=\"wpfd-file-link\" href=\"https:\/\/www.cochilco.cl\/web\/download\/890\/estano\/13731\/precios-del-estano-anual.xlsx\" data-category_id=\"890\" data-id=\"13731\" title=\"Precios del Esta\u00f1o Anual\" target=\"\"><span class=\"title\">Precios del Esta\u00f1o Anual<\/span><\/a><\/li><\/ul><\/li><li class=\"directory open expanded\"><a class=\"catlink\" href=\"#\" data-idcat=\"891\"><div class=\"icon-open-close\" data-id=\"891\"><\/div><i class=\"zmdi zmdi-folder wpfd-folder\" style=\"color: \"><\/i><span>NIQUEL<\/span><\/a><ul><li class=\"file ext xlsx\"><i class=\"wpfd-file ext ext-xlsx  wpfd-icon-set-svg\"><\/i><a class=\"wpfd-file-link\" href=\"https:\/\/www.cochilco.cl\/web\/download\/891\/niquel\/13734\/precios-del-niquel-mensual.xlsx\" data-category_id=\"891\" data-id=\"13734\" title=\"Precios del N\u00edquel Mensual\" target=\"\"><span class=\"title\">Precios del N\u00edquel Mensual<\/span><\/a><\/li><li class=\"file ext xlsx\"><i class=\"wpfd-file ext ext-xlsx  wpfd-icon-set-svg\"><\/i><a class=\"wpfd-file-link\" href=\"https:\/\/www.cochilco.cl\/web\/download\/891\/niquel\/13733\/precios-del-niquel-anual.xlsx\" data-category_id=\"891\" data-id=\"13733\" title=\"Precios del N\u00edquel Anual\" target=\"\"><span class=\"title\">Precios del N\u00edquel Anual<\/span><\/a><\/li><\/ul><\/li><li class=\"directory open expanded\"><a class=\"catlink\" href=\"#\" data-idcat=\"892\"><div class=\"icon-open-close\" data-id=\"892\"><\/div><i class=\"zmdi zmdi-folder wpfd-folder\" style=\"color: \"><\/i><span>PLOMO<\/span><\/a><ul><li class=\"file ext xlsx\"><i class=\"wpfd-file ext ext-xlsx  wpfd-icon-set-svg\"><\/i><a class=\"wpfd-file-link\" href=\"https:\/\/www.cochilco.cl\/web\/download\/892\/plomo\/13736\/precios-del-plomo-mensual.xlsx\" data-category_id=\"892\" data-id=\"13736\" title=\"Precios del Plomo Mensual\" target=\"\"><span class=\"title\">Precios del Plomo Mensual<\/span><\/a><\/li><li class=\"file ext xlsx\"><i class=\"wpfd-file ext ext-xlsx  wpfd-icon-set-svg\"><\/i><a class=\"wpfd-file-link\" href=\"https:\/\/www.cochilco.cl\/web\/download\/892\/plomo\/13735\/precios-del-plomo-anual.xlsx\" data-category_id=\"892\" data-id=\"13735\" title=\"Precios del Plomo Anual\" target=\"\"><span class=\"title\">Precios del Plomo Anual<\/span><\/a><\/li><\/ul><\/li><li class=\"directory open expanded\"><a class=\"catlink\" href=\"#\" data-idcat=\"893\"><div class=\"icon-open-close\" data-id=\"893\"><\/div><i class=\"zmdi zmdi-folder wpfd-folder\" style=\"color: \"><\/i><span>ALUMINIO<\/span><\/a><ul><li class=\"file ext xlsx\"><i class=\"wpfd-file ext ext-xlsx  wpfd-icon-set-svg\"><\/i><a class=\"wpfd-file-link\" href=\"https:\/\/www.cochilco.cl\/web\/download\/893\/aluminio\/13738\/precios-del-aluminio-mensual.xlsx\" data-category_id=\"893\" data-id=\"13738\" title=\"Precios del Aluminio Mensual\" target=\"\"><span class=\"title\">Precios del Aluminio Mensual<\/span><\/a><\/li><li class=\"file ext xlsx\"><i class=\"wpfd-file ext ext-xlsx  wpfd-icon-set-svg\"><\/i><a class=\"wpfd-file-link\" href=\"https:\/\/www.cochilco.cl\/web\/download\/893\/aluminio\/13737\/precios-del-aluminio-anual.xlsx\" data-category_id=\"893\" data-id=\"13737\" title=\"Precios del Aluminio Anual\" target=\"\"><span class=\"title\">Precios del Aluminio Anual<\/span><\/a><\/li><\/ul><\/li><li class=\"directory open expanded\"><a class=\"catlink\" href=\"#\" data-idcat=\"894\"><div class=\"icon-open-close\" data-id=\"894\"><\/div><i class=\"zmdi zmdi-folder wpfd-folder\" style=\"color: \"><\/i><span>ZINC<\/span><\/a><ul><li class=\"file ext xlsx\"><i class=\"wpfd-file ext ext-xlsx  wpfd-icon-set-svg\"><\/i><a class=\"wpfd-file-link\" href=\"https:\/\/www.cochilco.cl\/web\/download\/894\/zinc\/13740\/precios-del-zinc-mensual.xlsx\" data-category_id=\"894\" data-id=\"13740\" title=\"Precios del Zinc Mensual\" target=\"\"><span class=\"title\">Precios del Zinc Mensual<\/span><\/a><\/li><li class=\"file ext xlsx\"><i class=\"wpfd-file ext ext-xlsx  wpfd-icon-set-svg\"><\/i><a class=\"wpfd-file-link\" href=\"https:\/\/www.cochilco.cl\/web\/download\/894\/zinc\/13739\/precios-del-zinc-anual.xlsx\" data-category_id=\"894\" data-id=\"13739\" title=\"Precios del Zinc Anual\" target=\"\"><span class=\"title\">Precios del Zinc Anual<\/span><\/a><\/li><\/ul><\/li><li class=\"directory open expanded\"><a class=\"catlink\" href=\"#\" data-idcat=\"895\"><div class=\"icon-open-close\" data-id=\"895\"><\/div><i class=\"zmdi zmdi-folder wpfd-folder\" style=\"color: \"><\/i><span>MOLIBDENO<\/span><\/a><ul><li class=\"file ext xlsx\"><i class=\"wpfd-file ext ext-xlsx  wpfd-icon-set-svg\"><\/i><a class=\"wpfd-file-link\" href=\"https:\/\/www.cochilco.cl\/web\/download\/895\/molibdeno\/13742\/precios-del-molibdeno-mensual.xlsx\" data-category_id=\"895\" data-id=\"13742\" title=\"Precios del Molibdeno Mensual\" target=\"\"><span class=\"title\">Precios del Molibdeno Mensual<\/span><\/a><\/li><li class=\"file ext xlsx\"><i class=\"wpfd-file ext ext-xlsx  wpfd-icon-set-svg\"><\/i><a class=\"wpfd-file-link\" href=\"https:\/\/www.cochilco.cl\/web\/download\/895\/molibdeno\/13741\/precios-del-molibdeno-anual.xlsx\" data-category_id=\"895\" data-id=\"13741\" title=\"Precios del Molibdeno Anual\" target=\"\"><span class=\"title\">Precios del Molibdeno Anual<\/span><\/a><\/li><\/ul><\/li>        <\/ul><\/div>\n\n\t\t<\/div>\n\t\t\t\t\t<\/div>\n\n\t\n<\/div>\n","protected":false},"excerpt":{"rendered":"","protected":false},"author":1,"featured_media":0,"parent":0,"menu_order":0,"comment_status":"closed","ping_status":"closed","template":"","meta":{"footnotes":""},"class_list":["post-4562","page","type-page","status-publish","hentry"],"_links":{"self":[{"href":"https:\/\/www.cochilco.cl\/web\/wp-json\/wp\/v2\/pages\/4562","targetHints":{"allow":["GET"]}}],"collection":[{"href":"https:\/\/www.cochilco.cl\/web\/wp-json\/wp\/v2\/pages"}],"about":[{"href":"https:\/\/www.cochilco.cl\/web\/wp-json\/wp\/v2\/types\/page"}],"author":[{"embeddable":true,"href":"https:\/\/www.cochilco.cl\/web\/wp-json\/wp\/v2\/users\/1"}],"replies":[{"embeddable":true,"href":"https:\/\/www.cochilco.cl\/web\/wp-json\/wp\/v2\/comments?post=4562"}],"version-history":[{"count":30,"href":"https:\/\/www.cochilco.cl\/web\/wp-json\/wp\/v2\/pages\/4562\/revisions"}],"predecessor-version":[{"id":14908,"href":"https:\/\/www.cochilco.cl\/web\/wp-json\/wp\/v2\/pages\/4562\/revisions\/14908"}],"wp:attachment":[{"href":"https:\/\/www.cochilco.cl\/web\/wp-json\/wp\/v2\/media?parent=4562"}],"curies":[{"name":"wp","href":"https:\/\/api.w.org\/{rel}","templated":true}]}}