{"id":7034,"date":"2022-07-20T16:00:11","date_gmt":"2022-07-20T16:00:11","guid":{"rendered":"http:\/\/localhost:8092\/web\/?page_id=7034"},"modified":"2024-10-22T11:41:54","modified_gmt":"2024-10-22T14:41:54","slug":"pequena-y-mediana-mineria","status":"publish","type":"page","link":"https:\/\/www.cochilco.cl\/web\/pequena-y-mediana-mineria\/","title":{"rendered":"Peque\u00f1a y Mediana Miner\u00eda"},"content":{"rendered":"\n\t<section class=\"section\" id=\"section_205882998\">\n\t\t<div class=\"section-bg fill\" >\n\t\t\t\t\t\t\t\t\t\n\t\t\t\n\n\t\t<\/div>\n\n\t\t\n\n\t\t<div class=\"section-content relative\">\n\t\t\t\n<div class=\"container section-title-container\" style=\"margin-top:0px;margin-bottom:0px;\"><h4 class=\"section-title section-title-center\"><b aria-hidden=\"true\"><\/b><span class=\"section-title-main\" >PUBLICACIONES  - ESTUDIOS ESPECIALIZADOS \u2013 METALES E INSUMOS CR\u00cdTICOS<\/span><b aria-hidden=\"true\"><\/b><\/h4><\/div>\n<div class=\"row align-center\"  id=\"row-1151813229\">\n\n\t<div id=\"col-1981016409\" class=\"col medium-1 small-12 large-1\"  >\n\t\t\t\t<div class=\"col-inner text-center\"  >\n\t\t\t\n\t\t\t\n\n\t<a class=\"plain\" href=\"\/web\/inversion\/\" >\t<div class=\"icon-box featured-box icon-box-center text-center is-small\"  >\n\t\t\t\t\t<div class=\"icon-box-img\" style=\"width: 60px\">\n\t\t\t\t<div class=\"icon\">\n\t\t\t\t\t<div class=\"icon-inner\" >\n\t\t\t\t\t\t<img loading=\"lazy\" decoding=\"async\" width=\"128\" height=\"128\" src=\"https:\/\/www.cochilco.cl\/web\/wp-content\/uploads\/2024\/04\/beneficios.png\" class=\"attachment-medium size-medium\" alt=\"\" \/>\t\t\t\t\t<\/div>\n\t\t\t\t<\/div>\n\t\t\t<\/div>\n\t\t\t\t<div class=\"icon-box-text last-reset\">\n\t\t\t\t\t\t<h6>INVERSI\u00d3N<\/h6>\t\t\t\n\t\t<\/div>\n\t<\/div>\n\t<\/a>\n\t\n\t\t<\/div>\n\t\t\t\t\t<\/div>\n\n\t\n\n\t<div id=\"col-1840858401\" class=\"col medium-1 small-12 large-1\"  >\n\t\t\t\t<div class=\"col-inner text-center\"  >\n\t\t\t\n\t\t\t\n\n\t<a class=\"plain\" href=\"\/web\/exploracion\/\" >\t<div class=\"icon-box featured-box icon-box-center text-center is-small\"  >\n\t\t\t\t\t<div class=\"icon-box-img\" style=\"width: 60px\">\n\t\t\t\t<div class=\"icon\">\n\t\t\t\t\t<div class=\"icon-inner\" >\n\t\t\t\t\t\t<img loading=\"lazy\" decoding=\"async\" width=\"128\" height=\"128\" src=\"https:\/\/www.cochilco.cl\/web\/wp-content\/uploads\/2024\/04\/exploracion-espacial.png\" class=\"attachment-medium size-medium\" alt=\"\" \/>\t\t\t\t\t<\/div>\n\t\t\t\t<\/div>\n\t\t\t<\/div>\n\t\t\t\t<div class=\"icon-box-text last-reset\">\n\t\t\t\t\t\t<h6>EXPLORACI\u00d3N<\/h6>\t\t\t\n\t\t<\/div>\n\t<\/div>\n\t<\/a>\n\t\n\t\t<\/div>\n\t\t\t\t\t<\/div>\n\n\t\n\n\t<div id=\"col-1183971023\" class=\"col medium-1 small-12 large-1\"  >\n\t\t\t\t<div class=\"col-inner text-center\"  >\n\t\t\t\n\t\t\t\n\n\t<a class=\"plain\" href=\"\/web\/genero\/\" >\t<div class=\"icon-box featured-box icon-box-center text-center is-small\"  >\n\t\t\t\t\t<div class=\"icon-box-img\" style=\"width: 60px\">\n\t\t\t\t<div class=\"icon\">\n\t\t\t\t\t<div class=\"icon-inner\" >\n\t\t\t\t\t\t<img loading=\"lazy\" decoding=\"async\" width=\"128\" height=\"128\" src=\"https:\/\/www.cochilco.cl\/web\/wp-content\/uploads\/2024\/04\/igualdad.png\" class=\"attachment-medium size-medium\" alt=\"\" \/>\t\t\t\t\t<\/div>\n\t\t\t\t<\/div>\n\t\t\t<\/div>\n\t\t\t\t<div class=\"icon-box-text last-reset\">\n\t\t\t\t\t\t<h6>G\u00c9NERO<\/h6>\t\t\t\n\t\t<\/div>\n\t<\/div>\n\t<\/a>\n\t\n\t\t<\/div>\n\t\t\t\t\t<\/div>\n\n\t\n\n\t<div id=\"col-161220034\" class=\"col medium-1 small-12 large-1\"  >\n\t\t\t\t<div class=\"col-inner text-center\"  >\n\t\t\t\n\t\t\t\n\n\t<a class=\"plain\" href=\"\/web\/proveedores\/\" >\t<div class=\"icon-box featured-box icon-box-center text-center is-small\"  >\n\t\t\t\t\t<div class=\"icon-box-img\" style=\"width: 60px\">\n\t\t\t\t<div class=\"icon\">\n\t\t\t\t\t<div class=\"icon-inner\" >\n\t\t\t\t\t\t<img loading=\"lazy\" decoding=\"async\" width=\"128\" height=\"128\" src=\"https:\/\/www.cochilco.cl\/web\/wp-content\/uploads\/2024\/04\/sistema-integrado.png\" class=\"attachment-medium size-medium\" alt=\"\" \/>\t\t\t\t\t<\/div>\n\t\t\t\t<\/div>\n\t\t\t<\/div>\n\t\t\t\t<div class=\"icon-box-text last-reset\">\n\t\t\t\t\t\t<h6>PROVEEDORES<\/h6>\t\t\t\n\t\t<\/div>\n\t<\/div>\n\t<\/a>\n\t\n\t\t<\/div>\n\t\t\t\t\t<\/div>\n\n\t\n\n\t<div id=\"col-15069555\" class=\"col medium-1 small-12 large-1\"  >\n\t\t\t\t<div class=\"col-inner text-center\"  >\n\t\t\t\n\t\t\t\n\n\t<a class=\"plain\" href=\"\/web\/costos-2\/\" >\t<div class=\"icon-box featured-box icon-box-center text-center is-small\"  >\n\t\t\t\t\t<div class=\"icon-box-img\" style=\"width: 60px\">\n\t\t\t\t<div class=\"icon\">\n\t\t\t\t\t<div class=\"icon-inner\" >\n\t\t\t\t\t\t<img loading=\"lazy\" decoding=\"async\" width=\"128\" height=\"128\" src=\"https:\/\/www.cochilco.cl\/web\/wp-content\/uploads\/2024\/04\/presupuesto.png\" class=\"attachment-medium size-medium\" alt=\"\" \/>\t\t\t\t\t<\/div>\n\t\t\t\t<\/div>\n\t\t\t<\/div>\n\t\t\t\t<div class=\"icon-box-text last-reset\">\n\t\t\t\t\t\t<h6>COSTOS<\/h6>\t\t\t\n\t\t<\/div>\n\t<\/div>\n\t<\/a>\n\t\n\t\t<\/div>\n\t\t\t\t\t<\/div>\n\n\t\n\n\t<div id=\"col-135031076\" class=\"col medium-1 small-12 large-1\"  >\n\t\t\t\t<div class=\"col-inner text-center\"  >\n\t\t\t\n\t\t\t\n\n\t<a class=\"plain\" href=\"\/web\/otros-estudios\/\" >\t<div class=\"icon-box featured-box icon-box-center text-center is-small\"  >\n\t\t\t\t\t<div class=\"icon-box-img\" style=\"width: 60px\">\n\t\t\t\t<div class=\"icon\">\n\t\t\t\t\t<div class=\"icon-inner\" >\n\t\t\t\t\t\t<img loading=\"lazy\" decoding=\"async\" width=\"128\" height=\"128\" src=\"https:\/\/www.cochilco.cl\/web\/wp-content\/uploads\/2024\/04\/protegido.png\" class=\"attachment-medium size-medium\" alt=\"\" \/>\t\t\t\t\t<\/div>\n\t\t\t\t<\/div>\n\t\t\t<\/div>\n\t\t\t\t<div class=\"icon-box-text last-reset\">\n\t\t\t\t\t\t<h6>OTROS ESTUDIOS<\/h6>\t\t\t\n\t\t<\/div>\n\t<\/div>\n\t<\/a>\n\t\n\t\t<\/div>\n\t\t\t\t\t<\/div>\n\n\t\n\n\t<div id=\"col-935149717\" class=\"col medium-1 small-12 large-1\"  >\n\t\t\t\t<div class=\"col-inner text-center text-shadow-5\"  >\n\t\t\t\n\t\t\t\n\n\t<a class=\"plain\" href=\"\/web\/pequena-y-mediana-mineria\/\" >\t<div class=\"icon-box featured-box icon-box-center text-center is-small\"  >\n\t\t\t\t\t<div class=\"icon-box-img\" style=\"width: 60px\">\n\t\t\t\t<div class=\"icon\">\n\t\t\t\t\t<div class=\"icon-inner\" >\n\t\t\t\t\t\t<img loading=\"lazy\" decoding=\"async\" width=\"128\" height=\"128\" src=\"https:\/\/www.cochilco.cl\/web\/wp-content\/uploads\/2024\/04\/uranio.png\" class=\"attachment-medium size-medium\" alt=\"\" \/>\t\t\t\t\t<\/div>\n\t\t\t\t<\/div>\n\t\t\t<\/div>\n\t\t\t\t<div class=\"icon-box-text last-reset\">\n\t\t\t\t\t\t<h6>PEQUE\u00d1A Y MEDIANA MINER\u00cdA<\/h6>\t\t\t\n\t\t<\/div>\n\t<\/div>\n\t<\/a>\n\t\n\t\t<\/div>\n\t\t\t\t\t<\/div>\n\n\t\n\n\t<div id=\"col-21275333\" class=\"col medium-1 small-12 large-1\"  >\n\t\t\t\t<div class=\"col-inner text-center\"  >\n\t\t\t\n\t\t\t\n\n\t<a class=\"plain\" href=\"\/web\/sustentabilidad\/\" >\t<div class=\"icon-box featured-box icon-box-center text-center is-small\"  >\n\t\t\t\t\t<div class=\"icon-box-img\" style=\"width: 60px\">\n\t\t\t\t<div class=\"icon\">\n\t\t\t\t\t<div class=\"icon-inner\" >\n\t\t\t\t\t\t<img loading=\"lazy\" decoding=\"async\" width=\"128\" height=\"128\" src=\"https:\/\/www.cochilco.cl\/web\/wp-content\/uploads\/2024\/04\/el-planeta-tierra.png\" class=\"attachment-medium size-medium\" alt=\"\" \/>\t\t\t\t\t<\/div>\n\t\t\t\t<\/div>\n\t\t\t<\/div>\n\t\t\t\t<div class=\"icon-box-text last-reset\">\n\t\t\t\t\t\t<h6>SUSTENTABILIDAD<\/h6>\t\t\t\n\t\t<\/div>\n\t<\/div>\n\t<\/a>\n\t\n\t\t<\/div>\n\t\t\t\t\t<\/div>\n\n\t\n<\/div>\n<p style=\"text-align: justify;\">Publicaciones con foco en an\u00e1lisis de elementos determinantes para la peque\u00f1a y mediana miner\u00eda y un informe de frecuencia anual que actualiza los principales indicadores de la peque\u00f1a y mediana miner\u00eda, los instrumentos de fomento para estos sectores y su contribuci\u00f3n en t\u00e9rminos de producci\u00f3n y empleo, entre otras materias.<\/p>\n<div class=\"row\"  id=\"row-1792299618\">\n\n\t<div id=\"col-86612924\" class=\"col small-12 large-12 col-divided\"  >\n\t\t\t\t<div class=\"col-inner\"  >\n\t\t\t\n\t\t\t\n<script type=\"text\/x-handlebars-template\" id=\"wpfd-template-tree-box\">    {{#with file}}    <div class=\"dropblock\">        <a href=\"javascript:void(0)\" class=\"wpfd-close\"><\/a>        <div class=\"filecontent\">            <div class=\"ext ext-{{ext}} wpfd-icon-set-svg\"><span class=\"txt\">{{ext}}<\/span><\/div><h3><a href=\"{{linkdownload}}\"   class=\"wpfd_downloadlink\" title=\"{{post_title}}\" target=\"{{#if remote_file}}_blank{{\/if}}\"><span class=\"f_title\">{{{crop_title}}}<\/span>{{{new_marker_icon}}}<\/a><\/h3>            <div class=\"wpfd-extra\">                            <\/div>        <\/div>        <div class=\"extra-downloadlink\">{{#if openpdflink}}<a class=\"openlink wpfdlightbox wpfd_previewlink\" href=\"{{openpdflink}}\"  target=\"\">Avance                            <i class=\"zmdi zmdi-filter-center-focus wpfd-preview\"><\/i>                        <\/a>{{else}}{{#if viewerlink}}<a                            href=\"{{viewerlink}}\"                                                        class=\"openlink wpfdlightbox wpfd_previewlink\"                            target=\"\"                            data-id=\"{{ID}}\"                            data-catid=\"{{catid}}\"                            data-file-type=\"{{ext}}\">Avance<i class=\"zmdi zmdi-filter-center-focus wpfd-preview\"><\/i>                        <\/a>{{\/if}}{{\/if}}<\/div>    {{\/with}}<\/script>    <script type=\"text\/x-handlebars-template\" id=\"wpfd-template-tree-categories\">        {{#if categories}}        {{#each categories}}        <li class=\"directory collapsed\">            <a class=\"catlink\" href=\"#\" data-idcat=\"{{termID}}\">                <div class=\"icon-open-close\" data-id=\"{{termID}}\"><\/div>                <i class=\"zmdi zmdi-folder wpfd-folder\" style=\"color: {{color}}\"><\/i>                <span>{{name}}<\/span>            <\/a>        <\/li>        {{\/each}}        {{\/if}}    <\/script><script type=\"text\/x-handlebars-template\" id=\"wpfd-template-tree-files\">    {{#if files}}    {{#each files}}    <li class=\"file ext {{ext}} {{new_file_marker_class}}\">                    <i class=\"wpfd-file ext ext-{{ext}} wpfd-icon-set-svg\"><\/i>                                {{#if openpdflink}}                        <a class=\"wpfd-file-link\" data-category_id=\"{{catid}}\" target=\"\" href=\"{{linkdownload}}\" data-id=\"{{ID}}\" data-edit=\"{{edited}}\"               title=\"{{post_title}}\">{{{crop_title}}}{{new_marker_icon}}<\/a>        {{else}}                        <a class=\"wpfd-file-link\" data-category_id=\"{{catid}}\" target=\"\" href=\"{{linkdownload}}\" data-id=\"{{ID}}\" data-edit=\"{{edited}}\"               title=\"{{post_title}}\">{{{crop_title}}}{{new_marker_icon}}<\/a>        {{\/if}}            <\/li>    {{\/each}}    <\/div>    {{\/if}}<\/script><div class=\"wpfd-content wpfd-content-tree wpfd-content-category-normal wpfd-content-without-download-selected wpfd-content-multi\" data-category=\"487\"             style=\"display: none; background-color: rgba(255, 255, 255, 0)\"><input type=\"hidden\" id=\"current_category_487\" value=\"487\" \/>                    <input type=\"hidden\" id=\"current_category_slug_487\" value=\"pequena-y-mediana-mineria\" \/>                    <input type=\"hidden\" id=\"current_ordering_487\" value=\"created_time\" \/>                    <input type=\"hidden\" id=\"current_ordering_direction_487\" value=\"desc\" \/>                    <input type=\"hidden\" id=\"page_limit_487\" value=\"100\" \/><input type=\"hidden\" id=\"wpfd_display_empty_category_message\" value=\"0\" \/><input type=\"hidden\" id=\"wpfd_empty_category_message_val\" value=\"This file category has no files to display\" \/><input type=\"hidden\" id=\"wpfd_display_empty_folder\" value=\"0\" \/><input type=\"hidden\" id=\"wpfd_is_empty_subcategories\" value=\"1\" \/><input type=\"hidden\" id=\"wpfd_is_empty_files\" value=\"1\" \/><input type=\"hidden\" id=\"wpfd_root_category_id\" class=\"wpfd_root_category_id\" value=\"487\" \/><input type=\"hidden\" id=\"wpfd_root_category_theme\" class=\"wpfd_root_category_theme\" value=\"tree\" \/><input type=\"hidden\" id=\"wpfd_root_category_clone_theme_type\" class=\"wpfd_root_category_clone_theme_type\" value=\"none\" \/><input type=\"hidden\" id=\"wpfd_root_category_type\" class=\"wpfd_root_category_type\" value=\"487\" \/><input type=\"hidden\" id=\"wpfd_category_notify_file_changes\" class=\"wpfd_category_notify_file_changes\" value=\"0\" \/><input type=\"hidden\" id=\"wpfd_global_notify_file_changes\" class=\"wpfd_global_notify_file_changes\" value=\"0\" \/><input type=\"hidden\" id=\"wpfd_download_selected\" class=\"wpfd_download_selected\" value=\"0\" \/><input type=\"hidden\" id=\"wpfd_user_login\" class=\"wpfd_user_login\" value=\"0\" \/><div class=\"wpfd-content-header-section\"><div class=\"wpfd-header-btn-group\"><a class=\"wpfd-category-mail-subscribe-all\" href=\"#\" style=\"display: none\">Email Subscribe All<\/a><\/div><ul class=\"breadcrumbs wpfd-breadcrumbs-tree head-category-tree\">                            <li class=\"active\">PEQUE\u00d1A Y MEDIANA MINER\u00cdA<\/li>                        <\/ul><\/div><ul class=\"wpfd-tree-categories-files\">            <li class=\"directory open expanded\"><a class=\"catlink\" href=\"#\" data-idcat=\"966\"><div class=\"icon-open-close\" data-id=\"966\"><\/div><i class=\"zmdi zmdi-folder wpfd-folder\" style=\"color: \"><\/i><span>2024<\/span><\/a><ul><li class=\"file ext pdf\"><i class=\"wpfd-file ext ext-pdf  wpfd-icon-set-svg\"><\/i><a class=\"wpfd-file-link\" href=\"https:\/\/www.cochilco.cl\/web\/download\/966\/2024\/12900\/monitoreo-de-variables-e-indicadores-relevantes-de-la-mediana-y-pequena-mineria-chilena.pdf\" data-category_id=\"966\" data-id=\"12900\" title=\"Monitoreo de Variables e Indicadores Relevantes de la Mediana y Peque\u00f1a Miner\u00eda Chilena\" target=\"\"><span class=\"title\">Monitoreo de Variables e Indicadores Relevantes de la Mediana y Peque\u00f1a Miner\u00eda Chilena<\/span><\/a><\/li><\/ul><\/li><li class=\"directory open expanded\"><a class=\"catlink\" href=\"#\" data-idcat=\"488\"><div class=\"icon-open-close\" data-id=\"488\"><\/div><i class=\"zmdi zmdi-folder wpfd-folder\" style=\"color: \"><\/i><span>2023<\/span><\/a><ul><li class=\"file ext pdf\"><i class=\"wpfd-file ext ext-pdf  wpfd-icon-set-svg\"><\/i><a class=\"wpfd-file-link\" href=\"https:\/\/www.cochilco.cl\/web\/download\/488\/2023\/11386\/monitoreo-de-variables-e-indicadores-relevantes-de-la-mediana-y-pequena-mineria-chilena-5.pdf\" data-category_id=\"488\" data-id=\"11386\" title=\"Monitoreo de variables e indicadores relevantes de la mediana y peque\u00f1a miner\u00eda chilena\" target=\"\"><span class=\"title\">Monitoreo de variables e indicadores relevantes de la mediana y peque\u00f1a miner\u00eda chilena<\/span><\/a><\/li><\/ul><\/li><li class=\"directory open expanded\"><a class=\"catlink\" href=\"#\" data-idcat=\"489\"><div class=\"icon-open-close\" data-id=\"489\"><\/div><i class=\"zmdi zmdi-folder wpfd-folder\" style=\"color: \"><\/i><span>2022<\/span><\/a><ul><li class=\"file ext pdf\"><i class=\"wpfd-file ext ext-pdf  wpfd-icon-set-svg\"><\/i><a class=\"wpfd-file-link\" href=\"https:\/\/www.cochilco.cl\/web\/download\/489\/2022\/11387\/monitoreo-de-variables-e-indicadores-relevantes-de-la-mediana-y-pequena-mineria-chilena-6.pdf\" data-category_id=\"489\" data-id=\"11387\" title=\"Monitoreo de variables e indicadores relevantes de la mediana y peque\u00f1a miner\u00eda chilena\" target=\"\"><span class=\"title\">Monitoreo de variables e indicadores relevantes de la mediana y peque\u00f1a miner\u00eda chilena<\/span><\/a><\/li><\/ul><\/li><li class=\"directory open expanded\"><a class=\"catlink\" href=\"#\" data-idcat=\"490\"><div class=\"icon-open-close\" data-id=\"490\"><\/div><i class=\"zmdi zmdi-folder wpfd-folder\" style=\"color: \"><\/i><span>2017<\/span><\/a><ul><li class=\"file ext pdf\"><i class=\"wpfd-file ext ext-pdf  wpfd-icon-set-svg\"><\/i><a class=\"wpfd-file-link\" href=\"https:\/\/www.cochilco.cl\/web\/download\/490\/2017\/11388\/monitoreo-de-variables-e-indicadores-relevantes-de-la-mediana-y-pequena-mineria-chilena-7.pdf\" data-category_id=\"490\" data-id=\"11388\" title=\"Monitoreo de Variables e Indicadores relevantes de la Mediana y Peque\u00f1a Miner\u00eda Chilena\" target=\"\"><span class=\"title\">Monitoreo de Variables e Indicadores relevantes de la Mediana y Peque\u00f1a Miner\u00eda Chilena<\/span><\/a><\/li><\/ul><\/li><li class=\"directory open expanded\"><a class=\"catlink\" href=\"#\" data-idcat=\"491\"><div class=\"icon-open-close\" data-id=\"491\"><\/div><i class=\"zmdi zmdi-folder wpfd-folder\" style=\"color: \"><\/i><span>2013<\/span><\/a><ul><li class=\"file ext pdf\"><i class=\"wpfd-file ext ext-pdf  wpfd-icon-set-svg\"><\/i><a class=\"wpfd-file-link\" href=\"https:\/\/www.cochilco.cl\/web\/download\/491\/2013\/11346\/monitoreo-de-la-mediana-y-pequena-mineria-chilena.pdf\" data-category_id=\"491\" data-id=\"11346\" title=\"Monitoreo de la Mediana y Peque\u00f1a Miner\u00eda Chilena\" target=\"\"><span class=\"title\">Monitoreo de la Mediana y Peque\u00f1a Miner\u00eda Chilena<\/span><\/a><\/li><\/ul><\/li>        <\/ul><\/div>\n\t\t<\/div>\n\t\t\t\t\t<\/div>\n\n\t\n<\/div>\n\t\t<\/div>\n\n\t\t\n<style>\n#section_205882998 {\n  padding-top: 30px;\n  padding-bottom: 30px;\n}\n<\/style>\n\t<\/section>\n\t\n","protected":false},"excerpt":{"rendered":"","protected":false},"author":1,"featured_media":0,"parent":0,"menu_order":0,"comment_status":"closed","ping_status":"closed","template":"","meta":{"footnotes":""},"class_list":["post-7034","page","type-page","status-publish","hentry"],"_links":{"self":[{"href":"https:\/\/www.cochilco.cl\/web\/wp-json\/wp\/v2\/pages\/7034","targetHints":{"allow":["GET"]}}],"collection":[{"href":"https:\/\/www.cochilco.cl\/web\/wp-json\/wp\/v2\/pages"}],"about":[{"href":"https:\/\/www.cochilco.cl\/web\/wp-json\/wp\/v2\/types\/page"}],"author":[{"embeddable":true,"href":"https:\/\/www.cochilco.cl\/web\/wp-json\/wp\/v2\/users\/1"}],"replies":[{"embeddable":true,"href":"https:\/\/www.cochilco.cl\/web\/wp-json\/wp\/v2\/comments?post=7034"}],"version-history":[{"count":18,"href":"https:\/\/www.cochilco.cl\/web\/wp-json\/wp\/v2\/pages\/7034\/revisions"}],"predecessor-version":[{"id":12322,"href":"https:\/\/www.cochilco.cl\/web\/wp-json\/wp\/v2\/pages\/7034\/revisions\/12322"}],"wp:attachment":[{"href":"https:\/\/www.cochilco.cl\/web\/wp-json\/wp\/v2\/media?parent=7034"}],"curies":[{"name":"wp","href":"https:\/\/api.w.org\/{rel}","templated":true}]}}