{"id":7046,"date":"2022-07-20T16:01:19","date_gmt":"2022-07-20T16:01:19","guid":{"rendered":"http:\/\/localhost:8092\/web\/?page_id=7046"},"modified":"2024-10-22T11:51:01","modified_gmt":"2024-10-22T14:51:01","slug":"insumos-criticos","status":"publish","type":"page","link":"https:\/\/www.cochilco.cl\/web\/insumos-criticos\/","title":{"rendered":"Insumos Cr\u00edticos"},"content":{"rendered":"\n\t<section class=\"section\" id=\"section_2017089576\">\n\t\t<div class=\"section-bg fill\" >\n\t\t\t\t\t\t\t\t\t\n\t\t\t\n\n\t\t<\/div>\n\n\t\t\n\n\t\t<div class=\"section-content relative\">\n\t\t\t\n<div class=\"container section-title-container\" style=\"margin-top:0px;margin-bottom:0px;\"><h4 class=\"section-title section-title-center\"><b aria-hidden=\"true\"><\/b><span class=\"section-title-main\" >PUBLICACIONES - INFORMES PERI\u00d3DICOS DE MERCADOS MINEROS E INSUMOS ESTRAT\u00c9GICOS<\/span><b aria-hidden=\"true\"><\/b><\/h4><\/div>\n<div class=\"row align-center\"  id=\"row-1654813722\">\n\n\t<div id=\"col-341685191\" class=\"col medium-1 small-12 large-1\"  >\n\t\t\t\t<div class=\"col-inner text-center\"  >\n\t\t\t\n\t\t\t\n\n\t<a class=\"plain\" href=\"\/web\/informe-semanal-del-cobre\/\" >\t<div class=\"icon-box featured-box icon-box-center text-center is-small\"  >\n\t\t\t\t\t<div class=\"icon-box-img\" style=\"width: 60px\">\n\t\t\t\t<div class=\"icon\">\n\t\t\t\t\t<div class=\"icon-inner\" >\n\t\t\t\t\t\t<img loading=\"lazy\" decoding=\"async\" width=\"128\" height=\"128\" src=\"https:\/\/www.cochilco.cl\/web\/wp-content\/uploads\/2024\/04\/cobre-1.png\" class=\"attachment-medium size-medium\" alt=\"\" \/>\t\t\t\t\t<\/div>\n\t\t\t\t<\/div>\n\t\t\t<\/div>\n\t\t\t\t<div class=\"icon-box-text last-reset\">\n\t\t\t\t\t\t<h6>INFORME SEMANAL DEL COBRE<\/h6>\t\t\t\n\t\t<\/div>\n\t<\/div>\n\t<\/a>\n\t\n\t\t<\/div>\n\t\t\t\t\t<\/div>\n\n\t\n\n\t<div id=\"col-933083150\" class=\"col medium-1 small-12 large-1\"  >\n\t\t\t\t<div class=\"col-inner text-center\"  >\n\t\t\t\n\t\t\t\n\n\t<a class=\"plain\" href=\"\/web\/informe-trimestal-del-cobre\/\" >\t<div class=\"icon-box featured-box icon-box-center text-center is-small\"  >\n\t\t\t\t\t<div class=\"icon-box-img\" style=\"width: 60px\">\n\t\t\t\t<div class=\"icon\">\n\t\t\t\t\t<div class=\"icon-inner\" >\n\t\t\t\t\t\t<img loading=\"lazy\" decoding=\"async\" width=\"64\" height=\"64\" src=\"https:\/\/www.cochilco.cl\/web\/wp-content\/uploads\/2024\/07\/cobre-1.png\" class=\"attachment-medium size-medium\" alt=\"\" \/>\t\t\t\t\t<\/div>\n\t\t\t\t<\/div>\n\t\t\t<\/div>\n\t\t\t\t<div class=\"icon-box-text last-reset\">\n\t\t\t\t\t\t<h6>INFORME TRIMESTRAL DEL COBRE<\/h6>\t\t\t\n\t\t<\/div>\n\t<\/div>\n\t<\/a>\n\t\n\t\t<\/div>\n\t\t\t\t\t<\/div>\n\n\t\n\n\t<div id=\"col-587438975\" class=\"col medium-1 small-12 large-1\"  >\n\t\t\t\t<div class=\"col-inner text-center\"  >\n\t\t\t\n\t\t\t\n\n\t<a class=\"plain\" href=\"\/web\/otros-estudios-del-cobre\/\" >\t<div class=\"icon-box featured-box icon-box-center text-center is-small\"  >\n\t\t\t\t\t<div class=\"icon-box-img\" style=\"width: 60px\">\n\t\t\t\t<div class=\"icon\">\n\t\t\t\t\t<div class=\"icon-inner\" >\n\t\t\t\t\t\t<img loading=\"lazy\" decoding=\"async\" width=\"64\" height=\"64\" src=\"https:\/\/www.cochilco.cl\/web\/wp-content\/uploads\/2024\/07\/cobre-2.png\" class=\"attachment-medium size-medium\" alt=\"\" \/>\t\t\t\t\t<\/div>\n\t\t\t\t<\/div>\n\t\t\t<\/div>\n\t\t\t\t<div class=\"icon-box-text last-reset\">\n\t\t\t\t\t\t<h6>OTROS ESTUDIOS DEL COBRE<\/h6>\t\t\t\n\t\t<\/div>\n\t<\/div>\n\t<\/a>\n\t\n\t\t<\/div>\n\t\t\t\t\t<\/div>\n\n\t\n\n\t<div id=\"col-1607300755\" class=\"col medium-1 small-12 large-1\"  >\n\t\t\t\t<div class=\"col-inner text-center\"  >\n\t\t\t\n\t\t\t\n\n\t<a class=\"plain\" href=\"\/web\/acido-sulfurico\/\" >\t<div class=\"icon-box featured-box icon-box-center text-center is-small\"  >\n\t\t\t\t\t<div class=\"icon-box-img\" style=\"width: 60px\">\n\t\t\t\t<div class=\"icon\">\n\t\t\t\t\t<div class=\"icon-inner\" >\n\t\t\t\t\t\t<img loading=\"lazy\" decoding=\"async\" width=\"128\" height=\"128\" src=\"https:\/\/www.cochilco.cl\/web\/wp-content\/uploads\/2024\/04\/acido-sulfurico.png\" class=\"attachment-medium size-medium\" alt=\"\" \/>\t\t\t\t\t<\/div>\n\t\t\t\t<\/div>\n\t\t\t<\/div>\n\t\t\t\t<div class=\"icon-box-text last-reset\">\n\t\t\t\t\t\t<h6>\u00c1CIDO SULF\u00daRICO<\/h6>\t\t\t\n\t\t<\/div>\n\t<\/div>\n\t<\/a>\n\t\n\t\t<\/div>\n\t\t\t\t\t<\/div>\n\n\t\n\n\t<div id=\"col-142638126\" class=\"col medium-1 small-12 large-1\"  >\n\t\t\t\t<div class=\"col-inner text-center text-shadow-5\"  >\n\t\t\t\n\t\t\t\n\n\t<a class=\"plain\" href=\"\/web\/insumos-criticos\/\" >\t<div class=\"icon-box featured-box icon-box-center text-center is-small\"  >\n\t\t\t\t\t<div class=\"icon-box-img\" style=\"width: 60px\">\n\t\t\t\t<div class=\"icon\">\n\t\t\t\t\t<div class=\"icon-inner\" >\n\t\t\t\t\t\t<img loading=\"lazy\" decoding=\"async\" width=\"128\" height=\"128\" src=\"https:\/\/www.cochilco.cl\/web\/wp-content\/uploads\/2024\/04\/materias-primas.png\" class=\"attachment-medium size-medium\" alt=\"\" \/>\t\t\t\t\t<\/div>\n\t\t\t\t<\/div>\n\t\t\t<\/div>\n\t\t\t\t<div class=\"icon-box-text last-reset\">\n\t\t\t\t\t\t<h6>INSUMOS CR\u00cdTICOS<\/h6>\t\t\t\n\t\t<\/div>\n\t<\/div>\n\t<\/a>\n\t\n\t\t<\/div>\n\t\t\t\t\t<\/div>\n\n\t\n\n\t<div id=\"col-1181363137\" class=\"col medium-1 small-12 large-1\"  >\n\t\t\t\t<div class=\"col-inner text-center\"  >\n\t\t\t\n\t\t\t\n\n\t<a class=\"plain\" href=\"\/web\/litio\/\" >\t<div class=\"icon-box featured-box icon-box-center text-center is-small\"  >\n\t\t\t\t\t<div class=\"icon-box-img\" style=\"width: 60px\">\n\t\t\t\t<div class=\"icon\">\n\t\t\t\t\t<div class=\"icon-inner\" >\n\t\t\t\t\t\t<img loading=\"lazy\" decoding=\"async\" width=\"128\" height=\"128\" src=\"https:\/\/www.cochilco.cl\/web\/wp-content\/uploads\/2024\/04\/litio.png\" class=\"attachment-medium size-medium\" alt=\"\" \/>\t\t\t\t\t<\/div>\n\t\t\t\t<\/div>\n\t\t\t<\/div>\n\t\t\t\t<div class=\"icon-box-text last-reset\">\n\t\t\t\t\t\t<h6>LITIO<\/h6>\t\t\t\n\t\t<\/div>\n\t<\/div>\n\t<\/a>\n\t\n\t\t<\/div>\n\t\t\t\t\t<\/div>\n\n\t\n\n\t<div id=\"col-318052425\" class=\"col medium-1 small-12 large-1\"  >\n\t\t\t\t<div class=\"col-inner text-center\"  >\n\t\t\t\n\t\t\t\n\n\t<a class=\"plain\" href=\"\/web\/otros-metales\/\" >\t<div class=\"icon-box featured-box icon-box-center text-center is-small\"  >\n\t\t\t\t\t<div class=\"icon-box-img\" style=\"width: 60px\">\n\t\t\t\t<div class=\"icon\">\n\t\t\t\t\t<div class=\"icon-inner\" >\n\t\t\t\t\t\t<img loading=\"lazy\" decoding=\"async\" width=\"128\" height=\"128\" src=\"https:\/\/www.cochilco.cl\/web\/wp-content\/uploads\/2024\/04\/oro-1.png\" class=\"attachment-medium size-medium\" alt=\"\" \/>\t\t\t\t\t<\/div>\n\t\t\t\t<\/div>\n\t\t\t<\/div>\n\t\t\t\t<div class=\"icon-box-text last-reset\">\n\t\t\t\t\t\t<h6>OTROS METALES<\/h6>\t\t\t\n\t\t<\/div>\n\t<\/div>\n\t<\/a>\n\t\n\t\t<\/div>\n\t\t\t\t\t<\/div>\n\n\t\n<\/div>\n<p style=\"text-align: justify;\">Los insumos cr\u00edticos son aquellos esenciales para el funcionamiento normal de una empresa y cuya interrupci\u00f3n puede tener un impacto econ\u00f3mico significativo. Los factores que determinan la criticidad de los insumos en la miner\u00eda son la disponibilidad, costo, tiempo de entrega y alternativas de suministro. El informe anual de esta materia analiza 4 insumos relevantes: cal, bolas de molienda, camiones de extracci\u00f3n y neum\u00e1ticos off the road. Adem\u00e1s hace seguimiento a otros insumos que tienen un car\u00e1cter estrat\u00e9gico, como lo son el agua, energ\u00eda el\u00e9ctrica, \u00e1cido sulf\u00farico y capital humano.<\/p>\n<div class=\"row\"  id=\"row-573740188\">\n\n\t<div id=\"col-1717047994\" class=\"col small-12 large-12 col-divided\"  >\n\t\t\t\t<div class=\"col-inner\"  >\n\t\t\t\n\t\t\t\n<script type=\"text\/x-handlebars-template\" id=\"wpfd-template-tree-box\">    {{#with file}}    <div class=\"dropblock\">        <a href=\"javascript:void(0)\" class=\"wpfd-close\"><\/a>        <div class=\"filecontent\">            <div class=\"ext ext-{{ext}} wpfd-icon-set-svg\"><span class=\"txt\">{{ext}}<\/span><\/div><h3><a href=\"{{linkdownload}}\"   class=\"wpfd_downloadlink\" title=\"{{post_title}}\" target=\"{{#if remote_file}}_blank{{\/if}}\"><span class=\"f_title\">{{{crop_title}}}<\/span>{{{new_marker_icon}}}<\/a><\/h3>            <div class=\"wpfd-extra\">                            <\/div>        <\/div>        <div class=\"extra-downloadlink\">{{#if openpdflink}}<a class=\"openlink wpfdlightbox wpfd_previewlink\" href=\"{{openpdflink}}\"  target=\"\">Avance                            <i class=\"zmdi zmdi-filter-center-focus wpfd-preview\"><\/i>                        <\/a>{{else}}{{#if viewerlink}}<a                            href=\"{{viewerlink}}\"                                                        class=\"openlink wpfdlightbox wpfd_previewlink\"                            target=\"\"                            data-id=\"{{ID}}\"                            data-catid=\"{{catid}}\"                            data-file-type=\"{{ext}}\">Avance<i class=\"zmdi zmdi-filter-center-focus wpfd-preview\"><\/i>                        <\/a>{{\/if}}{{\/if}}<\/div>    {{\/with}}<\/script>    <script type=\"text\/x-handlebars-template\" id=\"wpfd-template-tree-categories\">        {{#if categories}}        {{#each categories}}        <li class=\"directory collapsed\">            <a class=\"catlink\" href=\"#\" data-idcat=\"{{termID}}\">                <div class=\"icon-open-close\" data-id=\"{{termID}}\"><\/div>                <i class=\"zmdi zmdi-folder wpfd-folder\" style=\"color: {{color}}\"><\/i>                <span>{{name}}<\/span>            <\/a>        <\/li>        {{\/each}}        {{\/if}}    <\/script><script type=\"text\/x-handlebars-template\" id=\"wpfd-template-tree-files\">    {{#if files}}    {{#each files}}    <li class=\"file ext {{ext}} {{new_file_marker_class}}\">                    <i class=\"wpfd-file ext ext-{{ext}} wpfd-icon-set-svg\"><\/i>                                {{#if openpdflink}}                        <a class=\"wpfd-file-link\" data-category_id=\"{{catid}}\" target=\"\" href=\"{{linkdownload}}\" data-id=\"{{ID}}\" data-edit=\"{{edited}}\"               title=\"{{post_title}}\">{{{crop_title}}}{{new_marker_icon}}<\/a>        {{else}}                        <a class=\"wpfd-file-link\" data-category_id=\"{{catid}}\" target=\"\" href=\"{{linkdownload}}\" data-id=\"{{ID}}\" data-edit=\"{{edited}}\"               title=\"{{post_title}}\">{{{crop_title}}}{{new_marker_icon}}<\/a>        {{\/if}}            <\/li>    {{\/each}}    <\/div>    {{\/if}}<\/script><div class=\"wpfd-content wpfd-content-tree wpfd-content-category-normal wpfd-content-without-download-selected wpfd-content-multi\" data-category=\"439\"             style=\"display: none; background-color: rgba(255, 255, 255, 0)\"><input type=\"hidden\" id=\"current_category_439\" value=\"439\" \/>                    <input type=\"hidden\" id=\"current_category_slug_439\" value=\"insumos-criticos\" \/>                    <input type=\"hidden\" id=\"current_ordering_439\" value=\"created_time\" \/>                    <input type=\"hidden\" id=\"current_ordering_direction_439\" value=\"desc\" \/>                    <input type=\"hidden\" id=\"page_limit_439\" value=\"100\" \/><input type=\"hidden\" id=\"wpfd_display_empty_category_message\" value=\"0\" \/><input type=\"hidden\" id=\"wpfd_empty_category_message_val\" value=\"This file category has no files to display\" \/><input type=\"hidden\" id=\"wpfd_display_empty_folder\" value=\"0\" \/><input type=\"hidden\" id=\"wpfd_is_empty_subcategories\" value=\"1\" \/><input type=\"hidden\" id=\"wpfd_is_empty_files\" value=\"1\" \/><input type=\"hidden\" id=\"wpfd_root_category_id\" class=\"wpfd_root_category_id\" value=\"439\" \/><input type=\"hidden\" id=\"wpfd_root_category_theme\" class=\"wpfd_root_category_theme\" value=\"tree\" \/><input type=\"hidden\" id=\"wpfd_root_category_clone_theme_type\" class=\"wpfd_root_category_clone_theme_type\" value=\"none\" \/><input type=\"hidden\" id=\"wpfd_root_category_type\" class=\"wpfd_root_category_type\" value=\"439\" \/><input type=\"hidden\" id=\"wpfd_category_notify_file_changes\" class=\"wpfd_category_notify_file_changes\" value=\"0\" \/><input type=\"hidden\" id=\"wpfd_global_notify_file_changes\" class=\"wpfd_global_notify_file_changes\" value=\"0\" \/><input type=\"hidden\" id=\"wpfd_download_selected\" class=\"wpfd_download_selected\" value=\"0\" \/><input type=\"hidden\" id=\"wpfd_user_login\" class=\"wpfd_user_login\" value=\"0\" \/><div class=\"wpfd-content-header-section\"><div class=\"wpfd-header-btn-group\"><a class=\"wpfd-category-mail-subscribe-all\" href=\"#\" style=\"display: none\">Email Subscribe All<\/a><\/div><ul class=\"breadcrumbs wpfd-breadcrumbs-tree head-category-tree\">                            <li class=\"active\">INSUMOS CRITICOS<\/li>                        <\/ul><\/div><ul class=\"wpfd-tree-categories-files\">            <li class=\"directory open expanded\"><a class=\"catlink\" href=\"#\" data-idcat=\"861\"><div class=\"icon-open-close\" data-id=\"861\"><\/div><i class=\"zmdi zmdi-folder wpfd-folder\" style=\"color: \"><\/i><span>2023<\/span><\/a><ul><li class=\"file ext pdf\"><i class=\"wpfd-file ext ext-pdf  wpfd-icon-set-svg\"><\/i><a class=\"wpfd-file-link\" href=\"https:\/\/www.cochilco.cl\/web\/download\/861\/2023\/11515\/analisis-mercado-de-los-insumos-criticos-2023.pdf\" data-category_id=\"861\" data-id=\"11515\" title=\"Analisis Mercado de los Insumos Criticos 2023\" target=\"\"><span class=\"title\">Analisis Mercado de los Insumos Criticos 2023<\/span><\/a><\/li><li class=\"file ext pdf\"><i class=\"wpfd-file ext ext-pdf  wpfd-icon-set-svg\"><\/i><a class=\"wpfd-file-link\" href=\"https:\/\/www.cochilco.cl\/web\/download\/861\/2023\/11514\/metodologia-para-la-identificacion-de-insumos-criticos-para-el-desarrollo-de-la-mineria-en-chile-actualizacion-2023.pdf\" data-category_id=\"861\" data-id=\"11514\" title=\"Metodolog\u00eda para la identificaci\u00f3n de insumos cr\u00edticos para el desarrollo de la miner\u00eda en Chile. Actualizaci\u00f3n 2023\" target=\"\"><span class=\"title\">Metodolog\u00eda para la identificaci\u00f3n de insumos cr\u00edticos para el desarrollo de la miner\u00eda en Chile. Actualizaci\u00f3n 2023<\/span><\/a><\/li><\/ul><\/li><li class=\"directory open expanded\"><a class=\"catlink\" href=\"#\" data-idcat=\"443\"><div class=\"icon-open-close\" data-id=\"443\"><\/div><i class=\"zmdi zmdi-folder wpfd-folder\" style=\"color: \"><\/i><span>2022<\/span><\/a><ul><li class=\"file ext pdf\"><i class=\"wpfd-file ext ext-pdf  wpfd-icon-set-svg\"><\/i><a class=\"wpfd-file-link\" href=\"https:\/\/www.cochilco.cl\/web\/download\/443\/2022\/7973\/analisis-de-los-insumos-criticos-de-la-mineria-2022.pdf\" data-category_id=\"443\" data-id=\"7973\" title=\"An\u00e1lisis de los Insumos Cr\u00edticos de la Miner\u00eda 2022\" target=\"\"><span class=\"title\">An\u00e1lisis de los Insumos Cr\u00edticos de la Miner\u00eda 2022<\/span><\/a><\/li><\/ul><\/li><li class=\"directory open expanded\"><a class=\"catlink\" href=\"#\" data-idcat=\"447\"><div class=\"icon-open-close\" data-id=\"447\"><\/div><i class=\"zmdi zmdi-folder wpfd-folder\" style=\"color: \"><\/i><span>2021<\/span><\/a><ul><li class=\"file ext pdf\"><i class=\"wpfd-file ext ext-pdf  wpfd-icon-set-svg\"><\/i><a class=\"wpfd-file-link\" href=\"https:\/\/www.cochilco.cl\/web\/download\/447\/2021\/7972\/mercado-de-insumos-criticos-en-la-mineria-del-cobre-2021.pdf\" data-category_id=\"447\" data-id=\"7972\" title=\"Mercado de insumos cr\u00edticos en la miner\u00eda del cobre 2021\" target=\"\"><span class=\"title\">Mercado de insumos cr\u00edticos en la miner\u00eda del cobre 2021<\/span><\/a><\/li><\/ul><\/li><li class=\"directory open expanded\"><a class=\"catlink\" href=\"#\" data-idcat=\"450\"><div class=\"icon-open-close\" data-id=\"450\"><\/div><i class=\"zmdi zmdi-folder wpfd-folder\" style=\"color: \"><\/i><span>2020<\/span><\/a><ul><li class=\"file ext pdf\"><i class=\"wpfd-file ext ext-pdf  wpfd-icon-set-svg\"><\/i><a class=\"wpfd-file-link\" href=\"https:\/\/www.cochilco.cl\/web\/download\/450\/2020\/7970\/mercado-de-insumos-criticos-en-la-mineria-del-cobre.pdf\" data-category_id=\"450\" data-id=\"7970\" title=\"Mercado de insumos cr\u00edticos en la miner\u00eda del cobre\" target=\"\"><span class=\"title\">Mercado de insumos cr\u00edticos en la miner\u00eda del cobre<\/span><\/a><\/li><\/ul><\/li><li class=\"directory open expanded\"><a class=\"catlink\" href=\"#\" data-idcat=\"452\"><div class=\"icon-open-close\" data-id=\"452\"><\/div><i class=\"zmdi zmdi-folder wpfd-folder\" style=\"color: \"><\/i><span>2019<\/span><\/a><ul><li class=\"file ext pdf\"><i class=\"wpfd-file ext ext-pdf  wpfd-icon-set-svg\"><\/i><a class=\"wpfd-file-link\" href=\"https:\/\/www.cochilco.cl\/web\/download\/452\/2019\/7971\/analisis-del-mercado-de-insumos-criticos-en-la-mineria-del-cobre-3.pdf\" data-category_id=\"452\" data-id=\"7971\" title=\"An\u00e1lisis del Mercado de Insumos Cr\u00edticos en la Miner\u00eda del Cobre\" target=\"\"><span class=\"title\">An\u00e1lisis del Mercado de Insumos Cr\u00edticos en la Miner\u00eda del Cobre<\/span><\/a><\/li><\/ul><\/li><li class=\"directory open expanded\"><a class=\"catlink\" href=\"#\" data-idcat=\"454\"><div class=\"icon-open-close\" data-id=\"454\"><\/div><i class=\"zmdi zmdi-folder wpfd-folder\" style=\"color: \"><\/i><span>2018<\/span><\/a><ul><li class=\"file ext pdf\"><i class=\"wpfd-file ext ext-pdf  wpfd-icon-set-svg\"><\/i><a class=\"wpfd-file-link\" href=\"https:\/\/www.cochilco.cl\/web\/download\/454\/2018\/7966\/consumo-de-agua-en-la-mineria-del-cobre-ano-2017-2.pdf\" data-category_id=\"454\" data-id=\"7966\" title=\"Consumo de Agua en la Miner\u00eda del Cobre a\u00f1o 2017\" target=\"\"><span class=\"title\">Consumo de Agua en la Miner\u00eda del Cobre a\u00f1o 2017<\/span><\/a><\/li><li class=\"file ext pdf\"><i class=\"wpfd-file ext ext-pdf  wpfd-icon-set-svg\"><\/i><a class=\"wpfd-file-link\" href=\"https:\/\/www.cochilco.cl\/web\/download\/454\/2018\/7969\/analisis-del-mercado-de-insumos-criticos-en-la-mineria-del-cobre-2.pdf\" data-category_id=\"454\" data-id=\"7969\" title=\"An\u00e1lisis del Mercado de Insumos Cr\u00edticos en la Miner\u00eda del Cobre\" target=\"\"><span class=\"title\">An\u00e1lisis del Mercado de Insumos Cr\u00edticos en la Miner\u00eda del Cobre<\/span><\/a><\/li><\/ul><\/li><li class=\"directory open expanded\"><a class=\"catlink\" href=\"#\" data-idcat=\"442\"><div class=\"icon-open-close\" data-id=\"442\"><\/div><i class=\"zmdi zmdi-folder wpfd-folder\" style=\"color: \"><\/i><span>2016<\/span><\/a><ul><li class=\"file ext pdf\"><i class=\"wpfd-file ext ext-pdf  wpfd-icon-set-svg\"><\/i><a class=\"wpfd-file-link\" href=\"https:\/\/www.cochilco.cl\/web\/download\/442\/2016\/7965\/estudio-de-insumos-criticos-en-la-mineria-chilena.pdf\" data-category_id=\"442\" data-id=\"7965\" title=\"Estudio de Insumos Criticos en la Mineria Chilena\" target=\"\"><span class=\"title\">Estudio de Insumos Criticos en la Mineria Chilena<\/span><\/a><\/li><\/ul><\/li><li class=\"directory open expanded\"><a class=\"catlink\" href=\"#\" data-idcat=\"444\"><div class=\"icon-open-close\" data-id=\"444\"><\/div><i class=\"zmdi zmdi-folder wpfd-folder\" style=\"color: \"><\/i><span>2015<\/span><\/a><ul><li class=\"file ext pdf\"><i class=\"wpfd-file ext ext-pdf  wpfd-icon-set-svg\"><\/i><a class=\"wpfd-file-link\" href=\"https:\/\/www.cochilco.cl\/web\/download\/444\/2015\/7967\/analisis-del-mercado-de-insumos-criticos-en-la-mineria-del-cobre.pdf\" data-category_id=\"444\" data-id=\"7967\" title=\"An\u00e1lisis del mercado de insumos cr\u00edticos en la miner\u00eda del cobre\" target=\"\"><span class=\"title\">An\u00e1lisis del mercado de insumos cr\u00edticos en la miner\u00eda del cobre<\/span><\/a><\/li><li class=\"file ext pdf\"><i class=\"wpfd-file ext ext-pdf  wpfd-icon-set-svg\"><\/i><a class=\"wpfd-file-link\" href=\"https:\/\/www.cochilco.cl\/web\/download\/444\/2015\/7968\/estudio-de-insumos-criticos-en-la-mineria-chilena-2.pdf\" data-category_id=\"444\" data-id=\"7968\" title=\"Estudio de Insumos Criticos en la Mineria Chilena\" target=\"\"><span class=\"title\">Estudio de Insumos Criticos en la Mineria Chilena<\/span><\/a><\/li><\/ul><\/li>        <\/ul><\/div>\n\t\t<\/div>\n\t\t\t\t\t<\/div>\n\n\t\n<\/div>\n\t\t<\/div>\n\n\t\t\n<style>\n#section_2017089576 {\n  padding-top: 30px;\n  padding-bottom: 30px;\n}\n<\/style>\n\t<\/section>\n\t\n","protected":false},"excerpt":{"rendered":"","protected":false},"author":1,"featured_media":0,"parent":0,"menu_order":0,"comment_status":"closed","ping_status":"closed","template":"","meta":{"footnotes":""},"class_list":["post-7046","page","type-page","status-publish","hentry"],"_links":{"self":[{"href":"https:\/\/www.cochilco.cl\/web\/wp-json\/wp\/v2\/pages\/7046","targetHints":{"allow":["GET"]}}],"collection":[{"href":"https:\/\/www.cochilco.cl\/web\/wp-json\/wp\/v2\/pages"}],"about":[{"href":"https:\/\/www.cochilco.cl\/web\/wp-json\/wp\/v2\/types\/page"}],"author":[{"embeddable":true,"href":"https:\/\/www.cochilco.cl\/web\/wp-json\/wp\/v2\/users\/1"}],"replies":[{"embeddable":true,"href":"https:\/\/www.cochilco.cl\/web\/wp-json\/wp\/v2\/comments?post=7046"}],"version-history":[{"count":17,"href":"https:\/\/www.cochilco.cl\/web\/wp-json\/wp\/v2\/pages\/7046\/revisions"}],"predecessor-version":[{"id":12328,"href":"https:\/\/www.cochilco.cl\/web\/wp-json\/wp\/v2\/pages\/7046\/revisions\/12328"}],"wp:attachment":[{"href":"https:\/\/www.cochilco.cl\/web\/wp-json\/wp\/v2\/media?parent=7046"}],"curies":[{"name":"wp","href":"https:\/\/api.w.org\/{rel}","templated":true}]}}