{"id":7048,"date":"2022-07-20T16:01:31","date_gmt":"2022-07-20T16:01:31","guid":{"rendered":"http:\/\/localhost:8092\/web\/?page_id=7048"},"modified":"2024-10-22T11:41:21","modified_gmt":"2024-10-22T14:41:21","slug":"genero","status":"publish","type":"page","link":"https:\/\/www.cochilco.cl\/web\/genero\/","title":{"rendered":"Genero"},"content":{"rendered":"\n\t<section class=\"section\" id=\"section_761941970\">\n\t\t<div class=\"section-bg fill\" >\n\t\t\t\t\t\t\t\t\t\n\t\t\t\n\n\t\t<\/div>\n\n\t\t\n\n\t\t<div class=\"section-content relative\">\n\t\t\t\n<div class=\"container section-title-container\" style=\"margin-top:0px;margin-bottom:0px;\"><h4 class=\"section-title section-title-center\"><b aria-hidden=\"true\"><\/b><span class=\"section-title-main\" >PUBLICACIONES  - ESTUDIOS ESPECIALIZADOS \u2013 METALES E INSUMOS CR\u00cdTICOS<\/span><b aria-hidden=\"true\"><\/b><\/h4><\/div>\n<div class=\"row align-center\"  id=\"row-680762065\">\n\n\t<div id=\"col-1111831826\" class=\"col medium-1 small-12 large-1\"  >\n\t\t\t\t<div class=\"col-inner text-center\"  >\n\t\t\t\n\t\t\t\n\n\t<a class=\"plain\" href=\"\/web\/inversion\/\" >\t<div class=\"icon-box featured-box icon-box-center text-center is-small\"  >\n\t\t\t\t\t<div class=\"icon-box-img\" style=\"width: 60px\">\n\t\t\t\t<div class=\"icon\">\n\t\t\t\t\t<div class=\"icon-inner\" >\n\t\t\t\t\t\t<img loading=\"lazy\" decoding=\"async\" width=\"128\" height=\"128\" src=\"https:\/\/www.cochilco.cl\/web\/wp-content\/uploads\/2024\/04\/beneficios.png\" class=\"attachment-medium size-medium\" alt=\"\" \/>\t\t\t\t\t<\/div>\n\t\t\t\t<\/div>\n\t\t\t<\/div>\n\t\t\t\t<div class=\"icon-box-text last-reset\">\n\t\t\t\t\t\t<h6>INVERSI\u00d3N<\/h6>\t\t\t\n\t\t<\/div>\n\t<\/div>\n\t<\/a>\n\t\n\t\t<\/div>\n\t\t\t\t\t<\/div>\n\n\t\n\n\t<div id=\"col-1898175737\" class=\"col medium-1 small-12 large-1\"  >\n\t\t\t\t<div class=\"col-inner text-center\"  >\n\t\t\t\n\t\t\t\n\n\t<a class=\"plain\" href=\"\/web\/exploracion\/\" >\t<div class=\"icon-box featured-box icon-box-center text-center is-small\"  >\n\t\t\t\t\t<div class=\"icon-box-img\" style=\"width: 60px\">\n\t\t\t\t<div class=\"icon\">\n\t\t\t\t\t<div class=\"icon-inner\" >\n\t\t\t\t\t\t<img loading=\"lazy\" decoding=\"async\" width=\"128\" height=\"128\" src=\"https:\/\/www.cochilco.cl\/web\/wp-content\/uploads\/2024\/04\/exploracion-espacial.png\" class=\"attachment-medium size-medium\" alt=\"\" \/>\t\t\t\t\t<\/div>\n\t\t\t\t<\/div>\n\t\t\t<\/div>\n\t\t\t\t<div class=\"icon-box-text last-reset\">\n\t\t\t\t\t\t<h6>EXPLORACI\u00d3N<\/h6>\t\t\t\n\t\t<\/div>\n\t<\/div>\n\t<\/a>\n\t\n\t\t<\/div>\n\t\t\t\t\t<\/div>\n\n\t\n\n\t<div id=\"col-1059304815\" class=\"col medium-1 small-12 large-1\"  >\n\t\t\t\t<div class=\"col-inner text-center text-shadow-5\"  >\n\t\t\t\n\t\t\t\n\n\t<a class=\"plain\" href=\"\/web\/genero\/\" >\t<div class=\"icon-box featured-box icon-box-center text-center is-small\"  >\n\t\t\t\t\t<div class=\"icon-box-img\" style=\"width: 60px\">\n\t\t\t\t<div class=\"icon\">\n\t\t\t\t\t<div class=\"icon-inner\" >\n\t\t\t\t\t\t<img loading=\"lazy\" decoding=\"async\" width=\"128\" height=\"128\" src=\"https:\/\/www.cochilco.cl\/web\/wp-content\/uploads\/2024\/04\/igualdad.png\" class=\"attachment-medium size-medium\" alt=\"\" \/>\t\t\t\t\t<\/div>\n\t\t\t\t<\/div>\n\t\t\t<\/div>\n\t\t\t\t<div class=\"icon-box-text last-reset\">\n\t\t\t\t\t\t<h6>G\u00c9NERO<\/h6>\t\t\t\n\t\t<\/div>\n\t<\/div>\n\t<\/a>\n\t\n\t\t<\/div>\n\t\t\t\t\t<\/div>\n\n\t\n\n\t<div id=\"col-885300995\" class=\"col medium-1 small-12 large-1\"  >\n\t\t\t\t<div class=\"col-inner text-center\"  >\n\t\t\t\n\t\t\t\n\n\t<a class=\"plain\" href=\"\/web\/proveedores\/\" >\t<div class=\"icon-box featured-box icon-box-center text-center is-small\"  >\n\t\t\t\t\t<div class=\"icon-box-img\" style=\"width: 60px\">\n\t\t\t\t<div class=\"icon\">\n\t\t\t\t\t<div class=\"icon-inner\" >\n\t\t\t\t\t\t<img loading=\"lazy\" decoding=\"async\" width=\"128\" height=\"128\" src=\"https:\/\/www.cochilco.cl\/web\/wp-content\/uploads\/2024\/04\/sistema-integrado.png\" class=\"attachment-medium size-medium\" alt=\"\" \/>\t\t\t\t\t<\/div>\n\t\t\t\t<\/div>\n\t\t\t<\/div>\n\t\t\t\t<div class=\"icon-box-text last-reset\">\n\t\t\t\t\t\t<h6>PROVEEDORES<\/h6>\t\t\t\n\t\t<\/div>\n\t<\/div>\n\t<\/a>\n\t\n\t\t<\/div>\n\t\t\t\t\t<\/div>\n\n\t\n\n\t<div id=\"col-2042857218\" class=\"col medium-1 small-12 large-1\"  >\n\t\t\t\t<div class=\"col-inner text-center\"  >\n\t\t\t\n\t\t\t\n\n\t<a class=\"plain\" href=\"\/web\/costos-2\/\" >\t<div class=\"icon-box featured-box icon-box-center text-center is-small\"  >\n\t\t\t\t\t<div class=\"icon-box-img\" style=\"width: 60px\">\n\t\t\t\t<div class=\"icon\">\n\t\t\t\t\t<div class=\"icon-inner\" >\n\t\t\t\t\t\t<img loading=\"lazy\" decoding=\"async\" width=\"128\" height=\"128\" src=\"https:\/\/www.cochilco.cl\/web\/wp-content\/uploads\/2024\/04\/presupuesto.png\" class=\"attachment-medium size-medium\" alt=\"\" \/>\t\t\t\t\t<\/div>\n\t\t\t\t<\/div>\n\t\t\t<\/div>\n\t\t\t\t<div class=\"icon-box-text last-reset\">\n\t\t\t\t\t\t<h6>COSTOS<\/h6>\t\t\t\n\t\t<\/div>\n\t<\/div>\n\t<\/a>\n\t\n\t\t<\/div>\n\t\t\t\t\t<\/div>\n\n\t\n\n\t<div id=\"col-2022941927\" class=\"col medium-1 small-12 large-1\"  >\n\t\t\t\t<div class=\"col-inner text-center\"  >\n\t\t\t\n\t\t\t\n\n\t<a class=\"plain\" href=\"\/web\/otros-estudios\/\" >\t<div class=\"icon-box featured-box icon-box-center text-center is-small\"  >\n\t\t\t\t\t<div class=\"icon-box-img\" style=\"width: 60px\">\n\t\t\t\t<div class=\"icon\">\n\t\t\t\t\t<div class=\"icon-inner\" >\n\t\t\t\t\t\t<img loading=\"lazy\" decoding=\"async\" width=\"128\" height=\"128\" src=\"https:\/\/www.cochilco.cl\/web\/wp-content\/uploads\/2024\/04\/protegido.png\" class=\"attachment-medium size-medium\" alt=\"\" \/>\t\t\t\t\t<\/div>\n\t\t\t\t<\/div>\n\t\t\t<\/div>\n\t\t\t\t<div class=\"icon-box-text last-reset\">\n\t\t\t\t\t\t<h6>OTROS ESTUDIOS<\/h6>\t\t\t\n\t\t<\/div>\n\t<\/div>\n\t<\/a>\n\t\n\t\t<\/div>\n\t\t\t\t\t<\/div>\n\n\t\n\n\t<div id=\"col-988245777\" class=\"col medium-1 small-12 large-1\"  >\n\t\t\t\t<div class=\"col-inner text-center\"  >\n\t\t\t\n\t\t\t\n\n\t<a class=\"plain\" href=\"\/web\/pequena-y-mediana-mineria\/\" >\t<div class=\"icon-box featured-box icon-box-center text-center is-small\"  >\n\t\t\t\t\t<div class=\"icon-box-img\" style=\"width: 60px\">\n\t\t\t\t<div class=\"icon\">\n\t\t\t\t\t<div class=\"icon-inner\" >\n\t\t\t\t\t\t<img loading=\"lazy\" decoding=\"async\" width=\"128\" height=\"128\" src=\"https:\/\/www.cochilco.cl\/web\/wp-content\/uploads\/2024\/04\/uranio.png\" class=\"attachment-medium size-medium\" alt=\"\" \/>\t\t\t\t\t<\/div>\n\t\t\t\t<\/div>\n\t\t\t<\/div>\n\t\t\t\t<div class=\"icon-box-text last-reset\">\n\t\t\t\t\t\t<h6>PEQUE\u00d1A Y MEDIANA MINER\u00cdA<\/h6>\t\t\t\n\t\t<\/div>\n\t<\/div>\n\t<\/a>\n\t\n\t\t<\/div>\n\t\t\t\t\t<\/div>\n\n\t\n\n\t<div id=\"col-647811274\" class=\"col medium-1 small-12 large-1\"  >\n\t\t\t\t<div class=\"col-inner text-center\"  >\n\t\t\t\n\t\t\t\n\n\t<a class=\"plain\" href=\"\/web\/sustentabilidad\/\" >\t<div class=\"icon-box featured-box icon-box-center text-center is-small\"  >\n\t\t\t\t\t<div class=\"icon-box-img\" style=\"width: 60px\">\n\t\t\t\t<div class=\"icon\">\n\t\t\t\t\t<div class=\"icon-inner\" >\n\t\t\t\t\t\t<img loading=\"lazy\" decoding=\"async\" width=\"128\" height=\"128\" src=\"https:\/\/www.cochilco.cl\/web\/wp-content\/uploads\/2024\/04\/el-planeta-tierra.png\" class=\"attachment-medium size-medium\" alt=\"\" \/>\t\t\t\t\t<\/div>\n\t\t\t\t<\/div>\n\t\t\t<\/div>\n\t\t\t\t<div class=\"icon-box-text last-reset\">\n\t\t\t\t\t\t<h6>SUSTENTABILIDAD<\/h6>\t\t\t\n\t\t<\/div>\n\t<\/div>\n\t<\/a>\n\t\n\t\t<\/div>\n\t\t\t\t\t<\/div>\n\n\t\n<\/div>\n<p style=\"text-align: justify;\">Esta secci\u00f3n est\u00e1 dedicada a proporcionar estudios de frecuencia anual sobre la caracterizaci\u00f3n de la mujer en el sector minero en Chile con \u00e9nfasis en estad\u00edsticas sobre, demograf\u00eda, tasas de participaci\u00f3n y la evoluci\u00f3n de estos componentes a\u00f1o a a\u00f1o, as\u00ed como las pol\u00edticas de g\u00e9nero implementadas por las empresas mineras y los compromisos p\u00fablicos para disminuir las brechas de g\u00e9nero en la industria minera.<\/p>\n<div class=\"row\"  id=\"row-2050378838\">\n\n\t<div id=\"col-686821157\" class=\"col small-12 large-12 col-divided\"  >\n\t\t\t\t<div class=\"col-inner\"  >\n\t\t\t\n\t\t\t\n<script type=\"text\/x-handlebars-template\" id=\"wpfd-template-tree-box\">    {{#with file}}    <div class=\"dropblock\">        <a href=\"javascript:void(0)\" class=\"wpfd-close\"><\/a>        <div class=\"filecontent\">            <div class=\"ext ext-{{ext}} wpfd-icon-set-svg\"><span class=\"txt\">{{ext}}<\/span><\/div><h3><a href=\"{{linkdownload}}\"   class=\"wpfd_downloadlink\" title=\"{{post_title}}\" target=\"{{#if remote_file}}_blank{{\/if}}\"><span class=\"f_title\">{{{crop_title}}}<\/span>{{{new_marker_icon}}}<\/a><\/h3>            <div class=\"wpfd-extra\">                            <\/div>        <\/div>        <div class=\"extra-downloadlink\"><a class=\"downloadlink wpfd_downloadlink\"  href=\"{{linkdownload}}\"  style=\"background-color:rgba(118, 188, 88, 1);color:#9c2525;\" target=\"{{#if remote_file}}_blank{{\/if}}\">Descargar<i class=\"zmdi zmdi-cloud-download wpfd-download\"><\/i><\/a>{{#if openpdflink}}<a class=\"openlink wpfdlightbox wpfd_previewlink\" href=\"{{openpdflink}}\"  target=\"\">Avance                            <i class=\"zmdi zmdi-filter-center-focus wpfd-preview\"><\/i>                        <\/a>{{else}}{{#if viewerlink}}<a                            href=\"{{viewerlink}}\"                                                        class=\"openlink wpfdlightbox wpfd_previewlink\"                            target=\"\"                            data-id=\"{{ID}}\"                            data-catid=\"{{catid}}\"                            data-file-type=\"{{ext}}\">Avance<i class=\"zmdi zmdi-filter-center-focus wpfd-preview\"><\/i>                        <\/a>{{\/if}}{{\/if}}<\/div>    {{\/with}}<\/script>    <script type=\"text\/x-handlebars-template\" id=\"wpfd-template-tree-categories\">        {{#if categories}}        {{#each categories}}        <li class=\"directory collapsed\">            <a class=\"catlink\" href=\"#\" data-idcat=\"{{termID}}\">                <div class=\"icon-open-close\" data-id=\"{{termID}}\"><\/div>                <i class=\"zmdi zmdi-folder wpfd-folder\" style=\"color: {{color}}\"><\/i>                <span>{{name}}<\/span>            <\/a>        <\/li>        {{\/each}}        {{\/if}}    <\/script><script type=\"text\/x-handlebars-template\" id=\"wpfd-template-tree-files\">    {{#if files}}    {{#each files}}    <li class=\"file ext {{ext}} {{new_file_marker_class}}\">                    <i class=\"wpfd-file ext ext-{{ext}} wpfd-icon-set-svg\"><\/i>                                {{#if openpdflink}}                        <a class=\"wpfd-file-link\" data-category_id=\"{{catid}}\" target=\"\" href=\"{{linkdownload}}\" data-id=\"{{ID}}\" data-edit=\"{{edited}}\"               title=\"{{post_title}}\">{{{crop_title}}}{{new_marker_icon}}<\/a>        {{else}}                        <a class=\"wpfd-file-link\" data-category_id=\"{{catid}}\" target=\"\" href=\"{{linkdownload}}\" data-id=\"{{ID}}\" data-edit=\"{{edited}}\"               title=\"{{post_title}}\">{{{crop_title}}}{{new_marker_icon}}<\/a>        {{\/if}}            <\/li>    {{\/each}}    <\/div>    {{\/if}}<\/script><div class=\"wpfd-content wpfd-content-tree wpfd-content-category-normal wpfd-content-without-download-selected wpfd-content-multi\" data-category=\"471\"             style=\"display: none; background-color: rgba(255, 255, 255, 0)\"><input type=\"hidden\" id=\"current_category_471\" value=\"471\" \/>                    <input type=\"hidden\" id=\"current_category_slug_471\" value=\"genero\" \/>                    <input type=\"hidden\" id=\"current_ordering_471\" value=\"created_time\" \/>                    <input type=\"hidden\" id=\"current_ordering_direction_471\" value=\"desc\" \/>                    <input type=\"hidden\" id=\"page_limit_471\" value=\"100\" \/><input type=\"hidden\" id=\"wpfd_display_empty_category_message\" value=\"0\" \/><input type=\"hidden\" id=\"wpfd_empty_category_message_val\" value=\"This file category has no files to display\" \/><input type=\"hidden\" id=\"wpfd_display_empty_folder\" value=\"0\" \/><input type=\"hidden\" id=\"wpfd_is_empty_subcategories\" value=\"1\" \/><input type=\"hidden\" id=\"wpfd_is_empty_files\" value=\"1\" \/><input type=\"hidden\" id=\"wpfd_root_category_id\" class=\"wpfd_root_category_id\" value=\"471\" \/><input type=\"hidden\" id=\"wpfd_root_category_theme\" class=\"wpfd_root_category_theme\" value=\"tree\" \/><input type=\"hidden\" id=\"wpfd_root_category_clone_theme_type\" class=\"wpfd_root_category_clone_theme_type\" value=\"none\" \/><input type=\"hidden\" id=\"wpfd_root_category_type\" class=\"wpfd_root_category_type\" value=\"471\" \/><input type=\"hidden\" id=\"wpfd_category_notify_file_changes\" class=\"wpfd_category_notify_file_changes\" value=\"0\" \/><input type=\"hidden\" id=\"wpfd_global_notify_file_changes\" class=\"wpfd_global_notify_file_changes\" value=\"0\" \/><input type=\"hidden\" id=\"wpfd_download_selected\" class=\"wpfd_download_selected\" value=\"0\" \/><input type=\"hidden\" id=\"wpfd_user_login\" class=\"wpfd_user_login\" value=\"0\" \/><div class=\"wpfd-content-header-section\"><div class=\"wpfd-header-btn-group\"><a class=\"wpfd-category-mail-subscribe-all\" href=\"#\" style=\"display: none\">Email Subscribe All<\/a><\/div><ul class=\"breadcrumbs wpfd-breadcrumbs-tree head-category-tree\">                            <li class=\"active\">G\u00c9NERO<\/li>                        <\/ul><\/div><ul class=\"wpfd-tree-categories-files\">            <li class=\"directory open expanded\"><a class=\"catlink\" href=\"#\" data-idcat=\"983\"><div class=\"icon-open-close\" data-id=\"983\"><\/div><i class=\"zmdi zmdi-folder wpfd-folder\" style=\"color: \"><\/i><span>2025<\/span><\/a><ul><li class=\"file ext pdf\"><i class=\"wpfd-file ext ext-pdf  wpfd-icon-set-svg\"><\/i><a class=\"wpfd-file-link\" href=\"https:\/\/www.cochilco.cl\/web\/download\/983\/2025\/14981\/representacion-de-la-mujer-en-el-sector-minero-en-chile-al-ano-2024.pdf\" data-category_id=\"983\" data-id=\"14981\" title=\"Representaci\u00f3n de la mujer en el sector minero en Chile al a\u00f1o 2024\" target=\"\"><span class=\"title\">Representaci\u00f3n de la mujer en el sector minero en Chile al a\u00f1o 2024<\/span><\/a><\/li><li class=\"file ext pdf\"><i class=\"wpfd-file ext ext-pdf  wpfd-icon-set-svg\"><\/i><a class=\"wpfd-file-link\" href=\"https:\/\/www.cochilco.cl\/web\/download\/983\/2025\/14563\/representacion-de-la-mujer-en-el-sector-minero-en-chile-al-ano-2023.pdf\" data-category_id=\"983\" data-id=\"14563\" title=\"Representaci\u00f3n de la mujer en el sector minero en Chile al a\u00f1o 2023\" target=\"\"><span class=\"title\">Representaci\u00f3n de la mujer en el sector minero en Chile al a\u00f1o 2023<\/span><\/a><\/li><\/ul><\/li><li class=\"directory open expanded\"><a class=\"catlink\" href=\"#\" data-idcat=\"920\"><div class=\"icon-open-close\" data-id=\"920\"><\/div><i class=\"zmdi zmdi-folder wpfd-folder\" style=\"color: \"><\/i><span>2023<\/span><\/a><ul><li class=\"file ext pdf\"><i class=\"wpfd-file ext ext-pdf  wpfd-icon-set-svg\"><\/i><a class=\"wpfd-file-link\" href=\"https:\/\/www.cochilco.cl\/web\/download\/920\/2023\/11360\/representacion-de-la-mujer-en-el-sector-minero-en-chile-2022.pdf\" data-category_id=\"920\" data-id=\"11360\" title=\"Representaci\u00f3n de la mujer en el sector minero en Chile 2022\" target=\"\"><span class=\"title\">Representaci\u00f3n de la mujer en el sector minero en Chile 2022<\/span><\/a><\/li><\/ul><\/li><li class=\"directory open expanded\"><a class=\"catlink\" href=\"#\" data-idcat=\"475\"><div class=\"icon-open-close\" data-id=\"475\"><\/div><i class=\"zmdi zmdi-folder wpfd-folder\" style=\"color: \"><\/i><span>2022<\/span><\/a><ul><li class=\"file ext pdf\"><i class=\"wpfd-file ext ext-pdf  wpfd-icon-set-svg\"><\/i><a class=\"wpfd-file-link\" href=\"https:\/\/www.cochilco.cl\/web\/download\/475\/2022\/11280\/politicas-de-genero-vinculadas-al-sector-minero.pdf\" data-category_id=\"475\" data-id=\"11280\" title=\"Pol\u00edticas de G\u00e9nero vinculadas al sector minero\" target=\"\"><span class=\"title\">Pol\u00edticas de G\u00e9nero vinculadas al sector minero<\/span><\/a><\/li><li class=\"file ext pdf\"><i class=\"wpfd-file ext ext-pdf  wpfd-icon-set-svg\"><\/i><a class=\"wpfd-file-link\" href=\"https:\/\/www.cochilco.cl\/web\/download\/475\/2022\/11279\/representacion-y-caracterizacion-de-la-mujer-en-el-sector-minero-en-chile-2.pdf\" data-category_id=\"475\" data-id=\"11279\" title=\"Representaci\u00f3n y caracterizaci\u00f3n de la mujer en el  sector minero en Chile\" target=\"\"><span class=\"title\">Representaci\u00f3n y caracterizaci\u00f3n de la mujer en el  sector minero en Chile<\/span><\/a><\/li><\/ul><\/li><li class=\"directory open expanded\"><a class=\"catlink\" href=\"#\" data-idcat=\"479\"><div class=\"icon-open-close\" data-id=\"479\"><\/div><i class=\"zmdi zmdi-folder wpfd-folder\" style=\"color: \"><\/i><span>2021<\/span><\/a><ul><li class=\"file ext pdf\"><i class=\"wpfd-file ext ext-pdf  wpfd-icon-set-svg\"><\/i><a class=\"wpfd-file-link\" href=\"https:\/\/www.cochilco.cl\/web\/download\/479\/2021\/11281\/representacion-y-caracterizacion-de-la-mujer-en-el-sector-minero-en-chile-ano-2020.pdf\" data-category_id=\"479\" data-id=\"11281\" title=\"Representaci\u00f3n y caracterizaci\u00f3n de la mujer en el sector minero en Chile, a\u00f1o 2020\" target=\"\"><span class=\"title\">Representaci\u00f3n y caracterizaci\u00f3n de la mujer en el sector minero en Chile, a\u00f1o 2020<\/span><\/a><\/li><\/ul><\/li>        <\/ul><\/div>\n\t\t<\/div>\n\t\t\t\t\t<\/div>\n\n\t\n<\/div>\n\t\t<\/div>\n\n\t\t\n<style>\n#section_761941970 {\n  padding-top: 30px;\n  padding-bottom: 30px;\n}\n<\/style>\n\t<\/section>\n\t\n","protected":false},"excerpt":{"rendered":"","protected":false},"author":1,"featured_media":0,"parent":0,"menu_order":0,"comment_status":"closed","ping_status":"closed","template":"","meta":{"footnotes":""},"class_list":["post-7048","page","type-page","status-publish","hentry"],"_links":{"self":[{"href":"https:\/\/www.cochilco.cl\/web\/wp-json\/wp\/v2\/pages\/7048","targetHints":{"allow":["GET"]}}],"collection":[{"href":"https:\/\/www.cochilco.cl\/web\/wp-json\/wp\/v2\/pages"}],"about":[{"href":"https:\/\/www.cochilco.cl\/web\/wp-json\/wp\/v2\/types\/page"}],"author":[{"embeddable":true,"href":"https:\/\/www.cochilco.cl\/web\/wp-json\/wp\/v2\/users\/1"}],"replies":[{"embeddable":true,"href":"https:\/\/www.cochilco.cl\/web\/wp-json\/wp\/v2\/comments?post=7048"}],"version-history":[{"count":17,"href":"https:\/\/www.cochilco.cl\/web\/wp-json\/wp\/v2\/pages\/7048\/revisions"}],"predecessor-version":[{"id":12318,"href":"https:\/\/www.cochilco.cl\/web\/wp-json\/wp\/v2\/pages\/7048\/revisions\/12318"}],"wp:attachment":[{"href":"https:\/\/www.cochilco.cl\/web\/wp-json\/wp\/v2\/media?parent=7048"}],"curies":[{"name":"wp","href":"https:\/\/api.w.org\/{rel}","templated":true}]}}