{"id":8452,"date":"2023-08-03T19:15:19","date_gmt":"2023-08-03T19:15:19","guid":{"rendered":"http:\/\/srvscase:8092\/web\/?page_id=8452"},"modified":"2024-02-29T10:04:54","modified_gmt":"2024-02-29T13:04:54","slug":"registro-de-contratos-de-exportacion-de-cobre-y-sus-subproductos-en-el-sistema-de-exportaciones-mineras-sem-2-0","status":"publish","type":"page","link":"https:\/\/www.cochilco.cl\/web\/registro-de-contratos-de-exportacion-de-cobre-y-sus-subproductos-en-el-sistema-de-exportaciones-mineras-sem-2-0\/","title":{"rendered":"Registro de contratos de exportaci\u00f3n de cobre y sus subproductos en el Sistema de Exportaciones Mineras (SEM 2.0)"},"content":{"rendered":"\n<h1 style=\"text-align: justify;\">Registro de contratos de exportaci\u00f3n de cobre y sus subproductos en el Sistema de Exportaciones Mineras (SEM 2.0)<\/h1>\n<h3 style=\"text-align: justify;\">Descripci\u00f3n<\/h3>\n<p style=\"text-align: justify;\">Permite ingresar los t\u00e9rminos esenciales de los contratos de exportaci\u00f3n de cobre y sus subproductos, independiente de su modalidad de venta (<em>a firme, bajo condici\u00f3n o en consignaci\u00f3n<\/em>), al Sistema de Exportaciones Mineras (SEM 2.0).<\/p>\n<p style=\"text-align: justify;\">Desde la fecha de celebraci\u00f3n del contrato, el exportador tendr\u00e1 unplazo no superior a 30 d\u00edash\u00e1biles para ingresar los t\u00e9rminos esenciales al SEM 2.0. Sin embargo, si el exportador tiene embarques programados antes del plazo establecido, necesariamente, debe ingresar su informaci\u00f3n al sistema, previo a la materializaci\u00f3n de dichos embarques.<\/p>\n<p style=\"text-align: justify;\">Para ingresar la informaci\u00f3n al SEM 2.0 es necesario estar inscrito en el\u00a0<a href=\"https:\/\/www.chileatiende.gob.cl\/fichas\/45043-inscripcion-en-el-registro-de-exportadores-de-la-comision-chilena-del-cobre\"><span lang=\"ES-CL\">registro de exportadores de Comisi\u00f3n Chilena del Cobre (COCHILCO)<\/span><\/a>.<\/p>\n<p style=\"text-align: justify;\">El tr\u00e1mite se puede realizar durante todo el a\u00f1o.<\/p>\n<h3>\u00bfA qui\u00e9n va dirigido?<\/h3>\n<p style=\"text-align: justify;\">Exportadores de cobre y sus subproductos\u00a0<a href=\"https:\/\/www.chileatiende.gob.cl\/fichas\/45043-inscripcion-en-el-registro-de-exportadores-de-la-comision-chilena-del-cobre\"><span lang=\"ES-CL\">inscritos en el registro de exportadores de COCHILCO<\/span><\/a>.<\/p>\n<h3 style=\"text-align: justify;\">Detalles<\/h3>\n<div style=\"text-align: justify;\">Luego de obtener el c\u00f3digo de contrato, otorgado por el sistema SEM, el exportador tendr\u00e1 la obligaci\u00f3n de ingresarlo en la documentaci\u00f3n de exportaci\u00f3n aduanera (DUS\/IVV) asociada a cada embarque, seg\u00fan lo establecido en la normativa del Servicio Nacional de Aduanas.<\/div>\n<div style=\"text-align: justify;\">\u00a0<\/div>\n<div style=\"text-align: justify;\">Para m\u00e1s detalles sobre el registro de contratos de exportaci\u00f3n de cobre\u200b y sus subproductos en el SEM 2.0, puede consultar la secci\u00f3n \u201cContratos\u201d en el Manual de Usuario.<\/div>\n<div>\u00a0<\/div>\n<h3 style=\"text-align: justify;\">\u00bfQu\u00e9 necesito para hacer el tr\u00e1mite?<\/h3>\n<p style=\"text-align: justify;\">Ninguno.<\/p>\n<h3 style=\"text-align: justify;\">\u00bfCu\u00e1l es el costo del tr\u00e1mite?<\/h3>\n<p style=\"text-align: justify;\">No tiene costo.<\/p>\n<h3 style=\"text-align: justify;\">\u00bfC\u00f3mo y d\u00f3nde hago el tr\u00e1mite?<\/h3>\n<p style=\"text-align: justify;\"><span lang=\"ES-CL\"><strong>En l\u00ednea<\/strong><\/span><\/p>\n<ol style=\"text-align: justify;\">\n<li>Haga clic en\u00a0<strong>ir al tr\u00e1mite<\/strong>.<\/li>\n<li>Escriba su nombre de usuario y contrase\u00f1a, y haga clic en\u00a0<strong>ingresar a SEM 2.0<\/strong>. Si no est\u00e1 registrado, deber\u00e1\u00a0<a href=\"https:\/\/www.chileatiende.gob.cl\/fichas\/45043-inscripcion-en-el-registro-de-exportadores-de-la-comision-chilena-del-cobre\"><span lang=\"ES-CL\">inscribirse en el registro de exportadores de COCHILCO<\/span><\/a>.<\/li>\n<li>Complete los datos requeridos en el m\u00f3dulo contrato, y haga clic en\u00a0<strong>grabar<\/strong>.<\/li>\n<li>Una vez grabado los datos, haga clic en\u00a0<strong>registrar<\/strong>. El sistema autom\u00e1ticamente le asignar\u00e1 un c\u00f3digo \u00fanico e intransferible para cada contrato registrado.<\/li>\n<li>Como resultado del tr\u00e1mite, habr\u00e1 realizado el registro y obtendr\u00e1 un certificado que acredita el ingreso de los t\u00e9rminos esenciales del contrato.<\/li>\n<\/ol>\n<p style=\"text-align: justify;\">Importante: si requiere m\u00e1s informaci\u00f3n, escriba a\u00a0<a href=\"mailto:correo.sem@cochilco.cl\">correo.sem@cochilco.cl<\/a>.<\/p>\n<h3 style=\"text-align: justify;\">Marco Legal<\/h3>\n<ul>\n<li style=\"text-align: justify;\"><a href=\"https:\/\/www.leychile.cl\/Navegar?idNorma=3428\"><span lang=\"ES-CL\">Ley org\u00e1nica D.L. N\u00b01.349\/76, art\u00edculo 2\u00b0, letra k)<\/span><\/a>.<\/li>\n<li style=\"text-align: justify;\"><a href=\"https:\/\/www.leychile.cl\/Navegar?idNorma=1067194\"><span lang=\"ES-CL\">Art\u00edculo 13 de la Ley N\u00ba20.780<\/span><\/a>\u00a0y el acuerdo aprobado por el consejo de COCHILCO en la sesi\u00f3n N\u00ba1, del 8 de enero de 2015, que otorga un plazo de 30 d\u00edas h\u00e1biles para realizar el ingreso de los t\u00e9rminos esenciales indicados en sus respectivos contratos de exportaci\u00f3n y sus modificaciones, a trav\u00e9s del Sistema de Exportaciones Mineras (SEM 2.0).<\/li>\n<\/ul>\n<a href=\"https:\/\/sem2.cochilco.cl\/#\/login\" target=\"_blank\" class=\"button primary\" rel=\"noopener\" >\n\t\t<span>IR AL TR\u00c1MITE<\/span>\n\t<\/a>\n\n\n<a href=\"https:\/\/app.cochilco.cl\/web\/tramites-disponibles\/\" class=\"button alert\" >\n\t\t<span>VOLVER AL LISTADO DE TR\u00c1MITES<\/span>\n\t<\/a>\n\n\n\n","protected":false},"excerpt":{"rendered":"","protected":false},"author":1,"featured_media":0,"parent":0,"menu_order":0,"comment_status":"closed","ping_status":"closed","template":"","meta":{"footnotes":""},"class_list":["post-8452","page","type-page","status-publish","hentry"],"_links":{"self":[{"href":"https:\/\/www.cochilco.cl\/web\/wp-json\/wp\/v2\/pages\/8452","targetHints":{"allow":["GET"]}}],"collection":[{"href":"https:\/\/www.cochilco.cl\/web\/wp-json\/wp\/v2\/pages"}],"about":[{"href":"https:\/\/www.cochilco.cl\/web\/wp-json\/wp\/v2\/types\/page"}],"author":[{"embeddable":true,"href":"https:\/\/www.cochilco.cl\/web\/wp-json\/wp\/v2\/users\/1"}],"replies":[{"embeddable":true,"href":"https:\/\/www.cochilco.cl\/web\/wp-json\/wp\/v2\/comments?post=8452"}],"version-history":[{"count":5,"href":"https:\/\/www.cochilco.cl\/web\/wp-json\/wp\/v2\/pages\/8452\/revisions"}],"predecessor-version":[{"id":9696,"href":"https:\/\/www.cochilco.cl\/web\/wp-json\/wp\/v2\/pages\/8452\/revisions\/9696"}],"wp:attachment":[{"href":"https:\/\/www.cochilco.cl\/web\/wp-json\/wp\/v2\/media?parent=8452"}],"curies":[{"name":"wp","href":"https:\/\/api.w.org\/{rel}","templated":true}]}}