{"id":8455,"date":"2023-08-03T19:16:41","date_gmt":"2023-08-03T19:16:41","guid":{"rendered":"http:\/\/srvscase:8092\/web\/?page_id=8455"},"modified":"2024-02-29T10:07:14","modified_gmt":"2024-02-29T13:07:14","slug":"revision-de-los-informes-de-variacion-del-valor-ivv-de-las-exportaciones-del-cobre-y-sus-subproductos","status":"publish","type":"page","link":"https:\/\/www.cochilco.cl\/web\/revision-de-los-informes-de-variacion-del-valor-ivv-de-las-exportaciones-del-cobre-y-sus-subproductos\/","title":{"rendered":"Revisi\u00f3n de los Informes de Variaci\u00f3n del Valor (IVV) de las exportaciones del cobre y sus subproductos"},"content":{"rendered":"\n<h1 style=\"text-align: justify;\">Revisi\u00f3n de los Informes de Variaci\u00f3n del Valor (IVV) de las exportaciones del cobre y sus subproductos<\/h1>\n<h3 style=\"text-align: justify;\">Descripci\u00f3n<\/h3>\n<div style=\"text-align: justify;\">Permite solicitar a la Comisi\u00f3n Chilena del Cobre (Cochilco) la revisi\u00f3n y verificaci\u00f3n de los Informes de Variaci\u00f3n del Valor (IVV), previamente presentados por los exportadores de cobre y sus subproductos en el Servicio Nacional de Aduanas o alternativamente ingresados en la plataforma Sistema Integrado de Comercio Exterior (SICEX\u200b).<\/div>\n<div style=\"text-align: justify;\">\u00a0<\/div>\n<div style=\"text-align: justify;\">Para m\u00e1s detalles sobre la revisi\u00f3n de los Informes de Variaci\u00f3n del Valor (IVV) de las exportaciones del cobre y sus subproductos, consulte la Secci\u00f3n \u201cIVV\u201d en el Manual de Usuario de SEM 2.0.<\/div>\n<div style=\"text-align: justify;\">\n<div>El tr\u00e1mite se puede realizar durante todo el a\u00f1o en el sitio web de Cochilco.<\/div>\n<div>\u00a0<\/div>\n<h3><span style=\"font-size: 100%;\">\u00bfA qui\u00e9n va dirigido?<\/span><\/h3>\n<\/div>\n<p style=\"text-align: justify;\">Exportadores de cobre y sus subproductos\u00a0<a href=\"https:\/\/www.chileatiende.gob.cl\/fichas\/45043-inscripcion-en-el-registro-de-exportadores-de-la-comision-chilena-del-cobre\"><span lang=\"ES-CL\">inscritos en el registro de exportadores de COCHILCO<\/span><\/a>.<\/p>\n<h3 style=\"text-align: justify;\">\u00bfQu\u00e9 necesito para hacer el tr\u00e1mite?<\/h3>\n<div style=\"text-align: justify;\">\n<ul>\n<li>Factura, nota de cr\u00e9dito o d\u00e9bito.<\/li>\n<li>An\u00e1lisis qu\u00edmico y de humedad, dependiendo del producto.<\/li>\n<li>Documento de embarque (bill of lading, carta de porte u otro).<\/li>\n<li>Otros antecedentes que incidan en el valor final de la exportaci\u00f3n.<\/li>\n<li>C\u00f3digo de Contrato Cochilco v\u00e1lido.<\/li>\n<li>Previo ingreso del IVV en el portal del Servicio Na\u200bcional de Aduanas o SICEX.<\/li>\n<\/ul>\n<\/div>\n<div style=\"text-align: justify;\">Importante: los documentos se deben adjuntar en formato PDF.<\/div>\n<div>\u00a0<\/div>\n<h3 style=\"text-align: justify;\">\u00bfCu\u00e1l es el costo del tr\u00e1mite?<\/h3>\n<p style=\"text-align: justify;\">No tiene costo.<\/p>\n<h3 style=\"text-align: justify;\">\u00bfC\u00f3mo y d\u00f3nde hago el tr\u00e1mite?<\/h3>\n<div style=\"text-align: justify;\">\u200b<strong style=\"color: #555555; font-size: 14.4px;\">En l\u00ednea\u200b<\/strong><\/div>\n<ol style=\"text-align: justify;\">\n<li>\n<div>Re\u00fana los antecedentes requeridos.<\/div>\n<\/li>\n<li>Haga clic en\u00a0<strong>ir al tr\u00e1mite<\/strong>.<\/li>\n<li>Ingrese su nombre de usuario y contrase\u00f1a, y haga clic en\u00a0<strong>acceder<\/strong>.<\/li>\n<li>Ingrese al m\u00f3dulo IVV, complete los antecedentes requeridos, y haga clic en\u00a0<strong>grabar y enviar formulario<\/strong>.<\/li>\n<li>Como resultado del tr\u00e1mite, habr\u00e1 solicitado la revisi\u00f3n del Informe de Variaci\u00f3n del Valor (IVV), cuya aceptaci\u00f3n o rechazo ser\u00e1 informado por el Servicio Nacional de Aduanas, informaci\u00f3n que tambi\u00e9n podr\u00e1 consultar en el SEM 2.0 de COCHILCO.<\/li>\n<\/ol>\n<p style=\"text-align: justify;\">Importante:<\/p>\n<div style=\"text-align: justify;\">Antes de solicitar la revisi\u00f3n a Cochilco, el Informe de Variaci\u00f3n del Valor (IVV) debe ser ingresado previamente en el portal del Servicio Nacional de Aduanas en el SICEX. Una vez registrado, tendr\u00e1 un plazo de tres d\u00edas h\u00e1biles para ingresar al SEM 2.0 de Cochilco.<\/div>\n<div style=\"text-align: justify;\">\u00a0<\/div>\n<div style=\"text-align: justify;\">Si requiere m\u00e1s informaci\u00f3n, escriba a correo.sem@cochilco.cl.\u200b<\/div>\n<div>\u00a0<\/div>\n<h3 style=\"text-align: justify;\">Marco Legal<\/h3>\n<ul>\n<li style=\"text-align: justify;\"><a href=\"https:\/\/www.leychile.cl\/Navegar?idNorma=3428\"><span lang=\"ES-CL\">Ley org\u00e1nica D.L. N\u00b01.349\/76, art\u00edculo 2\u00b0, letra k)<\/span><\/a>.<\/li>\n<li style=\"text-align: justify;\">Circular conjunta N\u00b01 dictada por el Servicio Nacional de Aduanas y por COCHILCO, 2001.<\/li>\n<li style=\"text-align: justify;\">Circular conjunta N\u00b02 dictada por el Servicio Nacional de Aduanas y por COCHILCO, 2002.<\/li>\n<li style=\"text-align: justify;\">Resoluci\u00f3n Exenta N\u00b030, 4 de mayo de 2017 &#8220;Complementa disposiciones relativas a las exportaciones de cobre y sus subproductos y ordena su notificaci\u00f3n&#8221;.<\/li>\n<\/ul>\n<a href=\"https:\/\/sem2.cochilco.cl\/#\/login\" target=\"_blank\" class=\"button primary\" rel=\"noopener\" >\n\t\t<span>IR AL TR\u00c1MITE<\/span>\n\t<\/a>\n\n\n<a href=\"https:\/\/app.cochilco.cl\/web\/tramites-disponibles\/\" class=\"button alert\" >\n\t\t<span>VOLVER AL LISTADO DE TR\u00c1MITES<\/span>\n\t<\/a>\n\n\n\n","protected":false},"excerpt":{"rendered":"","protected":false},"author":1,"featured_media":0,"parent":0,"menu_order":0,"comment_status":"closed","ping_status":"closed","template":"","meta":{"footnotes":""},"class_list":["post-8455","page","type-page","status-publish","hentry"],"_links":{"self":[{"href":"https:\/\/www.cochilco.cl\/web\/wp-json\/wp\/v2\/pages\/8455","targetHints":{"allow":["GET"]}}],"collection":[{"href":"https:\/\/www.cochilco.cl\/web\/wp-json\/wp\/v2\/pages"}],"about":[{"href":"https:\/\/www.cochilco.cl\/web\/wp-json\/wp\/v2\/types\/page"}],"author":[{"embeddable":true,"href":"https:\/\/www.cochilco.cl\/web\/wp-json\/wp\/v2\/users\/1"}],"replies":[{"embeddable":true,"href":"https:\/\/www.cochilco.cl\/web\/wp-json\/wp\/v2\/comments?post=8455"}],"version-history":[{"count":10,"href":"https:\/\/www.cochilco.cl\/web\/wp-json\/wp\/v2\/pages\/8455\/revisions"}],"predecessor-version":[{"id":9699,"href":"https:\/\/www.cochilco.cl\/web\/wp-json\/wp\/v2\/pages\/8455\/revisions\/9699"}],"wp:attachment":[{"href":"https:\/\/www.cochilco.cl\/web\/wp-json\/wp\/v2\/media?parent=8455"}],"curies":[{"name":"wp","href":"https:\/\/api.w.org\/{rel}","templated":true}]}}