{"id":9707,"date":"2024-02-29T10:23:42","date_gmt":"2024-02-29T13:23:42","guid":{"rendered":"https:\/\/app.cochilco.cl\/web\/?page_id=9707"},"modified":"2026-01-28T13:09:09","modified_gmt":"2026-01-28T16:09:09","slug":"consulta-ciudadana-2","status":"publish","type":"page","link":"https:\/\/www.cochilco.cl\/web\/consulta-ciudadana-2\/","title":{"rendered":"Consulta Ciudadana"},"content":{"rendered":"<p><strong>CONSULTA CIUDADANA 2025<\/strong><\/p>\n<p style=\"text-align: justify;\"><img loading=\"lazy\" decoding=\"async\" class=\"alignright wp-image-15165 size-thumbnail\" src=\"https:\/\/www.cochilco.cl\/web\/wp-content\/uploads\/2025\/12\/cc2025-280x95.png\" alt=\"\" width=\"280\" height=\"95\" srcset=\"https:\/\/www.cochilco.cl\/web\/wp-content\/uploads\/2025\/12\/cc2025-280x95.png 280w, https:\/\/www.cochilco.cl\/web\/wp-content\/uploads\/2025\/12\/cc2025.png 688w\" sizes=\"auto, (max-width: 280px) 100vw, 280px\" \/><\/p>\n<p>El 04 de diciembre de 2025, Cochilco inici\u00f3 el proceso de Consulta Ciudadana cuyo objetivo era conocer la percepci\u00f3n que la ciudadan\u00eda tiene respecto al rol de la Instituci\u00f3n.<\/p>\n<p>La Consulta, que estuvo disponible durante dos semanas, fue contestada por 80 personas, cantidad levemente superior a las respuestas obtenidas en la Consulta del a\u00f1o 2024.<\/p>\n<p>A continuaci\u00f3n, se presenta el informe con los resultados de la Consulta.<\/p>\n<p>Respuestas Consulta Ciudadana Descargar <strong style=\"font-size: 14.4px;\"><a href=\"https:\/\/www.cochilco.cl\/web\/download\/602\/varios\/15278\/informe_consulta_ciudadana-2025-2.pdf\" target=\"_blank\" rel=\"noopener\">AQU\u00cd<\/a><\/strong><\/p>\n<p>Minuta de Posici\u00f3n Institucional Descargar <strong style=\"font-size: 14.4px;\"><a href=\"https:\/\/www.cochilco.cl\/web\/wp-content\/uploads\/2026\/01\/Minuta-de-Posicion-Institucional-Consulta-Ciudadana.pdf\" target=\"_blank\" rel=\"noopener\">AQU\u00cd<\/a><\/strong><\/p>\n","protected":false},"excerpt":{"rendered":"<p>CONSULTA CIUDADANA 2025 El 04 de diciembre de 2025, Cochilco inici\u00f3 el proceso de Consulta Ciudadana cuyo objetivo era conocer la percepci\u00f3n que la ciudadan\u00eda tiene respecto al rol de la Instituci\u00f3n. La Consulta, que estuvo disponible durante dos semanas, fue contestada por 80 personas, cantidad levemente superior a las respuestas obtenidas en la Consulta[&#8230;]\n","protected":false},"author":1,"featured_media":0,"parent":0,"menu_order":0,"comment_status":"closed","ping_status":"closed","template":"","meta":{"footnotes":""},"class_list":["post-9707","page","type-page","status-publish","hentry"],"_links":{"self":[{"href":"https:\/\/www.cochilco.cl\/web\/wp-json\/wp\/v2\/pages\/9707","targetHints":{"allow":["GET"]}}],"collection":[{"href":"https:\/\/www.cochilco.cl\/web\/wp-json\/wp\/v2\/pages"}],"about":[{"href":"https:\/\/www.cochilco.cl\/web\/wp-json\/wp\/v2\/types\/page"}],"author":[{"embeddable":true,"href":"https:\/\/www.cochilco.cl\/web\/wp-json\/wp\/v2\/users\/1"}],"replies":[{"embeddable":true,"href":"https:\/\/www.cochilco.cl\/web\/wp-json\/wp\/v2\/comments?post=9707"}],"version-history":[{"count":28,"href":"https:\/\/www.cochilco.cl\/web\/wp-json\/wp\/v2\/pages\/9707\/revisions"}],"predecessor-version":[{"id":15355,"href":"https:\/\/www.cochilco.cl\/web\/wp-json\/wp\/v2\/pages\/9707\/revisions\/15355"}],"wp:attachment":[{"href":"https:\/\/www.cochilco.cl\/web\/wp-json\/wp\/v2\/media?parent=9707"}],"curies":[{"name":"wp","href":"https:\/\/api.w.org\/{rel}","templated":true}]}}